{"id":10317,"date":"2021-05-16T18:25:56","date_gmt":"2021-05-16T18:25:56","guid":{"rendered":"https:\/\/www.fernandovicente.es\/?post_type=product&#038;p=10317"},"modified":"2025-03-02T14:49:46","modified_gmt":"2025-03-02T12:49:46","slug":"palacio-de-cristal-literario","status":"publish","type":"product","link":"https:\/\/www.fernandovicente.es\/en\/shop-online-prints-books-original-cards-postcards-calendars-fernando-vicente\/palacio-de-cristal-literario\/","title":{"rendered":"Palacio de Cristal literario"},"content":{"rendered":"<h1>Palacio de Cristal literario<\/h1>\n<p>El Palacio de Cristal como enclave de un encuentro literario ficticio. Es la carpeta de LIBROS A LA CALLE la campa\u00f1a de promoci\u00f3n de la lectura m\u00e1s querida por los viajeros. Descubrela en la red de transporte p\u00fablico de Madrid.<\/p>\n<p>Ahora ilustrado por <a href=\"https:\/\/www.instagram.com\/fvicente_illust\/?hl=es\">Fernando Vicente<\/a> para la Campa\u00f1a de Libros a la calle 2021.<\/p>\n<figure id=\"attachment_10328\" aria-describedby=\"caption-attachment-10328\" style=\"width: 1244px\" class=\"wp-caption alignnone\"><a href=\"https:\/\/www.fernandovicente.es\/wp-content\/uploads\/2021\/05\/Palacio-Cristal-Fernando-Vicente-web.jpg\"><img loading=\"lazy\" decoding=\"async\" class=\"size-full wp-image-10328\" src=\"https:\/\/www.fernandovicente.es\/wp-content\/uploads\/2021\/05\/Palacio-Cristal-Fernando-Vicente-web.jpg\" alt=\"Palacio Cristal Fernando Vicente web\" width=\"1244\" height=\"900\" srcset=\"https:\/\/www.fernandovicente.es\/wp-content\/uploads\/2021\/05\/Palacio-Cristal-Fernando-Vicente-web.jpg 1244w, https:\/\/www.fernandovicente.es\/wp-content\/uploads\/2021\/05\/Palacio-Cristal-Fernando-Vicente-web-600x434.jpg 600w, https:\/\/www.fernandovicente.es\/wp-content\/uploads\/2021\/05\/Palacio-Cristal-Fernando-Vicente-web-300x217.jpg 300w, https:\/\/www.fernandovicente.es\/wp-content\/uploads\/2021\/05\/Palacio-Cristal-Fernando-Vicente-web-768x556.jpg 768w, https:\/\/www.fernandovicente.es\/wp-content\/uploads\/2021\/05\/Palacio-Cristal-Fernando-Vicente-web-1024x741.jpg 1024w, https:\/\/www.fernandovicente.es\/wp-content\/uploads\/2021\/05\/Palacio-Cristal-Fernando-Vicente-web-430x311.jpg 430w, https:\/\/www.fernandovicente.es\/wp-content\/uploads\/2021\/05\/Palacio-Cristal-Fernando-Vicente-web-860x622.jpg 860w\" sizes=\"auto, (max-width: 1244px) 100vw, 1244px\" \/><\/a><figcaption id=\"caption-attachment-10328\" class=\"wp-caption-text\">Palacio Cristal Fernando Vicente web<\/figcaption><\/figure>\n","protected":false},"excerpt":{"rendered":"<p>Palacio de Cristal literario El Palacio de Cristal como enclave de un encuentro literario ficticio. Es la carpeta de LIBROS A LA CALLE la campa\u00f1a&hellip;<\/p>\n","protected":false},"featured_media":10329,"template":"","meta":[],"product_cat":[1292,4045,456,1807,1943],"product_tag":[3140,3176,2624,3177,3141,3142,2515,3178,3143],"class_list":{"0":"post-10317","1":"product","2":"type-product","3":"status-publish","4":"has-post-thumbnail","6":"product_cat-big-prints-giglee-en","7":"product_cat-maps-and-places-of-madrid-en","8":"product_cat-prints-en","9":"product_cat-prints-giclee-30x40-en","10":"product_cat-small-prints-giclee-en","11":"product_tag-calder-en","12":"product_tag-el-retiro-en","13":"product_tag-eme21-en","14":"product_tag-encuentro-literario-en","15":"product_tag-miro-en","16":"product_tag-museo-reina-sofia-en","17":"product_tag-museo-thyssen-bornemisza-en","18":"product_tag-palacio-de-cristal-en","19":"product_tag-picasso-en","20":"product_shipping_class-libros-impresiones-barajas-postales-originales-en","21":"pa_color-palacio-de-cristal-en","22":"pa_tamano-245x33","23":"pa_tamano-30-x-40-cm","24":"pa_tamano-42-x-594-cm","25":"fb_product_set-tienda-online-woo","27":"first","28":"instock","29":"shipping-taxable","30":"purchasable","31":"product-type-variable","32":"wvs-archive-product-wrapper"},"yoast_head":"<!-- This site is optimized with the Yoast SEO plugin v26.9 - https:\/\/yoast.com\/product\/yoast-seo-wordpress\/ -->\n<title>Palacio de Cristal literario - Fernando Vicente ilustrado Fernando Vicente<\/title>\n<meta name=\"description\" content=\"El Palacio de Cristal como enclave de un encuentro literario ficticio es la carpeta de LIBROS A LA CALLE para la campa\u00f1a de promoci\u00f3n de la lectura\" \/>\n<meta name=\"robots\" content=\"index, follow, max-snippet:-1, max-image-preview:large, max-video-preview:-1\" \/>\n<link rel=\"canonical\" href=\"https:\/\/www.fernandovicente.es\/en\/shop-online-prints-books-original-cards-postcards-calendars-fernando-vicente\/palacio-de-cristal-literario\/\" \/>\n<meta property=\"og:locale\" content=\"en_US\" \/>\n<meta property=\"og:type\" content=\"article\" \/>\n<meta property=\"og:title\" content=\"Palacio de Cristal literario - Fernando Vicente ilustrado Fernando Vicente\" \/>\n<meta property=\"og:description\" content=\"El Palacio de Cristal como enclave de un encuentro literario ficticio es la carpeta de LIBROS A LA CALLE para la campa\u00f1a de promoci\u00f3n de la lectura\" \/>\n<meta property=\"og:url\" content=\"https:\/\/www.fernandovicente.es\/en\/shop-online-prints-books-original-cards-postcards-calendars-fernando-vicente\/palacio-de-cristal-literario\/\" \/>\n<meta property=\"og:site_name\" content=\"Fernando Vicente\" \/>\n<meta property=\"article:publisher\" content=\"https:\/\/www.facebook.com\/FernandoVicenteIllustrator\/\" \/>\n<meta property=\"article:modified_time\" content=\"2025-03-02T12:49:46+00:00\" \/>\n<meta property=\"og:image\" content=\"https:\/\/www.fernandovicente.es\/wp-content\/uploads\/2021\/05\/Palacio-Cristal-Fernando-Vicente-web.jpg\" \/>\n\t<meta property=\"og:image:width\" content=\"1244\" \/>\n\t<meta property=\"og:image:height\" content=\"900\" \/>\n\t<meta property=\"og:image:type\" content=\"image\/jpeg\" \/>\n<meta name=\"twitter:card\" content=\"summary_large_image\" \/>\n<meta name=\"twitter:site\" content=\"@fvicente_illust\" \/>\n<script type=\"application\/ld+json\" class=\"yoast-schema-graph\">{\"@context\":\"https:\/\/schema.org\",\"@graph\":[{\"@type\":\"WebPage\",\"@id\":\"https:\/\/www.fernandovicente.es\/en\/shop-online-prints-books-original-cards-postcards-calendars-fernando-vicente\/palacio-de-cristal-literario\/\",\"url\":\"https:\/\/www.fernandovicente.es\/en\/shop-online-prints-books-original-cards-postcards-calendars-fernando-vicente\/palacio-de-cristal-literario\/\",\"name\":\"Palacio de Cristal literario - Fernando Vicente ilustrado Fernando Vicente\",\"isPartOf\":{\"@id\":\"https:\/\/www.fernandovicente.es\/en\/#website\"},\"primaryImageOfPage\":{\"@id\":\"https:\/\/www.fernandovicente.es\/en\/shop-online-prints-books-original-cards-postcards-calendars-fernando-vicente\/palacio-de-cristal-literario\/#primaryimage\"},\"image\":{\"@id\":\"https:\/\/www.fernandovicente.es\/en\/shop-online-prints-books-original-cards-postcards-calendars-fernando-vicente\/palacio-de-cristal-literario\/#primaryimage\"},\"thumbnailUrl\":\"https:\/\/www.fernandovicente.es\/wp-content\/uploads\/2021\/05\/Palacio-Cristal-Fernando-Vicente-web.jpg\",\"datePublished\":\"2021-05-16T18:25:56+00:00\",\"dateModified\":\"2025-03-02T12:49:46+00:00\",\"description\":\"El Palacio de Cristal como enclave de un encuentro literario ficticio es la carpeta de LIBROS A LA CALLE para la campa\u00f1a de promoci\u00f3n de la lectura\",\"breadcrumb\":{\"@id\":\"https:\/\/www.fernandovicente.es\/en\/shop-online-prints-books-original-cards-postcards-calendars-fernando-vicente\/palacio-de-cristal-literario\/#breadcrumb\"},\"inLanguage\":\"en-US\",\"potentialAction\":[{\"@type\":\"ReadAction\",\"target\":[\"https:\/\/www.fernandovicente.es\/en\/shop-online-prints-books-original-cards-postcards-calendars-fernando-vicente\/palacio-de-cristal-literario\/\"]}]},{\"@type\":\"ImageObject\",\"inLanguage\":\"en-US\",\"@id\":\"https:\/\/www.fernandovicente.es\/en\/shop-online-prints-books-original-cards-postcards-calendars-fernando-vicente\/palacio-de-cristal-literario\/#primaryimage\",\"url\":\"https:\/\/www.fernandovicente.es\/wp-content\/uploads\/2021\/05\/Palacio-Cristal-Fernando-Vicente-web.jpg\",\"contentUrl\":\"https:\/\/www.fernandovicente.es\/wp-content\/uploads\/2021\/05\/Palacio-Cristal-Fernando-Vicente-web.jpg\",\"width\":1244,\"height\":900,\"caption\":\"Palacio Cristal Fernando Vicente web\"},{\"@type\":\"BreadcrumbList\",\"@id\":\"https:\/\/www.fernandovicente.es\/en\/shop-online-prints-books-original-cards-postcards-calendars-fernando-vicente\/palacio-de-cristal-literario\/#breadcrumb\",\"itemListElement\":[{\"@type\":\"ListItem\",\"position\":1,\"name\":\"Portada\",\"item\":\"https:\/\/www.fernandovicente.es\/en\/\"},{\"@type\":\"ListItem\",\"position\":2,\"name\":\"Shop Online\",\"item\":\"https:\/\/www.fernandovicente.es\/en\/shop-online-prints-books-original-cards-postcards-calendars-fernando-vicente\/\"},{\"@type\":\"ListItem\",\"position\":3,\"name\":\"Palacio de Cristal literario\"}]},{\"@type\":\"WebSite\",\"@id\":\"https:\/\/www.fernandovicente.es\/en\/#website\",\"url\":\"https:\/\/www.fernandovicente.es\/en\/\",\"name\":\"Fernando Vicente\",\"description\":\"Ilustraci\u00f3n\",\"publisher\":{\"@id\":\"https:\/\/www.fernandovicente.es\/en\/#\/schema\/person\/d49677cb48f2ea656b28261dd8f75d7f\"},\"potentialAction\":[{\"@type\":\"SearchAction\",\"target\":{\"@type\":\"EntryPoint\",\"urlTemplate\":\"https:\/\/www.fernandovicente.es\/en\/?s={search_term_string}\"},\"query-input\":{\"@type\":\"PropertyValueSpecification\",\"valueRequired\":true,\"valueName\":\"search_term_string\"}}],\"inLanguage\":\"en-US\"},{\"@type\":[\"Person\",\"Organization\"],\"@id\":\"https:\/\/www.fernandovicente.es\/en\/#\/schema\/person\/d49677cb48f2ea656b28261dd8f75d7f\",\"name\":\"Fernando Vicente\",\"image\":{\"@type\":\"ImageObject\",\"inLanguage\":\"en-US\",\"@id\":\"https:\/\/www.fernandovicente.es\/en\/#\/schema\/person\/image\/\",\"url\":\"https:\/\/www.fernandovicente.es\/wp-content\/uploads\/2014\/11\/fernando-vicente-Foto-e1419619123418.jpg\",\"contentUrl\":\"https:\/\/www.fernandovicente.es\/wp-content\/uploads\/2014\/11\/fernando-vicente-Foto-e1419619123418.jpg\",\"width\":300,\"height\":300,\"caption\":\"Fernando Vicente\"},\"logo\":{\"@id\":\"https:\/\/www.fernandovicente.es\/en\/#\/schema\/person\/image\/\"},\"description\":\"Fernando Vicente - Painter &amp; illustrator\",\"sameAs\":[\"http:\/\/www.fernandovicente.es\",\"https:\/\/www.facebook.com\/FernandoVicenteIllustrator\/\",\"https:\/\/www.instagram.com\/fvicente_illust\/\",\"https:\/\/www.linkedin.com\/in\/fernando-vicente-97595012\",\"https:\/\/www.pinterest.es\/FVicente_illust\/\",\"https:\/\/x.com\/https:\/\/twitter.com\/fvicente_illust\"]}]}<\/script>\n<!-- \/ Yoast SEO plugin. -->","yoast_head_json":{"title":"Palacio de Cristal literario - Fernando Vicente ilustrado Fernando Vicente","description":"El Palacio de Cristal como enclave de un encuentro literario ficticio es la carpeta de LIBROS A LA CALLE para la campa\u00f1a de promoci\u00f3n de la lectura","robots":{"index":"index","follow":"follow","max-snippet":"max-snippet:-1","max-image-preview":"max-image-preview:large","max-video-preview":"max-video-preview:-1"},"canonical":"https:\/\/www.fernandovicente.es\/en\/shop-online-prints-books-original-cards-postcards-calendars-fernando-vicente\/palacio-de-cristal-literario\/","og_locale":"en_US","og_type":"article","og_title":"Palacio de Cristal literario - Fernando Vicente ilustrado Fernando Vicente","og_description":"El Palacio de Cristal como enclave de un encuentro literario ficticio es la carpeta de LIBROS A LA CALLE para la campa\u00f1a de promoci\u00f3n de la lectura","og_url":"https:\/\/www.fernandovicente.es\/en\/shop-online-prints-books-original-cards-postcards-calendars-fernando-vicente\/palacio-de-cristal-literario\/","og_site_name":"Fernando Vicente","article_publisher":"https:\/\/www.facebook.com\/FernandoVicenteIllustrator\/","article_modified_time":"2025-03-02T12:49:46+00:00","og_image":[{"width":1244,"height":900,"url":"https:\/\/www.fernandovicente.es\/wp-content\/uploads\/2021\/05\/Palacio-Cristal-Fernando-Vicente-web.jpg","type":"image\/jpeg"}],"twitter_card":"summary_large_image","twitter_site":"@fvicente_illust","schema":{"@context":"https:\/\/schema.org","@graph":[{"@type":"WebPage","@id":"https:\/\/www.fernandovicente.es\/en\/shop-online-prints-books-original-cards-postcards-calendars-fernando-vicente\/palacio-de-cristal-literario\/","url":"https:\/\/www.fernandovicente.es\/en\/shop-online-prints-books-original-cards-postcards-calendars-fernando-vicente\/palacio-de-cristal-literario\/","name":"Palacio de Cristal literario - Fernando Vicente ilustrado Fernando Vicente","isPartOf":{"@id":"https:\/\/www.fernandovicente.es\/en\/#website"},"primaryImageOfPage":{"@id":"https:\/\/www.fernandovicente.es\/en\/shop-online-prints-books-original-cards-postcards-calendars-fernando-vicente\/palacio-de-cristal-literario\/#primaryimage"},"image":{"@id":"https:\/\/www.fernandovicente.es\/en\/shop-online-prints-books-original-cards-postcards-calendars-fernando-vicente\/palacio-de-cristal-literario\/#primaryimage"},"thumbnailUrl":"https:\/\/www.fernandovicente.es\/wp-content\/uploads\/2021\/05\/Palacio-Cristal-Fernando-Vicente-web.jpg","datePublished":"2021-05-16T18:25:56+00:00","dateModified":"2025-03-02T12:49:46+00:00","description":"El Palacio de Cristal como enclave de un encuentro literario ficticio es la carpeta de LIBROS A LA CALLE para la campa\u00f1a de promoci\u00f3n de la lectura","breadcrumb":{"@id":"https:\/\/www.fernandovicente.es\/en\/shop-online-prints-books-original-cards-postcards-calendars-fernando-vicente\/palacio-de-cristal-literario\/#breadcrumb"},"inLanguage":"en-US","potentialAction":[{"@type":"ReadAction","target":["https:\/\/www.fernandovicente.es\/en\/shop-online-prints-books-original-cards-postcards-calendars-fernando-vicente\/palacio-de-cristal-literario\/"]}]},{"@type":"ImageObject","inLanguage":"en-US","@id":"https:\/\/www.fernandovicente.es\/en\/shop-online-prints-books-original-cards-postcards-calendars-fernando-vicente\/palacio-de-cristal-literario\/#primaryimage","url":"https:\/\/www.fernandovicente.es\/wp-content\/uploads\/2021\/05\/Palacio-Cristal-Fernando-Vicente-web.jpg","contentUrl":"https:\/\/www.fernandovicente.es\/wp-content\/uploads\/2021\/05\/Palacio-Cristal-Fernando-Vicente-web.jpg","width":1244,"height":900,"caption":"Palacio Cristal Fernando Vicente web"},{"@type":"BreadcrumbList","@id":"https:\/\/www.fernandovicente.es\/en\/shop-online-prints-books-original-cards-postcards-calendars-fernando-vicente\/palacio-de-cristal-literario\/#breadcrumb","itemListElement":[{"@type":"ListItem","position":1,"name":"Portada","item":"https:\/\/www.fernandovicente.es\/en\/"},{"@type":"ListItem","position":2,"name":"Shop Online","item":"https:\/\/www.fernandovicente.es\/en\/shop-online-prints-books-original-cards-postcards-calendars-fernando-vicente\/"},{"@type":"ListItem","position":3,"name":"Palacio de Cristal literario"}]},{"@type":"WebSite","@id":"https:\/\/www.fernandovicente.es\/en\/#website","url":"https:\/\/www.fernandovicente.es\/en\/","name":"Fernando Vicente","description":"Ilustraci\u00f3n","publisher":{"@id":"https:\/\/www.fernandovicente.es\/en\/#\/schema\/person\/d49677cb48f2ea656b28261dd8f75d7f"},"potentialAction":[{"@type":"SearchAction","target":{"@type":"EntryPoint","urlTemplate":"https:\/\/www.fernandovicente.es\/en\/?s={search_term_string}"},"query-input":{"@type":"PropertyValueSpecification","valueRequired":true,"valueName":"search_term_string"}}],"inLanguage":"en-US"},{"@type":["Person","Organization"],"@id":"https:\/\/www.fernandovicente.es\/en\/#\/schema\/person\/d49677cb48f2ea656b28261dd8f75d7f","name":"Fernando Vicente","image":{"@type":"ImageObject","inLanguage":"en-US","@id":"https:\/\/www.fernandovicente.es\/en\/#\/schema\/person\/image\/","url":"https:\/\/www.fernandovicente.es\/wp-content\/uploads\/2014\/11\/fernando-vicente-Foto-e1419619123418.jpg","contentUrl":"https:\/\/www.fernandovicente.es\/wp-content\/uploads\/2014\/11\/fernando-vicente-Foto-e1419619123418.jpg","width":300,"height":300,"caption":"Fernando Vicente"},"logo":{"@id":"https:\/\/www.fernandovicente.es\/en\/#\/schema\/person\/image\/"},"description":"Fernando Vicente - Painter &amp; illustrator","sameAs":["http:\/\/www.fernandovicente.es","https:\/\/www.facebook.com\/FernandoVicenteIllustrator\/","https:\/\/www.instagram.com\/fvicente_illust\/","https:\/\/www.linkedin.com\/in\/fernando-vicente-97595012","https:\/\/www.pinterest.es\/FVicente_illust\/","https:\/\/x.com\/https:\/\/twitter.com\/fvicente_illust"]}]}},"_links":{"self":[{"href":"https:\/\/www.fernandovicente.es\/en\/wp-json\/wp\/v2\/product\/10317","targetHints":{"allow":["GET"]}}],"collection":[{"href":"https:\/\/www.fernandovicente.es\/en\/wp-json\/wp\/v2\/product"}],"about":[{"href":"https:\/\/www.fernandovicente.es\/en\/wp-json\/wp\/v2\/types\/product"}],"wp:featuredmedia":[{"embeddable":true,"href":"https:\/\/www.fernandovicente.es\/en\/wp-json\/wp\/v2\/media\/10329"}],"wp:attachment":[{"href":"https:\/\/www.fernandovicente.es\/en\/wp-json\/wp\/v2\/media?parent=10317"}],"wp:term":[{"taxonomy":"product_cat","embeddable":true,"href":"https:\/\/www.fernandovicente.es\/en\/wp-json\/wp\/v2\/product_cat?post=10317"},{"taxonomy":"product_tag","embeddable":true,"href":"https:\/\/www.fernandovicente.es\/en\/wp-json\/wp\/v2\/product_tag?post=10317"}],"curies":[{"name":"wp","href":"https:\/\/api.w.org\/{rel}","templated":true}]}}