{"id":10827,"date":"2021-05-24T18:25:29","date_gmt":"2021-05-24T16:25:29","guid":{"rendered":"https:\/\/www.fernandovicente.es\/?post_type=product&#038;p=10827"},"modified":"2024-10-02T15:30:13","modified_gmt":"2024-10-02T13:30:13","slug":"gentleman-dibujos-originales","status":"publish","type":"product","link":"https:\/\/www.fernandovicente.es\/en\/shop-online-prints-books-original-cards-postcards-calendars-fernando-vicente\/gentleman-dibujos-originales\/","title":{"rendered":"Gentleman Dibujos Originales"},"content":{"rendered":"<h1>Gentleman Dibujos Originales<\/h1>\n<p>Dibujos Originales de moda de Fernando Vicente. Dibujos realizados mayoritariamente para ilustrar art\u00edculos de moda y tendencias en la revista Gentleman Espa\u00f1a. Tambien puedes encontrar dibujos de moda para otras revistas como el suplemento dominical de El Pa\u00eds. Y algunos otros se ha realizado para mostrar colecciones de dise\u00f1adores de prestigio internacional reconocido como Cifonnelli.<\/p>\n<p>Todos los dibujos estan realizados a lo largo de varias decadas en acr\u00edlico sobre papel de algod\u00f3n. Todos los dibujos originales van firmados. Los marcos no estan incluidos en los precios de los dibujos.<\/p>\n<figure id=\"attachment_10856\" aria-describedby=\"caption-attachment-10856\" style=\"width: 2560px\" class=\"wp-caption alignnone\"><img loading=\"lazy\" decoding=\"async\" class=\"size-full wp-image-10856\" src=\"https:\/\/www.fernandovicente.es\/wp-content\/uploads\/2021\/08\/Gentleman-Dibujos-originales-de-moda-Fernando-Vicente-web--scaled.jpg\" alt=\"Gentleman Dibujos originales de moda Fernando Vicente\" width=\"2560\" height=\"1195\" srcset=\"https:\/\/www.fernandovicente.es\/wp-content\/uploads\/2021\/08\/Gentleman-Dibujos-originales-de-moda-Fernando-Vicente-web--scaled.jpg 2560w, https:\/\/www.fernandovicente.es\/wp-content\/uploads\/2021\/08\/Gentleman-Dibujos-originales-de-moda-Fernando-Vicente-web--scaled-600x280.jpg 600w, https:\/\/www.fernandovicente.es\/wp-content\/uploads\/2021\/08\/Gentleman-Dibujos-originales-de-moda-Fernando-Vicente-web--300x140.jpg 300w, https:\/\/www.fernandovicente.es\/wp-content\/uploads\/2021\/08\/Gentleman-Dibujos-originales-de-moda-Fernando-Vicente-web--1024x478.jpg 1024w, https:\/\/www.fernandovicente.es\/wp-content\/uploads\/2021\/08\/Gentleman-Dibujos-originales-de-moda-Fernando-Vicente-web--768x359.jpg 768w, https:\/\/www.fernandovicente.es\/wp-content\/uploads\/2021\/08\/Gentleman-Dibujos-originales-de-moda-Fernando-Vicente-web--1536x717.jpg 1536w, https:\/\/www.fernandovicente.es\/wp-content\/uploads\/2021\/08\/Gentleman-Dibujos-originales-de-moda-Fernando-Vicente-web--2048x956.jpg 2048w, https:\/\/www.fernandovicente.es\/wp-content\/uploads\/2021\/08\/Gentleman-Dibujos-originales-de-moda-Fernando-Vicente-web--430x201.jpg 430w, https:\/\/www.fernandovicente.es\/wp-content\/uploads\/2021\/08\/Gentleman-Dibujos-originales-de-moda-Fernando-Vicente-web--860x402.jpg 860w\" sizes=\"auto, (max-width: 2560px) 100vw, 2560px\" \/><figcaption id=\"caption-attachment-10856\" class=\"wp-caption-text\">Gentleman Dibujos originales de moda Fernando Vicente<\/figcaption><\/figure>\n<p>Ver mas <a href=\"https:\/\/www.fernandovicente.es\/ilustracion\/moda\/\">Ilustraciones de moda<\/a> y en el <a href=\"https:\/\/fernandovicentefashion.blogspot.com\/\">blog fernandovicentefashion<\/a><\/p>\n<p>&nbsp;<\/p>\n","protected":false},"excerpt":{"rendered":"<p>Gentleman Dibujos Originales Dibujos Originales de moda de Fernando Vicente. Dibujos realizados mayoritariamente para ilustrar art\u00edculos de moda y tendencias en la revista Gentleman Espa\u00f1a.&hellip;<\/p>\n","protected":false},"featured_media":10887,"template":"","meta":[],"product_cat":[433],"product_tag":[197,3319,3328,2625,3329,148,3330],"class_list":{"0":"post-10827","1":"product","2":"type-product","3":"status-publish","4":"has-post-thumbnail","6":"product_cat-original-en","7":"product_tag-fashion-en","8":"product_tag-fashion-en-2","9":"product_tag-fashionmen-en","10":"product_tag-fernando-vicente-en","11":"product_tag-gentleman-en","12":"product_tag-originales-en","13":"product_tag-style-en","14":"product_shipping_class-impresiones-gran-formato-en-2","15":"pa_color-gentleman-1-en","16":"pa_color-gentleman-10-en","17":"pa_color-gentleman-11-en","18":"pa_color-gentleman-12-en","19":"pa_color-gentleman-13-en","20":"pa_color-gentleman-14-en","21":"pa_color-gentleman-15-en","22":"pa_color-gentleman-2-en","23":"pa_color-gentleman-3-en","24":"pa_color-gentleman-4-en","25":"pa_color-gentleman-5-en","26":"pa_color-gentleman-6-en","27":"pa_color-gentleman-7-en","28":"pa_color-gentleman-8-en","29":"pa_color-gentleman-9-en","30":"pa_tamano-50x35cm-en","31":"fb_product_set-tienda-online-woo","33":"first","34":"instock","35":"shipping-taxable","36":"purchasable","37":"product-type-variable","38":"has-default-attributes","39":"wvs-archive-product-wrapper"},"yoast_head":"<!-- This site is optimized with the Yoast SEO plugin v26.9 - https:\/\/yoast.com\/product\/yoast-seo-wordpress\/ -->\n<title>Gentleman Dibujos Originales de Fernando Vicente<\/title>\n<meta name=\"description\" content=\"Gentleman Dibujos Originales de Fernando Vicente. Dibujos de moda realizados en acrilico sobre papel de algodon a lo largo de varias decadas.\" \/>\n<meta name=\"robots\" content=\"index, follow, max-snippet:-1, max-image-preview:large, max-video-preview:-1\" \/>\n<link rel=\"canonical\" href=\"https:\/\/www.fernandovicente.es\/en\/shop-online-prints-books-original-cards-postcards-calendars-fernando-vicente\/gentleman-dibujos-originales\/\" \/>\n<meta property=\"og:locale\" content=\"en_US\" \/>\n<meta property=\"og:type\" content=\"article\" \/>\n<meta property=\"og:title\" content=\"Gentleman Dibujos Originales de Fernando Vicente\" \/>\n<meta property=\"og:description\" content=\"Gentleman Dibujos Originales de Fernando Vicente. Dibujos de moda realizados en acrilico sobre papel de algodon a lo largo de varias decadas.\" \/>\n<meta property=\"og:url\" content=\"https:\/\/www.fernandovicente.es\/en\/shop-online-prints-books-original-cards-postcards-calendars-fernando-vicente\/gentleman-dibujos-originales\/\" \/>\n<meta property=\"og:site_name\" content=\"Fernando Vicente\" \/>\n<meta property=\"article:publisher\" content=\"https:\/\/www.facebook.com\/FernandoVicenteIllustrator\/\" \/>\n<meta property=\"article:modified_time\" content=\"2024-10-02T13:30:13+00:00\" \/>\n<meta property=\"og:image\" content=\"https:\/\/www.fernandovicente.es\/wp-content\/uploads\/2021\/08\/Gentleman-8-Cabezas-cubiertas.jpg\" \/>\n\t<meta property=\"og:image:width\" content=\"698\" \/>\n\t<meta property=\"og:image:height\" content=\"900\" \/>\n\t<meta property=\"og:image:type\" content=\"image\/jpeg\" \/>\n<meta name=\"twitter:card\" content=\"summary_large_image\" \/>\n<meta name=\"twitter:site\" content=\"@fvicente_illust\" \/>\n<meta name=\"twitter:label1\" content=\"Est. reading time\" \/>\n\t<meta name=\"twitter:data1\" content=\"1 minute\" \/>\n<script type=\"application\/ld+json\" class=\"yoast-schema-graph\">{\"@context\":\"https:\/\/schema.org\",\"@graph\":[{\"@type\":\"WebPage\",\"@id\":\"https:\/\/www.fernandovicente.es\/en\/shop-online-prints-books-original-cards-postcards-calendars-fernando-vicente\/gentleman-dibujos-originales\/\",\"url\":\"https:\/\/www.fernandovicente.es\/en\/shop-online-prints-books-original-cards-postcards-calendars-fernando-vicente\/gentleman-dibujos-originales\/\",\"name\":\"Gentleman Dibujos Originales de Fernando Vicente\",\"isPartOf\":{\"@id\":\"https:\/\/www.fernandovicente.es\/en\/#website\"},\"primaryImageOfPage\":{\"@id\":\"https:\/\/www.fernandovicente.es\/en\/shop-online-prints-books-original-cards-postcards-calendars-fernando-vicente\/gentleman-dibujos-originales\/#primaryimage\"},\"image\":{\"@id\":\"https:\/\/www.fernandovicente.es\/en\/shop-online-prints-books-original-cards-postcards-calendars-fernando-vicente\/gentleman-dibujos-originales\/#primaryimage\"},\"thumbnailUrl\":\"https:\/\/www.fernandovicente.es\/wp-content\/uploads\/2021\/08\/Gentleman-8-Cabezas-cubiertas.jpg\",\"datePublished\":\"2021-05-24T16:25:29+00:00\",\"dateModified\":\"2024-10-02T13:30:13+00:00\",\"description\":\"Gentleman Dibujos Originales de Fernando Vicente. Dibujos de moda realizados en acrilico sobre papel de algodon a lo largo de varias decadas.\",\"breadcrumb\":{\"@id\":\"https:\/\/www.fernandovicente.es\/en\/shop-online-prints-books-original-cards-postcards-calendars-fernando-vicente\/gentleman-dibujos-originales\/#breadcrumb\"},\"inLanguage\":\"en-US\",\"potentialAction\":[{\"@type\":\"ReadAction\",\"target\":[\"https:\/\/www.fernandovicente.es\/en\/shop-online-prints-books-original-cards-postcards-calendars-fernando-vicente\/gentleman-dibujos-originales\/\"]}]},{\"@type\":\"ImageObject\",\"inLanguage\":\"en-US\",\"@id\":\"https:\/\/www.fernandovicente.es\/en\/shop-online-prints-books-original-cards-postcards-calendars-fernando-vicente\/gentleman-dibujos-originales\/#primaryimage\",\"url\":\"https:\/\/www.fernandovicente.es\/wp-content\/uploads\/2021\/08\/Gentleman-8-Cabezas-cubiertas.jpg\",\"contentUrl\":\"https:\/\/www.fernandovicente.es\/wp-content\/uploads\/2021\/08\/Gentleman-8-Cabezas-cubiertas.jpg\",\"width\":698,\"height\":900,\"caption\":\"Gentleman Dibujos Originales\"},{\"@type\":\"BreadcrumbList\",\"@id\":\"https:\/\/www.fernandovicente.es\/en\/shop-online-prints-books-original-cards-postcards-calendars-fernando-vicente\/gentleman-dibujos-originales\/#breadcrumb\",\"itemListElement\":[{\"@type\":\"ListItem\",\"position\":1,\"name\":\"Portada\",\"item\":\"https:\/\/www.fernandovicente.es\/en\/\"},{\"@type\":\"ListItem\",\"position\":2,\"name\":\"Shop Online\",\"item\":\"https:\/\/www.fernandovicente.es\/en\/shop-online-prints-books-original-cards-postcards-calendars-fernando-vicente\/\"},{\"@type\":\"ListItem\",\"position\":3,\"name\":\"Gentleman Dibujos Originales\"}]},{\"@type\":\"WebSite\",\"@id\":\"https:\/\/www.fernandovicente.es\/en\/#website\",\"url\":\"https:\/\/www.fernandovicente.es\/en\/\",\"name\":\"Fernando Vicente\",\"description\":\"Ilustraci\u00f3n\",\"publisher\":{\"@id\":\"https:\/\/www.fernandovicente.es\/en\/#\/schema\/person\/d49677cb48f2ea656b28261dd8f75d7f\"},\"potentialAction\":[{\"@type\":\"SearchAction\",\"target\":{\"@type\":\"EntryPoint\",\"urlTemplate\":\"https:\/\/www.fernandovicente.es\/en\/?s={search_term_string}\"},\"query-input\":{\"@type\":\"PropertyValueSpecification\",\"valueRequired\":true,\"valueName\":\"search_term_string\"}}],\"inLanguage\":\"en-US\"},{\"@type\":[\"Person\",\"Organization\"],\"@id\":\"https:\/\/www.fernandovicente.es\/en\/#\/schema\/person\/d49677cb48f2ea656b28261dd8f75d7f\",\"name\":\"Fernando Vicente\",\"image\":{\"@type\":\"ImageObject\",\"inLanguage\":\"en-US\",\"@id\":\"https:\/\/www.fernandovicente.es\/en\/#\/schema\/person\/image\/\",\"url\":\"https:\/\/www.fernandovicente.es\/wp-content\/uploads\/2014\/11\/fernando-vicente-Foto-e1419619123418.jpg\",\"contentUrl\":\"https:\/\/www.fernandovicente.es\/wp-content\/uploads\/2014\/11\/fernando-vicente-Foto-e1419619123418.jpg\",\"width\":300,\"height\":300,\"caption\":\"Fernando Vicente\"},\"logo\":{\"@id\":\"https:\/\/www.fernandovicente.es\/en\/#\/schema\/person\/image\/\"},\"description\":\"Fernando Vicente - Painter &amp; illustrator\",\"sameAs\":[\"http:\/\/www.fernandovicente.es\",\"https:\/\/www.facebook.com\/FernandoVicenteIllustrator\/\",\"https:\/\/www.instagram.com\/fvicente_illust\/\",\"https:\/\/www.linkedin.com\/in\/fernando-vicente-97595012\",\"https:\/\/www.pinterest.es\/FVicente_illust\/\",\"https:\/\/x.com\/https:\/\/twitter.com\/fvicente_illust\"]}]}<\/script>\n<!-- \/ Yoast SEO plugin. -->","yoast_head_json":{"title":"Gentleman Dibujos Originales de Fernando Vicente","description":"Gentleman Dibujos Originales de Fernando Vicente. Dibujos de moda realizados en acrilico sobre papel de algodon a lo largo de varias decadas.","robots":{"index":"index","follow":"follow","max-snippet":"max-snippet:-1","max-image-preview":"max-image-preview:large","max-video-preview":"max-video-preview:-1"},"canonical":"https:\/\/www.fernandovicente.es\/en\/shop-online-prints-books-original-cards-postcards-calendars-fernando-vicente\/gentleman-dibujos-originales\/","og_locale":"en_US","og_type":"article","og_title":"Gentleman Dibujos Originales de Fernando Vicente","og_description":"Gentleman Dibujos Originales de Fernando Vicente. Dibujos de moda realizados en acrilico sobre papel de algodon a lo largo de varias decadas.","og_url":"https:\/\/www.fernandovicente.es\/en\/shop-online-prints-books-original-cards-postcards-calendars-fernando-vicente\/gentleman-dibujos-originales\/","og_site_name":"Fernando Vicente","article_publisher":"https:\/\/www.facebook.com\/FernandoVicenteIllustrator\/","article_modified_time":"2024-10-02T13:30:13+00:00","og_image":[{"width":698,"height":900,"url":"https:\/\/www.fernandovicente.es\/wp-content\/uploads\/2021\/08\/Gentleman-8-Cabezas-cubiertas.jpg","type":"image\/jpeg"}],"twitter_card":"summary_large_image","twitter_site":"@fvicente_illust","twitter_misc":{"Est. reading time":"1 minute"},"schema":{"@context":"https:\/\/schema.org","@graph":[{"@type":"WebPage","@id":"https:\/\/www.fernandovicente.es\/en\/shop-online-prints-books-original-cards-postcards-calendars-fernando-vicente\/gentleman-dibujos-originales\/","url":"https:\/\/www.fernandovicente.es\/en\/shop-online-prints-books-original-cards-postcards-calendars-fernando-vicente\/gentleman-dibujos-originales\/","name":"Gentleman Dibujos Originales de Fernando Vicente","isPartOf":{"@id":"https:\/\/www.fernandovicente.es\/en\/#website"},"primaryImageOfPage":{"@id":"https:\/\/www.fernandovicente.es\/en\/shop-online-prints-books-original-cards-postcards-calendars-fernando-vicente\/gentleman-dibujos-originales\/#primaryimage"},"image":{"@id":"https:\/\/www.fernandovicente.es\/en\/shop-online-prints-books-original-cards-postcards-calendars-fernando-vicente\/gentleman-dibujos-originales\/#primaryimage"},"thumbnailUrl":"https:\/\/www.fernandovicente.es\/wp-content\/uploads\/2021\/08\/Gentleman-8-Cabezas-cubiertas.jpg","datePublished":"2021-05-24T16:25:29+00:00","dateModified":"2024-10-02T13:30:13+00:00","description":"Gentleman Dibujos Originales de Fernando Vicente. Dibujos de moda realizados en acrilico sobre papel de algodon a lo largo de varias decadas.","breadcrumb":{"@id":"https:\/\/www.fernandovicente.es\/en\/shop-online-prints-books-original-cards-postcards-calendars-fernando-vicente\/gentleman-dibujos-originales\/#breadcrumb"},"inLanguage":"en-US","potentialAction":[{"@type":"ReadAction","target":["https:\/\/www.fernandovicente.es\/en\/shop-online-prints-books-original-cards-postcards-calendars-fernando-vicente\/gentleman-dibujos-originales\/"]}]},{"@type":"ImageObject","inLanguage":"en-US","@id":"https:\/\/www.fernandovicente.es\/en\/shop-online-prints-books-original-cards-postcards-calendars-fernando-vicente\/gentleman-dibujos-originales\/#primaryimage","url":"https:\/\/www.fernandovicente.es\/wp-content\/uploads\/2021\/08\/Gentleman-8-Cabezas-cubiertas.jpg","contentUrl":"https:\/\/www.fernandovicente.es\/wp-content\/uploads\/2021\/08\/Gentleman-8-Cabezas-cubiertas.jpg","width":698,"height":900,"caption":"Gentleman Dibujos Originales"},{"@type":"BreadcrumbList","@id":"https:\/\/www.fernandovicente.es\/en\/shop-online-prints-books-original-cards-postcards-calendars-fernando-vicente\/gentleman-dibujos-originales\/#breadcrumb","itemListElement":[{"@type":"ListItem","position":1,"name":"Portada","item":"https:\/\/www.fernandovicente.es\/en\/"},{"@type":"ListItem","position":2,"name":"Shop Online","item":"https:\/\/www.fernandovicente.es\/en\/shop-online-prints-books-original-cards-postcards-calendars-fernando-vicente\/"},{"@type":"ListItem","position":3,"name":"Gentleman Dibujos Originales"}]},{"@type":"WebSite","@id":"https:\/\/www.fernandovicente.es\/en\/#website","url":"https:\/\/www.fernandovicente.es\/en\/","name":"Fernando Vicente","description":"Ilustraci\u00f3n","publisher":{"@id":"https:\/\/www.fernandovicente.es\/en\/#\/schema\/person\/d49677cb48f2ea656b28261dd8f75d7f"},"potentialAction":[{"@type":"SearchAction","target":{"@type":"EntryPoint","urlTemplate":"https:\/\/www.fernandovicente.es\/en\/?s={search_term_string}"},"query-input":{"@type":"PropertyValueSpecification","valueRequired":true,"valueName":"search_term_string"}}],"inLanguage":"en-US"},{"@type":["Person","Organization"],"@id":"https:\/\/www.fernandovicente.es\/en\/#\/schema\/person\/d49677cb48f2ea656b28261dd8f75d7f","name":"Fernando Vicente","image":{"@type":"ImageObject","inLanguage":"en-US","@id":"https:\/\/www.fernandovicente.es\/en\/#\/schema\/person\/image\/","url":"https:\/\/www.fernandovicente.es\/wp-content\/uploads\/2014\/11\/fernando-vicente-Foto-e1419619123418.jpg","contentUrl":"https:\/\/www.fernandovicente.es\/wp-content\/uploads\/2014\/11\/fernando-vicente-Foto-e1419619123418.jpg","width":300,"height":300,"caption":"Fernando Vicente"},"logo":{"@id":"https:\/\/www.fernandovicente.es\/en\/#\/schema\/person\/image\/"},"description":"Fernando Vicente - Painter &amp; illustrator","sameAs":["http:\/\/www.fernandovicente.es","https:\/\/www.facebook.com\/FernandoVicenteIllustrator\/","https:\/\/www.instagram.com\/fvicente_illust\/","https:\/\/www.linkedin.com\/in\/fernando-vicente-97595012","https:\/\/www.pinterest.es\/FVicente_illust\/","https:\/\/x.com\/https:\/\/twitter.com\/fvicente_illust"]}]}},"_links":{"self":[{"href":"https:\/\/www.fernandovicente.es\/en\/wp-json\/wp\/v2\/product\/10827","targetHints":{"allow":["GET"]}}],"collection":[{"href":"https:\/\/www.fernandovicente.es\/en\/wp-json\/wp\/v2\/product"}],"about":[{"href":"https:\/\/www.fernandovicente.es\/en\/wp-json\/wp\/v2\/types\/product"}],"wp:featuredmedia":[{"embeddable":true,"href":"https:\/\/www.fernandovicente.es\/en\/wp-json\/wp\/v2\/media\/10887"}],"wp:attachment":[{"href":"https:\/\/www.fernandovicente.es\/en\/wp-json\/wp\/v2\/media?parent=10827"}],"wp:term":[{"taxonomy":"product_cat","embeddable":true,"href":"https:\/\/www.fernandovicente.es\/en\/wp-json\/wp\/v2\/product_cat?post=10827"},{"taxonomy":"product_tag","embeddable":true,"href":"https:\/\/www.fernandovicente.es\/en\/wp-json\/wp\/v2\/product_tag?post=10827"}],"curies":[{"name":"wp","href":"https:\/\/api.w.org\/{rel}","templated":true}]}}