{"id":12954,"date":"2022-05-10T20:12:22","date_gmt":"2022-05-10T18:12:22","guid":{"rendered":"https:\/\/www.fernandovicente.es\/?post_type=product&#038;p=12954"},"modified":"2025-03-02T14:07:06","modified_gmt":"2025-03-02T12:07:06","slug":"esculturas-de-madrid","status":"publish","type":"product","link":"https:\/\/www.fernandovicente.es\/en\/shop-online-prints-books-original-cards-postcards-calendars-fernando-vicente\/esculturas-de-madrid\/","title":{"rendered":"Esculturas de Madrid"},"content":{"rendered":"<header class=\"post-title entry-header\">\n<div class=\"row align-center\">\n<div class=\"small-12 medium-10 large-7 columns\">\n<h1 class=\"entry-title\">Esculturas de mujeres de Madrid<\/h1>\n<aside class=\"post-author\">By <a title=\"Entradas de Fernando Vicente\" href=\"https:\/\/www.fernandovicente.es\/author\/fvicente\/\" rel=\"author\">Fernando Vicente<\/a><\/aside>\n<\/div>\n<\/div>\n<\/header>\n<div class=\"row align-center\">\n<div class=\"small-12 medium-10 large-7 columns\">\n<div class=\"post-content\">\n<p>Esculturas de mujeres de Madrid Un recorrido por las esculturas y monumentos mas relevantes de Madrid. J\u00falia, Barbara de Braganza, Aandr\u00f3maca, Cibeles, Minerva, Diana, Nik\u00e9, Emilia Pardo Bazan o Clara Campoamor<\/p>\n<\/div>\n<\/div>\n<\/div>\n<p>&nbsp;<\/p>\n<figure id=\"attachment_12615\" aria-describedby=\"caption-attachment-12615\" style=\"width: 1280px\" class=\"wp-caption alignnone\"><img loading=\"lazy\" decoding=\"async\" class=\"wp-image-12615 size-full\" title=\"Mapa del Parque del Retiro\" src=\"https:\/\/www.fernandovicente.es\/wp-content\/uploads\/2023\/03\/MAPA-esculturas-de-mujeres-ok-web.jpg\" alt=\"Esculturas de mujeres de Madrid\" width=\"1280\" height=\"900\" srcset=\"https:\/\/www.fernandovicente.es\/wp-content\/uploads\/2023\/03\/MAPA-esculturas-de-mujeres-ok-web.jpg 1280w, https:\/\/www.fernandovicente.es\/wp-content\/uploads\/2023\/03\/MAPA-esculturas-de-mujeres-ok-web-300x211.jpg 300w, https:\/\/www.fernandovicente.es\/wp-content\/uploads\/2023\/03\/MAPA-esculturas-de-mujeres-ok-web-1024x720.jpg 1024w, https:\/\/www.fernandovicente.es\/wp-content\/uploads\/2023\/03\/MAPA-esculturas-de-mujeres-ok-web-768x540.jpg 768w, https:\/\/www.fernandovicente.es\/wp-content\/uploads\/2023\/03\/MAPA-esculturas-de-mujeres-ok-web-430x302.jpg 430w, https:\/\/www.fernandovicente.es\/wp-content\/uploads\/2023\/03\/MAPA-esculturas-de-mujeres-ok-web-860x605.jpg 860w, https:\/\/www.fernandovicente.es\/wp-content\/uploads\/2023\/03\/MAPA-esculturas-de-mujeres-ok-web-400x280.jpg 400w, https:\/\/www.fernandovicente.es\/wp-content\/uploads\/2023\/03\/MAPA-esculturas-de-mujeres-ok-web-600x422.jpg 600w\" sizes=\"auto, (max-width: 1280px) 100vw, 1280px\" \/><figcaption id=\"caption-attachment-12615\" class=\"wp-caption-text\">Esculturas de mujeres de Madrid<\/figcaption><\/figure>\n","protected":false},"excerpt":{"rendered":"<p>Esculturas de mujeres de Madrid By Fernando Vicente Esculturas de mujeres de Madrid Un recorrido por las esculturas y monumentos mas relevantes de Madrid. J\u00falia,&hellip;<\/p>\n","protected":false},"featured_media":12616,"template":"","meta":[],"product_cat":[1292,4045,456,1807,1943],"product_tag":[3660,3666,3667,1944,3163,1945,3661,3165,1946,1947],"class_list":{"0":"post-12954","1":"product","2":"type-product","3":"status-publish","4":"has-post-thumbnail","6":"product_cat-big-prints-giglee-en","7":"product_cat-maps-and-places-of-madrid-en","8":"product_cat-prints-en","9":"product_cat-prints-giclee-30x40-en","10":"product_cat-small-prints-giclee-en","11":"product_tag-ciencias-naturales-en","12":"product_tag-esculturas-en","13":"product_tag-esculturas-de-mujeres-en","14":"product_tag-jardines-del-buen-retiro-en","15":"product_tag-madrid-en","16":"product_tag-mapa-del-retiro-en","17":"product_tag-museo-ciencias-naturales-en","18":"product_tag-museos-de-madrid-en","19":"product_tag-parque-del-retiro-en","20":"product_tag-retiro-en","21":"product_shipping_class-libros-impresiones-barajas-postales-originales-en","22":"pa_color-esculturas-madrid-en","23":"pa_tamano-245x33","24":"pa_tamano-30-x-40-cm","25":"pa_tamano-42-x-594-cm","26":"fb_product_set-tienda-online-woo","28":"first","29":"instock","30":"shipping-taxable","31":"purchasable","32":"product-type-variable","33":"has-default-attributes","34":"wvs-archive-product-wrapper"},"yoast_head":"<!-- This site is optimized with the Yoast SEO plugin v26.9 - https:\/\/yoast.com\/product\/yoast-seo-wordpress\/ -->\n<title>Esculturas de Madrid - Fernando Vicente ilustrado<\/title>\n<meta name=\"description\" content=\"Esculturas de Madrid. Un recorrido por las esculturas de mujeres y monumentos mas relevantes de Madrid dibujados por Fernando Vicente\" \/>\n<meta name=\"robots\" content=\"index, follow, max-snippet:-1, max-image-preview:large, max-video-preview:-1\" \/>\n<link rel=\"canonical\" href=\"https:\/\/www.fernandovicente.es\/en\/shop-online-prints-books-original-cards-postcards-calendars-fernando-vicente\/esculturas-de-madrid\/\" \/>\n<meta property=\"og:locale\" content=\"en_US\" \/>\n<meta property=\"og:type\" content=\"article\" \/>\n<meta property=\"og:title\" content=\"Esculturas de Madrid - Fernando Vicente ilustrado\" \/>\n<meta property=\"og:description\" content=\"Esculturas de Madrid. Un recorrido por las esculturas de mujeres y monumentos mas relevantes de Madrid dibujados por Fernando Vicente\" \/>\n<meta property=\"og:url\" content=\"https:\/\/www.fernandovicente.es\/en\/shop-online-prints-books-original-cards-postcards-calendars-fernando-vicente\/esculturas-de-madrid\/\" \/>\n<meta property=\"og:site_name\" content=\"Fernando Vicente\" \/>\n<meta property=\"article:publisher\" content=\"https:\/\/www.facebook.com\/FernandoVicenteIllustrator\/\" \/>\n<meta property=\"article:modified_time\" content=\"2025-03-02T12:07:06+00:00\" \/>\n<meta property=\"og:image\" content=\"https:\/\/www.fernandovicente.es\/wp-content\/uploads\/2023\/03\/MAPA-esculturas-de-mujeres-ok-web.jpg\" \/>\n\t<meta property=\"og:image:width\" content=\"1280\" \/>\n\t<meta property=\"og:image:height\" content=\"900\" \/>\n\t<meta property=\"og:image:type\" content=\"image\/jpeg\" \/>\n<meta name=\"twitter:card\" content=\"summary_large_image\" \/>\n<meta name=\"twitter:site\" content=\"@fvicente_illust\" \/>\n<script type=\"application\/ld+json\" class=\"yoast-schema-graph\">{\"@context\":\"https:\/\/schema.org\",\"@graph\":[{\"@type\":\"WebPage\",\"@id\":\"https:\/\/www.fernandovicente.es\/en\/shop-online-prints-books-original-cards-postcards-calendars-fernando-vicente\/esculturas-de-madrid\/\",\"url\":\"https:\/\/www.fernandovicente.es\/en\/shop-online-prints-books-original-cards-postcards-calendars-fernando-vicente\/esculturas-de-madrid\/\",\"name\":\"Esculturas de Madrid - Fernando Vicente ilustrado\",\"isPartOf\":{\"@id\":\"https:\/\/www.fernandovicente.es\/en\/#website\"},\"primaryImageOfPage\":{\"@id\":\"https:\/\/www.fernandovicente.es\/en\/shop-online-prints-books-original-cards-postcards-calendars-fernando-vicente\/esculturas-de-madrid\/#primaryimage\"},\"image\":{\"@id\":\"https:\/\/www.fernandovicente.es\/en\/shop-online-prints-books-original-cards-postcards-calendars-fernando-vicente\/esculturas-de-madrid\/#primaryimage\"},\"thumbnailUrl\":\"https:\/\/www.fernandovicente.es\/wp-content\/uploads\/2023\/03\/MAPA-esculturas-de-mujeres-ok-web.jpg\",\"datePublished\":\"2022-05-10T18:12:22+00:00\",\"dateModified\":\"2025-03-02T12:07:06+00:00\",\"description\":\"Esculturas de Madrid. Un recorrido por las esculturas de mujeres y monumentos mas relevantes de Madrid dibujados por Fernando Vicente\",\"breadcrumb\":{\"@id\":\"https:\/\/www.fernandovicente.es\/en\/shop-online-prints-books-original-cards-postcards-calendars-fernando-vicente\/esculturas-de-madrid\/#breadcrumb\"},\"inLanguage\":\"en-US\",\"potentialAction\":[{\"@type\":\"ReadAction\",\"target\":[\"https:\/\/www.fernandovicente.es\/en\/shop-online-prints-books-original-cards-postcards-calendars-fernando-vicente\/esculturas-de-madrid\/\"]}]},{\"@type\":\"ImageObject\",\"inLanguage\":\"en-US\",\"@id\":\"https:\/\/www.fernandovicente.es\/en\/shop-online-prints-books-original-cards-postcards-calendars-fernando-vicente\/esculturas-de-madrid\/#primaryimage\",\"url\":\"https:\/\/www.fernandovicente.es\/wp-content\/uploads\/2023\/03\/MAPA-esculturas-de-mujeres-ok-web.jpg\",\"contentUrl\":\"https:\/\/www.fernandovicente.es\/wp-content\/uploads\/2023\/03\/MAPA-esculturas-de-mujeres-ok-web.jpg\",\"width\":1280,\"height\":900,\"caption\":\"Esculturas de mujeres de Madrid\"},{\"@type\":\"BreadcrumbList\",\"@id\":\"https:\/\/www.fernandovicente.es\/en\/shop-online-prints-books-original-cards-postcards-calendars-fernando-vicente\/esculturas-de-madrid\/#breadcrumb\",\"itemListElement\":[{\"@type\":\"ListItem\",\"position\":1,\"name\":\"Portada\",\"item\":\"https:\/\/www.fernandovicente.es\/en\/\"},{\"@type\":\"ListItem\",\"position\":2,\"name\":\"Shop Online\",\"item\":\"https:\/\/www.fernandovicente.es\/en\/shop-online-prints-books-original-cards-postcards-calendars-fernando-vicente\/\"},{\"@type\":\"ListItem\",\"position\":3,\"name\":\"Esculturas de Madrid\"}]},{\"@type\":\"WebSite\",\"@id\":\"https:\/\/www.fernandovicente.es\/en\/#website\",\"url\":\"https:\/\/www.fernandovicente.es\/en\/\",\"name\":\"Fernando Vicente\",\"description\":\"Ilustraci\u00f3n\",\"publisher\":{\"@id\":\"https:\/\/www.fernandovicente.es\/en\/#\/schema\/person\/d49677cb48f2ea656b28261dd8f75d7f\"},\"potentialAction\":[{\"@type\":\"SearchAction\",\"target\":{\"@type\":\"EntryPoint\",\"urlTemplate\":\"https:\/\/www.fernandovicente.es\/en\/?s={search_term_string}\"},\"query-input\":{\"@type\":\"PropertyValueSpecification\",\"valueRequired\":true,\"valueName\":\"search_term_string\"}}],\"inLanguage\":\"en-US\"},{\"@type\":[\"Person\",\"Organization\"],\"@id\":\"https:\/\/www.fernandovicente.es\/en\/#\/schema\/person\/d49677cb48f2ea656b28261dd8f75d7f\",\"name\":\"Fernando Vicente\",\"image\":{\"@type\":\"ImageObject\",\"inLanguage\":\"en-US\",\"@id\":\"https:\/\/www.fernandovicente.es\/en\/#\/schema\/person\/image\/\",\"url\":\"https:\/\/www.fernandovicente.es\/wp-content\/uploads\/2014\/11\/fernando-vicente-Foto-e1419619123418.jpg\",\"contentUrl\":\"https:\/\/www.fernandovicente.es\/wp-content\/uploads\/2014\/11\/fernando-vicente-Foto-e1419619123418.jpg\",\"width\":300,\"height\":300,\"caption\":\"Fernando Vicente\"},\"logo\":{\"@id\":\"https:\/\/www.fernandovicente.es\/en\/#\/schema\/person\/image\/\"},\"description\":\"Fernando Vicente - Painter &amp; illustrator\",\"sameAs\":[\"http:\/\/www.fernandovicente.es\",\"https:\/\/www.facebook.com\/FernandoVicenteIllustrator\/\",\"https:\/\/www.instagram.com\/fvicente_illust\/\",\"https:\/\/www.linkedin.com\/in\/fernando-vicente-97595012\",\"https:\/\/www.pinterest.es\/FVicente_illust\/\",\"https:\/\/x.com\/https:\/\/twitter.com\/fvicente_illust\"]}]}<\/script>\n<!-- \/ Yoast SEO plugin. -->","yoast_head_json":{"title":"Esculturas de Madrid - Fernando Vicente ilustrado","description":"Esculturas de Madrid. Un recorrido por las esculturas de mujeres y monumentos mas relevantes de Madrid dibujados por Fernando Vicente","robots":{"index":"index","follow":"follow","max-snippet":"max-snippet:-1","max-image-preview":"max-image-preview:large","max-video-preview":"max-video-preview:-1"},"canonical":"https:\/\/www.fernandovicente.es\/en\/shop-online-prints-books-original-cards-postcards-calendars-fernando-vicente\/esculturas-de-madrid\/","og_locale":"en_US","og_type":"article","og_title":"Esculturas de Madrid - Fernando Vicente ilustrado","og_description":"Esculturas de Madrid. Un recorrido por las esculturas de mujeres y monumentos mas relevantes de Madrid dibujados por Fernando Vicente","og_url":"https:\/\/www.fernandovicente.es\/en\/shop-online-prints-books-original-cards-postcards-calendars-fernando-vicente\/esculturas-de-madrid\/","og_site_name":"Fernando Vicente","article_publisher":"https:\/\/www.facebook.com\/FernandoVicenteIllustrator\/","article_modified_time":"2025-03-02T12:07:06+00:00","og_image":[{"width":1280,"height":900,"url":"https:\/\/www.fernandovicente.es\/wp-content\/uploads\/2023\/03\/MAPA-esculturas-de-mujeres-ok-web.jpg","type":"image\/jpeg"}],"twitter_card":"summary_large_image","twitter_site":"@fvicente_illust","schema":{"@context":"https:\/\/schema.org","@graph":[{"@type":"WebPage","@id":"https:\/\/www.fernandovicente.es\/en\/shop-online-prints-books-original-cards-postcards-calendars-fernando-vicente\/esculturas-de-madrid\/","url":"https:\/\/www.fernandovicente.es\/en\/shop-online-prints-books-original-cards-postcards-calendars-fernando-vicente\/esculturas-de-madrid\/","name":"Esculturas de Madrid - Fernando Vicente ilustrado","isPartOf":{"@id":"https:\/\/www.fernandovicente.es\/en\/#website"},"primaryImageOfPage":{"@id":"https:\/\/www.fernandovicente.es\/en\/shop-online-prints-books-original-cards-postcards-calendars-fernando-vicente\/esculturas-de-madrid\/#primaryimage"},"image":{"@id":"https:\/\/www.fernandovicente.es\/en\/shop-online-prints-books-original-cards-postcards-calendars-fernando-vicente\/esculturas-de-madrid\/#primaryimage"},"thumbnailUrl":"https:\/\/www.fernandovicente.es\/wp-content\/uploads\/2023\/03\/MAPA-esculturas-de-mujeres-ok-web.jpg","datePublished":"2022-05-10T18:12:22+00:00","dateModified":"2025-03-02T12:07:06+00:00","description":"Esculturas de Madrid. Un recorrido por las esculturas de mujeres y monumentos mas relevantes de Madrid dibujados por Fernando Vicente","breadcrumb":{"@id":"https:\/\/www.fernandovicente.es\/en\/shop-online-prints-books-original-cards-postcards-calendars-fernando-vicente\/esculturas-de-madrid\/#breadcrumb"},"inLanguage":"en-US","potentialAction":[{"@type":"ReadAction","target":["https:\/\/www.fernandovicente.es\/en\/shop-online-prints-books-original-cards-postcards-calendars-fernando-vicente\/esculturas-de-madrid\/"]}]},{"@type":"ImageObject","inLanguage":"en-US","@id":"https:\/\/www.fernandovicente.es\/en\/shop-online-prints-books-original-cards-postcards-calendars-fernando-vicente\/esculturas-de-madrid\/#primaryimage","url":"https:\/\/www.fernandovicente.es\/wp-content\/uploads\/2023\/03\/MAPA-esculturas-de-mujeres-ok-web.jpg","contentUrl":"https:\/\/www.fernandovicente.es\/wp-content\/uploads\/2023\/03\/MAPA-esculturas-de-mujeres-ok-web.jpg","width":1280,"height":900,"caption":"Esculturas de mujeres de Madrid"},{"@type":"BreadcrumbList","@id":"https:\/\/www.fernandovicente.es\/en\/shop-online-prints-books-original-cards-postcards-calendars-fernando-vicente\/esculturas-de-madrid\/#breadcrumb","itemListElement":[{"@type":"ListItem","position":1,"name":"Portada","item":"https:\/\/www.fernandovicente.es\/en\/"},{"@type":"ListItem","position":2,"name":"Shop Online","item":"https:\/\/www.fernandovicente.es\/en\/shop-online-prints-books-original-cards-postcards-calendars-fernando-vicente\/"},{"@type":"ListItem","position":3,"name":"Esculturas de Madrid"}]},{"@type":"WebSite","@id":"https:\/\/www.fernandovicente.es\/en\/#website","url":"https:\/\/www.fernandovicente.es\/en\/","name":"Fernando Vicente","description":"Ilustraci\u00f3n","publisher":{"@id":"https:\/\/www.fernandovicente.es\/en\/#\/schema\/person\/d49677cb48f2ea656b28261dd8f75d7f"},"potentialAction":[{"@type":"SearchAction","target":{"@type":"EntryPoint","urlTemplate":"https:\/\/www.fernandovicente.es\/en\/?s={search_term_string}"},"query-input":{"@type":"PropertyValueSpecification","valueRequired":true,"valueName":"search_term_string"}}],"inLanguage":"en-US"},{"@type":["Person","Organization"],"@id":"https:\/\/www.fernandovicente.es\/en\/#\/schema\/person\/d49677cb48f2ea656b28261dd8f75d7f","name":"Fernando Vicente","image":{"@type":"ImageObject","inLanguage":"en-US","@id":"https:\/\/www.fernandovicente.es\/en\/#\/schema\/person\/image\/","url":"https:\/\/www.fernandovicente.es\/wp-content\/uploads\/2014\/11\/fernando-vicente-Foto-e1419619123418.jpg","contentUrl":"https:\/\/www.fernandovicente.es\/wp-content\/uploads\/2014\/11\/fernando-vicente-Foto-e1419619123418.jpg","width":300,"height":300,"caption":"Fernando Vicente"},"logo":{"@id":"https:\/\/www.fernandovicente.es\/en\/#\/schema\/person\/image\/"},"description":"Fernando Vicente - Painter &amp; illustrator","sameAs":["http:\/\/www.fernandovicente.es","https:\/\/www.facebook.com\/FernandoVicenteIllustrator\/","https:\/\/www.instagram.com\/fvicente_illust\/","https:\/\/www.linkedin.com\/in\/fernando-vicente-97595012","https:\/\/www.pinterest.es\/FVicente_illust\/","https:\/\/x.com\/https:\/\/twitter.com\/fvicente_illust"]}]}},"_links":{"self":[{"href":"https:\/\/www.fernandovicente.es\/en\/wp-json\/wp\/v2\/product\/12954","targetHints":{"allow":["GET"]}}],"collection":[{"href":"https:\/\/www.fernandovicente.es\/en\/wp-json\/wp\/v2\/product"}],"about":[{"href":"https:\/\/www.fernandovicente.es\/en\/wp-json\/wp\/v2\/types\/product"}],"wp:featuredmedia":[{"embeddable":true,"href":"https:\/\/www.fernandovicente.es\/en\/wp-json\/wp\/v2\/media\/12616"}],"wp:attachment":[{"href":"https:\/\/www.fernandovicente.es\/en\/wp-json\/wp\/v2\/media?parent=12954"}],"wp:term":[{"taxonomy":"product_cat","embeddable":true,"href":"https:\/\/www.fernandovicente.es\/en\/wp-json\/wp\/v2\/product_cat?post=12954"},{"taxonomy":"product_tag","embeddable":true,"href":"https:\/\/www.fernandovicente.es\/en\/wp-json\/wp\/v2\/product_tag?post=12954"}],"curies":[{"name":"wp","href":"https:\/\/api.w.org\/{rel}","templated":true}]}}