{"id":13736,"date":"2025-01-01T01:09:44","date_gmt":"2024-01-30T18:09:44","guid":{"rendered":"https:\/\/www.fernandovicente.es\/?post_type=product&#038;p=13736"},"modified":"2025-07-15T14:30:58","modified_gmt":"2025-07-15T12:30:58","slug":"lady-macbeth-giclee-print","status":"publish","type":"product","link":"https:\/\/www.fernandovicente.es\/en\/shop-online-prints-books-original-cards-postcards-calendars-fernando-vicente\/lady-macbeth-giclee-print\/","title":{"rendered":"Lady Macbeth gicl\u00e9e print"},"content":{"rendered":"<h1>Lady Macbeth gicl\u00e9e print<\/h1>\n<p>Lady Macbeth gicl\u00e9e print on paper Hahnemu\u0308hle, German Etching<\/p>\n<p>Gicl\u00e9e print quality.<\/p>\n<p>Available in these sizes: 24,5&#215;24,5cm (35\u20ac) or 30x30cm (50\u20ac) 40x40cm (75\u20ac)<\/p>\n<p><a href=\"https:\/\/www.fernandovicente.es\/en\/shop-online-prints-books-original-cards-postcards-calendars-fernando-vicente\/\">Store<\/a> <a href=\"http:\/\/fernandovicenteblog.blogspot.com\/\">blog Fernando Vicente<\/a><\/p>\n<figure id=\"attachment_12440\" aria-describedby=\"caption-attachment-12440\" style=\"width: 600px\" class=\"wp-caption alignnone\"><img loading=\"lazy\" decoding=\"async\" class=\"size-full wp-image-12440\" src=\"https:\/\/www.fernandovicente.es\/wp-content\/uploads\/2022\/12\/2022-Serie-Heroinas-literarias-Lady-Macbeth-Fernando-Vicente-web.jpg\" alt=\"2022 Serie Heroinas literarias Lady Macbeth Fernando Vicente\" width=\"600\" height=\"600\" srcset=\"https:\/\/www.fernandovicente.es\/wp-content\/uploads\/2022\/12\/2022-Serie-Heroinas-literarias-Lady-Macbeth-Fernando-Vicente-web.jpg 600w, https:\/\/www.fernandovicente.es\/wp-content\/uploads\/2022\/12\/2022-Serie-Heroinas-literarias-Lady-Macbeth-Fernando-Vicente-web-300x300.jpg 300w, https:\/\/www.fernandovicente.es\/wp-content\/uploads\/2022\/12\/2022-Serie-Heroinas-literarias-Lady-Macbeth-Fernando-Vicente-web-150x150.jpg 150w, https:\/\/www.fernandovicente.es\/wp-content\/uploads\/2022\/12\/2022-Serie-Heroinas-literarias-Lady-Macbeth-Fernando-Vicente-web-430x430.jpg 430w, https:\/\/www.fernandovicente.es\/wp-content\/uploads\/2022\/12\/2022-Serie-Heroinas-literarias-Lady-Macbeth-Fernando-Vicente-web-100x100.jpg 100w\" sizes=\"auto, (max-width: 600px) 100vw, 600px\" \/><figcaption id=\"caption-attachment-12440\" class=\"wp-caption-text\">2022 Serie Heroinas literarias Lady Macbeth Fernando Vicente<\/figcaption><\/figure>\n<p>Lady Macbeth gicl\u00e9e print on paper Hahnemu\u0308hle<\/p>\n<form class=\"cart\" enctype=\"multipart\/form-data\" method=\"post\"><\/form>\n","protected":false},"excerpt":{"rendered":"<p>Lady Macbeth gicl\u00e9e print Lady Macbeth gicl\u00e9e print on paper Hahnemu\u0308hle, German Etching Gicl\u00e9e print quality. Available in these sizes: 24,5&#215;24,5cm (35\u20ac) or 30x30cm (50\u20ac)&hellip;<\/p>\n","protected":false},"featured_media":12441,"template":"","meta":[],"product_cat":[456,2622,1943],"product_tag":[144,3685,149,3300,3595,3315,3606,3607,150,1868,2534,3684,3605,3600,151,2535,2533,3278,262,3245,135,136],"class_list":{"0":"post-13736","1":"product","2":"type-product","3":"status-publish","4":"has-post-thumbnail","6":"product_cat-prints-en","7":"product_cat-prints-giclee-en","8":"product_cat-small-prints-giclee-en","9":"product_tag-anatomia-en","10":"product_tag-archer","11":"product_tag-canvas-en","12":"product_tag-colorfish-en","13":"product_tag-dies-irae-en","14":"product_tag-fishes-en","15":"product_tag-heroinas-en","16":"product_tag-heroinas-literarias-en","17":"product_tag-impresiones-en","18":"product_tag-ingravita-en","19":"product_tag-koi-en","20":"product_tag-kyudo-en","21":"product_tag-lady-godiva-en","22":"product_tag-lady-macbeth-en","23":"product_tag-lienzo-en","24":"product_tag-nenufar-en","25":"product_tag-ofelia-en","26":"product_tag-ondina-en","27":"product_tag-prints-en","28":"product_tag-tattoo-en","29":"product_tag-vanitas-en","30":"product_tag-venus-en","31":"product_shipping_class-libros-impresiones-barajas-postales-originales-en","32":"pa_color-lady-macbeth-en","33":"pa_tamano-255x245-cm-en","34":"pa_tamano-30x30cm-en","35":"pa_tamano-40-cm-x-40-cm-en","36":"fb_product_set-tienda-online-woo","38":"first","39":"instock","40":"featured","41":"shipping-taxable","42":"purchasable","43":"product-type-variable","44":"has-default-attributes","45":"wvs-archive-product-wrapper"},"yoast_head":"<!-- This site is optimized with the Yoast SEO plugin v26.9 - https:\/\/yoast.com\/product\/yoast-seo-wordpress\/ -->\n<title>Lady Macbeth gicl\u00e9e print - Fernando Vicente Serie Geishas<\/title>\n<meta name=\"description\" content=\"Lady Macbeth gicl\u00e9e print on high quality Hahnem\u00fchle paper. Gicl\u00e9e print quality. Anatomy and literary characters Fernando Vicente\" \/>\n<meta name=\"robots\" content=\"index, follow, max-snippet:-1, max-image-preview:large, max-video-preview:-1\" \/>\n<link rel=\"canonical\" href=\"https:\/\/www.fernandovicente.es\/en\/shop-online-prints-books-original-cards-postcards-calendars-fernando-vicente\/lady-macbeth-giclee-print\/\" \/>\n<meta property=\"og:locale\" content=\"en_US\" \/>\n<meta property=\"og:type\" content=\"article\" \/>\n<meta property=\"og:title\" content=\"Lady Macbeth gicl\u00e9e print - Fernando Vicente Serie Geishas\" \/>\n<meta property=\"og:description\" content=\"Lady Macbeth gicl\u00e9e print on high quality Hahnem\u00fchle paper. Gicl\u00e9e print quality. Anatomy and literary characters Fernando Vicente\" \/>\n<meta property=\"og:url\" content=\"https:\/\/www.fernandovicente.es\/en\/shop-online-prints-books-original-cards-postcards-calendars-fernando-vicente\/lady-macbeth-giclee-print\/\" \/>\n<meta property=\"og:site_name\" content=\"Fernando Vicente\" \/>\n<meta property=\"article:publisher\" content=\"https:\/\/www.facebook.com\/FernandoVicenteIllustrator\/\" \/>\n<meta property=\"article:modified_time\" content=\"2025-07-15T12:30:58+00:00\" \/>\n<meta property=\"og:image\" content=\"https:\/\/www.fernandovicente.es\/wp-content\/uploads\/2014\/11\/Cabecera-Impersiones-e1519760225950.jpg\" \/>\n<meta name=\"twitter:card\" content=\"summary_large_image\" \/>\n<meta name=\"twitter:site\" content=\"@fvicente_illust\" \/>\n<meta name=\"twitter:label1\" content=\"Est. reading time\" \/>\n\t<meta name=\"twitter:data1\" content=\"1 minute\" \/>\n<script type=\"application\/ld+json\" class=\"yoast-schema-graph\">{\"@context\":\"https:\/\/schema.org\",\"@graph\":[{\"@type\":\"WebPage\",\"@id\":\"https:\/\/www.fernandovicente.es\/en\/shop-online-prints-books-original-cards-postcards-calendars-fernando-vicente\/lady-macbeth-giclee-print\/\",\"url\":\"https:\/\/www.fernandovicente.es\/en\/shop-online-prints-books-original-cards-postcards-calendars-fernando-vicente\/lady-macbeth-giclee-print\/\",\"name\":\"Lady Macbeth gicl\u00e9e print - Fernando Vicente Serie Geishas\",\"isPartOf\":{\"@id\":\"https:\/\/www.fernandovicente.es\/en\/#website\"},\"primaryImageOfPage\":{\"@id\":\"https:\/\/www.fernandovicente.es\/en\/shop-online-prints-books-original-cards-postcards-calendars-fernando-vicente\/lady-macbeth-giclee-print\/#primaryimage\"},\"image\":{\"@id\":\"https:\/\/www.fernandovicente.es\/en\/shop-online-prints-books-original-cards-postcards-calendars-fernando-vicente\/lady-macbeth-giclee-print\/#primaryimage\"},\"thumbnailUrl\":\"https:\/\/www.fernandovicente.es\/wp-content\/uploads\/2022\/12\/2022-Serie-Heroinas-literarias-Lady-Macbeth-Fernando-Vicente-web.jpg\",\"datePublished\":\"2024-01-30T18:09:44+00:00\",\"dateModified\":\"2025-07-15T12:30:58+00:00\",\"description\":\"Lady Macbeth gicl\u00e9e print on high quality Hahnem\u00fchle paper. Gicl\u00e9e print quality. Anatomy and literary characters Fernando Vicente\",\"breadcrumb\":{\"@id\":\"https:\/\/www.fernandovicente.es\/en\/shop-online-prints-books-original-cards-postcards-calendars-fernando-vicente\/lady-macbeth-giclee-print\/#breadcrumb\"},\"inLanguage\":\"en-US\",\"potentialAction\":[{\"@type\":\"ReadAction\",\"target\":[\"https:\/\/www.fernandovicente.es\/en\/shop-online-prints-books-original-cards-postcards-calendars-fernando-vicente\/lady-macbeth-giclee-print\/\"]}]},{\"@type\":\"ImageObject\",\"inLanguage\":\"en-US\",\"@id\":\"https:\/\/www.fernandovicente.es\/en\/shop-online-prints-books-original-cards-postcards-calendars-fernando-vicente\/lady-macbeth-giclee-print\/#primaryimage\",\"url\":\"https:\/\/www.fernandovicente.es\/wp-content\/uploads\/2022\/12\/2022-Serie-Heroinas-literarias-Lady-Macbeth-Fernando-Vicente-web.jpg\",\"contentUrl\":\"https:\/\/www.fernandovicente.es\/wp-content\/uploads\/2022\/12\/2022-Serie-Heroinas-literarias-Lady-Macbeth-Fernando-Vicente-web.jpg\",\"width\":600,\"height\":600,\"caption\":\"2022 Literary Heroines Series Lady Macbeth Fernando Vicente\"},{\"@type\":\"BreadcrumbList\",\"@id\":\"https:\/\/www.fernandovicente.es\/en\/shop-online-prints-books-original-cards-postcards-calendars-fernando-vicente\/lady-macbeth-giclee-print\/#breadcrumb\",\"itemListElement\":[{\"@type\":\"ListItem\",\"position\":1,\"name\":\"Portada\",\"item\":\"https:\/\/www.fernandovicente.es\/en\/\"},{\"@type\":\"ListItem\",\"position\":2,\"name\":\"Shop Online\",\"item\":\"https:\/\/www.fernandovicente.es\/en\/shop-online-prints-books-original-cards-postcards-calendars-fernando-vicente\/\"},{\"@type\":\"ListItem\",\"position\":3,\"name\":\"Lady Macbeth gicl\u00e9e print\"}]},{\"@type\":\"WebSite\",\"@id\":\"https:\/\/www.fernandovicente.es\/en\/#website\",\"url\":\"https:\/\/www.fernandovicente.es\/en\/\",\"name\":\"Fernando Vicente\",\"description\":\"Ilustraci\u00f3n\",\"publisher\":{\"@id\":\"https:\/\/www.fernandovicente.es\/en\/#\/schema\/person\/d49677cb48f2ea656b28261dd8f75d7f\"},\"potentialAction\":[{\"@type\":\"SearchAction\",\"target\":{\"@type\":\"EntryPoint\",\"urlTemplate\":\"https:\/\/www.fernandovicente.es\/en\/?s={search_term_string}\"},\"query-input\":{\"@type\":\"PropertyValueSpecification\",\"valueRequired\":true,\"valueName\":\"search_term_string\"}}],\"inLanguage\":\"en-US\"},{\"@type\":[\"Person\",\"Organization\"],\"@id\":\"https:\/\/www.fernandovicente.es\/en\/#\/schema\/person\/d49677cb48f2ea656b28261dd8f75d7f\",\"name\":\"Fernando Vicente\",\"image\":{\"@type\":\"ImageObject\",\"inLanguage\":\"en-US\",\"@id\":\"https:\/\/www.fernandovicente.es\/en\/#\/schema\/person\/image\/\",\"url\":\"https:\/\/www.fernandovicente.es\/wp-content\/uploads\/2014\/11\/fernando-vicente-Foto-e1419619123418.jpg\",\"contentUrl\":\"https:\/\/www.fernandovicente.es\/wp-content\/uploads\/2014\/11\/fernando-vicente-Foto-e1419619123418.jpg\",\"width\":300,\"height\":300,\"caption\":\"Fernando Vicente\"},\"logo\":{\"@id\":\"https:\/\/www.fernandovicente.es\/en\/#\/schema\/person\/image\/\"},\"description\":\"Fernando Vicente - Painter &amp; illustrator\",\"sameAs\":[\"http:\/\/www.fernandovicente.es\",\"https:\/\/www.facebook.com\/FernandoVicenteIllustrator\/\",\"https:\/\/www.instagram.com\/fvicente_illust\/\",\"https:\/\/www.linkedin.com\/in\/fernando-vicente-97595012\",\"https:\/\/www.pinterest.es\/FVicente_illust\/\",\"https:\/\/x.com\/https:\/\/twitter.com\/fvicente_illust\"]}]}<\/script>\n<!-- \/ Yoast SEO plugin. -->","yoast_head_json":{"title":"Lady Macbeth gicl\u00e9e print - Fernando Vicente Serie Geishas","description":"Lady Macbeth gicl\u00e9e print on high quality Hahnem\u00fchle paper. Gicl\u00e9e print quality. Anatomy and literary characters Fernando Vicente","robots":{"index":"index","follow":"follow","max-snippet":"max-snippet:-1","max-image-preview":"max-image-preview:large","max-video-preview":"max-video-preview:-1"},"canonical":"https:\/\/www.fernandovicente.es\/en\/shop-online-prints-books-original-cards-postcards-calendars-fernando-vicente\/lady-macbeth-giclee-print\/","og_locale":"en_US","og_type":"article","og_title":"Lady Macbeth gicl\u00e9e print - Fernando Vicente Serie Geishas","og_description":"Lady Macbeth gicl\u00e9e print on high quality Hahnem\u00fchle paper. Gicl\u00e9e print quality. Anatomy and literary characters Fernando Vicente","og_url":"https:\/\/www.fernandovicente.es\/en\/shop-online-prints-books-original-cards-postcards-calendars-fernando-vicente\/lady-macbeth-giclee-print\/","og_site_name":"Fernando Vicente","article_publisher":"https:\/\/www.facebook.com\/FernandoVicenteIllustrator\/","article_modified_time":"2025-07-15T12:30:58+00:00","og_image":[{"url":"https:\/\/www.fernandovicente.es\/wp-content\/uploads\/2014\/11\/Cabecera-Impersiones-e1519760225950.jpg","type":"","width":"","height":""}],"twitter_card":"summary_large_image","twitter_site":"@fvicente_illust","twitter_misc":{"Est. reading time":"1 minute"},"schema":{"@context":"https:\/\/schema.org","@graph":[{"@type":"WebPage","@id":"https:\/\/www.fernandovicente.es\/en\/shop-online-prints-books-original-cards-postcards-calendars-fernando-vicente\/lady-macbeth-giclee-print\/","url":"https:\/\/www.fernandovicente.es\/en\/shop-online-prints-books-original-cards-postcards-calendars-fernando-vicente\/lady-macbeth-giclee-print\/","name":"Lady Macbeth gicl\u00e9e print - Fernando Vicente Serie Geishas","isPartOf":{"@id":"https:\/\/www.fernandovicente.es\/en\/#website"},"primaryImageOfPage":{"@id":"https:\/\/www.fernandovicente.es\/en\/shop-online-prints-books-original-cards-postcards-calendars-fernando-vicente\/lady-macbeth-giclee-print\/#primaryimage"},"image":{"@id":"https:\/\/www.fernandovicente.es\/en\/shop-online-prints-books-original-cards-postcards-calendars-fernando-vicente\/lady-macbeth-giclee-print\/#primaryimage"},"thumbnailUrl":"https:\/\/www.fernandovicente.es\/wp-content\/uploads\/2022\/12\/2022-Serie-Heroinas-literarias-Lady-Macbeth-Fernando-Vicente-web.jpg","datePublished":"2024-01-30T18:09:44+00:00","dateModified":"2025-07-15T12:30:58+00:00","description":"Lady Macbeth gicl\u00e9e print on high quality Hahnem\u00fchle paper. Gicl\u00e9e print quality. Anatomy and literary characters Fernando Vicente","breadcrumb":{"@id":"https:\/\/www.fernandovicente.es\/en\/shop-online-prints-books-original-cards-postcards-calendars-fernando-vicente\/lady-macbeth-giclee-print\/#breadcrumb"},"inLanguage":"en-US","potentialAction":[{"@type":"ReadAction","target":["https:\/\/www.fernandovicente.es\/en\/shop-online-prints-books-original-cards-postcards-calendars-fernando-vicente\/lady-macbeth-giclee-print\/"]}]},{"@type":"ImageObject","inLanguage":"en-US","@id":"https:\/\/www.fernandovicente.es\/en\/shop-online-prints-books-original-cards-postcards-calendars-fernando-vicente\/lady-macbeth-giclee-print\/#primaryimage","url":"https:\/\/www.fernandovicente.es\/wp-content\/uploads\/2022\/12\/2022-Serie-Heroinas-literarias-Lady-Macbeth-Fernando-Vicente-web.jpg","contentUrl":"https:\/\/www.fernandovicente.es\/wp-content\/uploads\/2022\/12\/2022-Serie-Heroinas-literarias-Lady-Macbeth-Fernando-Vicente-web.jpg","width":600,"height":600,"caption":"2022 Literary Heroines Series Lady Macbeth Fernando Vicente"},{"@type":"BreadcrumbList","@id":"https:\/\/www.fernandovicente.es\/en\/shop-online-prints-books-original-cards-postcards-calendars-fernando-vicente\/lady-macbeth-giclee-print\/#breadcrumb","itemListElement":[{"@type":"ListItem","position":1,"name":"Portada","item":"https:\/\/www.fernandovicente.es\/en\/"},{"@type":"ListItem","position":2,"name":"Shop Online","item":"https:\/\/www.fernandovicente.es\/en\/shop-online-prints-books-original-cards-postcards-calendars-fernando-vicente\/"},{"@type":"ListItem","position":3,"name":"Lady Macbeth gicl\u00e9e print"}]},{"@type":"WebSite","@id":"https:\/\/www.fernandovicente.es\/en\/#website","url":"https:\/\/www.fernandovicente.es\/en\/","name":"Fernando Vicente","description":"Ilustraci\u00f3n","publisher":{"@id":"https:\/\/www.fernandovicente.es\/en\/#\/schema\/person\/d49677cb48f2ea656b28261dd8f75d7f"},"potentialAction":[{"@type":"SearchAction","target":{"@type":"EntryPoint","urlTemplate":"https:\/\/www.fernandovicente.es\/en\/?s={search_term_string}"},"query-input":{"@type":"PropertyValueSpecification","valueRequired":true,"valueName":"search_term_string"}}],"inLanguage":"en-US"},{"@type":["Person","Organization"],"@id":"https:\/\/www.fernandovicente.es\/en\/#\/schema\/person\/d49677cb48f2ea656b28261dd8f75d7f","name":"Fernando Vicente","image":{"@type":"ImageObject","inLanguage":"en-US","@id":"https:\/\/www.fernandovicente.es\/en\/#\/schema\/person\/image\/","url":"https:\/\/www.fernandovicente.es\/wp-content\/uploads\/2014\/11\/fernando-vicente-Foto-e1419619123418.jpg","contentUrl":"https:\/\/www.fernandovicente.es\/wp-content\/uploads\/2014\/11\/fernando-vicente-Foto-e1419619123418.jpg","width":300,"height":300,"caption":"Fernando Vicente"},"logo":{"@id":"https:\/\/www.fernandovicente.es\/en\/#\/schema\/person\/image\/"},"description":"Fernando Vicente - Painter &amp; illustrator","sameAs":["http:\/\/www.fernandovicente.es","https:\/\/www.facebook.com\/FernandoVicenteIllustrator\/","https:\/\/www.instagram.com\/fvicente_illust\/","https:\/\/www.linkedin.com\/in\/fernando-vicente-97595012","https:\/\/www.pinterest.es\/FVicente_illust\/","https:\/\/x.com\/https:\/\/twitter.com\/fvicente_illust"]}]}},"_links":{"self":[{"href":"https:\/\/www.fernandovicente.es\/en\/wp-json\/wp\/v2\/product\/13736","targetHints":{"allow":["GET"]}}],"collection":[{"href":"https:\/\/www.fernandovicente.es\/en\/wp-json\/wp\/v2\/product"}],"about":[{"href":"https:\/\/www.fernandovicente.es\/en\/wp-json\/wp\/v2\/types\/product"}],"wp:featuredmedia":[{"embeddable":true,"href":"https:\/\/www.fernandovicente.es\/en\/wp-json\/wp\/v2\/media\/12441"}],"wp:attachment":[{"href":"https:\/\/www.fernandovicente.es\/en\/wp-json\/wp\/v2\/media?parent=13736"}],"wp:term":[{"taxonomy":"product_cat","embeddable":true,"href":"https:\/\/www.fernandovicente.es\/en\/wp-json\/wp\/v2\/product_cat?post=13736"},{"taxonomy":"product_tag","embeddable":true,"href":"https:\/\/www.fernandovicente.es\/en\/wp-json\/wp\/v2\/product_tag?post=13736"}],"curies":[{"name":"wp","href":"https:\/\/api.w.org\/{rel}","templated":true}]}}