{"id":13964,"date":"2025-01-01T12:06:29","date_gmt":"2025-01-01T10:06:29","guid":{"rendered":"https:\/\/www.fernandovicente.es\/?post_type=product&#038;p=13964"},"modified":"2026-01-10T20:25:11","modified_gmt":"2026-01-10T18:25:11","slug":"flechazo-lector-print","status":"publish","type":"product","link":"https:\/\/www.fernandovicente.es\/en\/shop-online-prints-books-original-cards-postcards-calendars-fernando-vicente\/flechazo-lector-print\/","title":{"rendered":"Flechazo Lector print"},"content":{"rendered":"<div data-midnight=\"dark-title\" class=\"row wpb_row row-fluid\"><div class=\"wpb_column columns medium-12 thb-dark-column small-12\"><div class=\"vc_column-inner \"><div class=\"wpb_wrapper\">\r\n\t<div class=\"wpb_text_column wpb_content_element  \">\r\n\t\t<div class=\"wpb_wrapper\">\r\n\t\t\t<h1>Flechazo Lector print<\/h1>\n<p>Flechazo Lector print ilustrado por <a href=\"https:\/\/www.instagram.com\/fvicente_illust\/?hl=es\">Fernando Vicente<\/a>. Mas ilustraciones<a href=\"https:\/\/www.fernandovicente.es\/en\/shop-online-prints-books-original-cards-postcards-calendars-fernando-vicente\/big-prints-giclee-of-illustration\/\"> de Fernando Vicente<\/a><\/p>\n\r\n\t\t<\/div>\r\n\t<\/div>\r\n<div class=\"vc_separator wpb_content_element vc_separator_align_center vc_sep_width_100 vc_sep_border_width_2 vc_sep_pos_align_center vc_separator_no_text vc_sep_color_grey wpb_content_element  wpb_content_element\" ><span class=\"vc_sep_holder vc_sep_holder_l\"><span class=\"vc_sep_line\"><\/span><\/span><span class=\"vc_sep_holder vc_sep_holder_r\"><span class=\"vc_sep_line\"><\/span><\/span>\n<\/div><div class=\"vc_empty_space\"   style=\"height: 32px\"><span class=\"vc_empty_space_inner\"><\/span><\/div><\/div><\/div><\/div><\/div><div data-midnight=\"dark-title\" class=\"row wpb_row row-fluid\"><div class=\"wpb_column columns medium-12 thb-dark-column small-12\"><div class=\"vc_column-inner \"><div class=\"wpb_wrapper\"><div id=\"ts-vcsc-image-gallery-9382027\" class=\"ts-image-gallery-wrapper ts-kraut-lightbox-frame   \" data-style=\"grid\" data-break-parents=\"6\" data-inline=\"false\" style=\"margin-top: 0px; margin-bottom: 0px; position: relative;\"><div id=\"ts-vcsc-image-gallery-9382027-grid\" class=\"ts-lightbox-gallery-grid\"><a style=\"width: 20%; height: 100%; display: inline-block; margin: 0; padding: 0;; display: none;\" id=\"krautgroup9382027-0\" href=\"https:\/\/www.fernandovicente.es\/wp-content\/uploads\/2023\/12\/Flechazo-Lector-Fernando-Vicente.jpg\" target=\"_blank\" data-preview=\"https:\/\/www.fernandovicente.es\/wp-content\/uploads\/2023\/12\/Flechazo-Lector-Fernando-Vicente-231x300.jpg\" data-thumbnail=\"https:\/\/www.fernandovicente.es\/wp-content\/uploads\/2023\/12\/Flechazo-Lector-Fernando-Vicente-231x300.jpg\" data-include=\"true\" data-hover=\"Flechazo Lector Fernando Vicente\" data-alt=\"\" data-title=\"Flechazo Lector Fernando Vicente\" data-groups=\"\" class=\"kraut-lightbox-media no-ajaxy ts-hover-image krautgroup9382027 nofancybox\" rel=\"krautgroup9382027\" data-effect=\"simpleFade\" data-nohashes=\"true\" data-usecors=\"global\" data-save=\"0\" data-share=\"1\" data-no-lazy=\"1\">#1<\/a><a style=\"width: 20%; height: 100%; display: inline-block; margin: 0; padding: 0;; display: none;\" id=\"krautgroup9382027-1\" href=\"https:\/\/www.fernandovicente.es\/wp-content\/uploads\/2014\/11\/CARTEL-2015-Fernando-Vicente-e1569155436103.jpg\" target=\"_blank\" data-preview=\"https:\/\/www.fernandovicente.es\/wp-content\/uploads\/2014\/11\/CARTEL-2015-Fernando-Vicente-e1569155436103-223x300.jpg\" data-thumbnail=\"https:\/\/www.fernandovicente.es\/wp-content\/uploads\/2014\/11\/CARTEL-2015-Fernando-Vicente-e1569155436103-223x300.jpg\" data-include=\"true\" data-hover=\"Cartel Feria oton\u0303o 2015 detalle Fernando Vicente\" data-alt=\"\" data-title=\"Cartel Feria oton\u0303o 2015 detalle Fernando Vicente\" data-groups=\"\" class=\"kraut-lightbox-media no-ajaxy ts-hover-image krautgroup9382027 nofancybox\" rel=\"krautgroup9382027\" data-effect=\"simpleFade\" data-nohashes=\"true\" data-usecors=\"global\" data-save=\"0\" data-share=\"1\" data-no-lazy=\"1\">#2<\/a><a style=\"width: 20%; height: 100%; display: inline-block; margin: 0; padding: 0;; display: none;\" id=\"krautgroup9382027-2\" href=\"https:\/\/www.fernandovicente.es\/wp-content\/uploads\/2016\/09\/Feria-libro-oton\u0303o-Quijote-Fernando-Vicente-e1540664644684.jpg\" target=\"_blank\" data-preview=\"https:\/\/www.fernandovicente.es\/wp-content\/uploads\/2016\/09\/Feria-libro-oton\u0303o-Quijote-Fernando-Vicente-e1540664644684.jpg\" data-thumbnail=\"https:\/\/www.fernandovicente.es\/wp-content\/uploads\/2016\/09\/Feria-libro-oton\u0303o-Quijote-Fernando-Vicente-e1540664644684.jpg\" data-include=\"true\" data-hover=\"Feria del libro Viejo y antiguo 2016\" data-alt=\"\" data-title=\"Feria del libro Viejo y antiguo 2016\" data-groups=\"\" class=\"kraut-lightbox-media no-ajaxy ts-hover-image krautgroup9382027 nofancybox\" rel=\"krautgroup9382027\" data-effect=\"simpleFade\" data-nohashes=\"true\" data-usecors=\"global\" data-save=\"0\" data-share=\"1\" data-no-lazy=\"1\">#3<\/a><a style=\"width: 20%; height: 100%; display: inline-block; margin: 0; padding: 0;; display: none;\" id=\"krautgroup9382027-3\" href=\"https:\/\/www.fernandovicente.es\/wp-content\/uploads\/2018\/09\/Cartel-feria-de-Oton\u0303o-Feria-de-libro-antiguo-Oton\u0303o-2018-Fernando-Vicente-e1552472430574.jpg\" target=\"_blank\" data-preview=\"https:\/\/www.fernandovicente.es\/wp-content\/uploads\/2018\/09\/Cartel-feria-de-Oton\u0303o-Feria-de-libro-antiguo-Oton\u0303o-2018-Fernando-Vicente-210x300.jpg\" data-thumbnail=\"https:\/\/www.fernandovicente.es\/wp-content\/uploads\/2018\/09\/Cartel-feria-de-Oton\u0303o-Feria-de-libro-antiguo-Oton\u0303o-2018-Fernando-Vicente-210x300.jpg\" data-include=\"true\" data-hover=\"Cartel feria de Oton\u0303o Feria de libro antiguo Oton\u0303o 2018 Fernando Vicente\" data-alt=\"\" data-title=\"Cartel feria de Oton\u0303o Feria de libro antiguo Oton\u0303o 2018 Fernando Vicente\" data-groups=\"\" class=\"kraut-lightbox-media no-ajaxy ts-hover-image krautgroup9382027 nofancybox\" rel=\"krautgroup9382027\" data-effect=\"simpleFade\" data-nohashes=\"true\" data-usecors=\"global\" data-save=\"0\" data-share=\"1\" data-no-lazy=\"1\">#4<\/a><a style=\"width: 20%; height: 100%; display: inline-block; margin: 0; padding: 0;; display: none;\" id=\"krautgroup9382027-4\" href=\"https:\/\/www.fernandovicente.es\/wp-content\/uploads\/2017\/09\/Feria-oton\u0303o-2017-Fernando-Vicente-Blog-e1540854187283.jpg\" target=\"_blank\" data-preview=\"https:\/\/www.fernandovicente.es\/wp-content\/uploads\/2017\/09\/Feria-oton\u0303o-2017-Fernando-Vicente-Blog-e1540854187283.jpg\" data-thumbnail=\"https:\/\/www.fernandovicente.es\/wp-content\/uploads\/2017\/09\/Feria-oton\u0303o-2017-Fernando-Vicente-Blog-e1540854187283.jpg\" data-include=\"true\" data-hover=\"Feria oto\u00f1o 2017 Fernando Vicente\" data-alt=\"\" data-title=\"Feria oto\u00f1o 2017 Fernando Vicente\" data-groups=\"\" class=\"kraut-lightbox-media no-ajaxy ts-hover-image krautgroup9382027 nofancybox\" rel=\"krautgroup9382027\" data-effect=\"simpleFade\" data-nohashes=\"true\" data-usecors=\"global\" data-save=\"0\" data-share=\"1\" data-no-lazy=\"1\">#5<\/a><a style=\"width: 20%; height: 100%; display: inline-block; margin: 0; padding: 0;; display: none;\" id=\"krautgroup9382027-5\" href=\"https:\/\/www.fernandovicente.es\/wp-content\/uploads\/2019\/09\/Cartel-feria-de-Oton\u0303o-Feria-de-libro-antiguo-Oton\u0303o-2019-Fernando-Vicente.jpg\" target=\"_blank\" data-preview=\"https:\/\/www.fernandovicente.es\/wp-content\/uploads\/2019\/09\/Cartel-feria-de-Oton\u0303o-Feria-de-libro-antiguo-Oton\u0303o-2019-Fernando-Vicente-210x300.jpg\" data-thumbnail=\"https:\/\/www.fernandovicente.es\/wp-content\/uploads\/2019\/09\/Cartel-feria-de-Oton\u0303o-Feria-de-libro-antiguo-Oton\u0303o-2019-Fernando-Vicente-210x300.jpg\" data-include=\"true\" data-hover=\"Cartel feria de Oton\u0303o Feria de libro antiguo Oton\u0303o 2019 Fernando Vicente\" data-alt=\"\" data-title=\"Cartel feria de Oton\u0303o Feria de libro antiguo Oton\u0303o 2019 Fernando Vicente\" data-groups=\"\" class=\"kraut-lightbox-media no-ajaxy ts-hover-image krautgroup9382027 nofancybox\" rel=\"krautgroup9382027\" data-effect=\"simpleFade\" data-nohashes=\"true\" data-usecors=\"global\" data-save=\"0\" data-share=\"1\" data-no-lazy=\"1\">#6<\/a><a style=\"width: 20%; height: 100%; display: inline-block; margin: 0; padding: 0;; display: none;\" id=\"krautgroup9382027-6\" href=\"https:\/\/www.fernandovicente.es\/wp-content\/uploads\/2021\/10\/Feria-del-libro-de-Malaga-Fernando-Vicente-Ancho.jpg\" target=\"_blank\" data-preview=\"https:\/\/www.fernandovicente.es\/wp-content\/uploads\/2021\/10\/Feria-del-libro-de-Malaga-Fernando-Vicente-Ancho-300x222.jpg\" data-thumbnail=\"https:\/\/www.fernandovicente.es\/wp-content\/uploads\/2021\/10\/Feria-del-libro-de-Malaga-Fernando-Vicente-Ancho-300x222.jpg\" data-include=\"true\" data-hover=\"Feria-del-libro-de-Malaga-Fernando-Vicente-Ancho\" data-alt=\"\" data-title=\"Feria-del-libro-de-Malaga-Fernando-Vicente-Ancho\" data-groups=\"\" class=\"kraut-lightbox-media no-ajaxy ts-hover-image krautgroup9382027 nofancybox\" rel=\"krautgroup9382027\" data-effect=\"simpleFade\" data-nohashes=\"true\" data-usecors=\"global\" data-save=\"0\" data-share=\"1\" data-no-lazy=\"1\">#7<\/a><a style=\"width: 20%; height: 100%; display: inline-block; margin: 0; padding: 0;; display: none;\" id=\"krautgroup9382027-7\" href=\"https:\/\/www.fernandovicente.es\/wp-content\/uploads\/2022\/10\/Feria-oton\u0303o-022-ok-web.jpg\" target=\"_blank\" data-preview=\"https:\/\/www.fernandovicente.es\/wp-content\/uploads\/2022\/10\/Feria-oton\u0303o-022-ok-web-212x300.jpg\" data-thumbnail=\"https:\/\/www.fernandovicente.es\/wp-content\/uploads\/2022\/10\/Feria-oton\u0303o-022-ok-web-212x300.jpg\" data-include=\"true\" data-hover=\"Feria de Oto\u00f1o 2022\" data-alt=\"\" data-title=\"Feria de Oto\u00f1o 2022\" data-groups=\"\" class=\"kraut-lightbox-media no-ajaxy ts-hover-image krautgroup9382027 nofancybox\" rel=\"krautgroup9382027\" data-effect=\"simpleFade\" data-nohashes=\"true\" data-usecors=\"global\" data-save=\"0\" data-share=\"1\" data-no-lazy=\"1\">#8<\/a><a style=\"width: 20%; height: 100%; display: inline-block; margin: 0; padding: 0;; display: none;\" id=\"krautgroup9382027-8\" href=\"https:\/\/www.fernandovicente.es\/wp-content\/uploads\/2023\/08\/Feria-de-otono-2023-Fernando-Vicente.jpg\" target=\"_blank\" data-preview=\"https:\/\/www.fernandovicente.es\/wp-content\/uploads\/2023\/08\/Feria-de-otono-2023-Fernando-Vicente-212x300.jpg\" data-thumbnail=\"https:\/\/www.fernandovicente.es\/wp-content\/uploads\/2023\/08\/Feria-de-otono-2023-Fernando-Vicente-212x300.jpg\" data-include=\"true\" data-hover=\"Feria de oton\u0303o 2023 Fernando Vicente\" data-alt=\"\" data-title=\"Feria de oton\u0303o 2023 Fernando Vicente\" data-groups=\"\" class=\"kraut-lightbox-media no-ajaxy ts-hover-image krautgroup9382027 nofancybox\" rel=\"krautgroup9382027\" data-effect=\"simpleFade\" data-nohashes=\"true\" data-usecors=\"global\" data-save=\"0\" data-share=\"1\" data-no-lazy=\"1\">#9<\/a><a style=\"width: 20%; height: 100%; display: inline-block; margin: 0; padding: 0;; display: none;\" id=\"krautgroup9382027-9\" href=\"https:\/\/www.fernandovicente.es\/wp-content\/uploads\/2024\/09\/Cartel-Feria-de-otono-del-libro-viejo-y-antiguo-2024-Fernando-Vicente-web.jpg\" target=\"_blank\" data-preview=\"https:\/\/www.fernandovicente.es\/wp-content\/uploads\/2024\/09\/Cartel-Feria-de-otono-del-libro-viejo-y-antiguo-2024-Fernando-Vicente-web-235x300.jpg\" data-thumbnail=\"https:\/\/www.fernandovicente.es\/wp-content\/uploads\/2024\/09\/Cartel-Feria-de-otono-del-libro-viejo-y-antiguo-2024-Fernando-Vicente-web-235x300.jpg\" data-random=\"9382027\" data-include=\"true\" data-hover=\"Cartel Feria de oton\u0303o del libro viejo y antiguo 2024 Fernando Vicente\" data-alt=\"\" data-title=\"Cartel Feria de oton\u0303o del libro viejo y antiguo 2024 Fernando Vicente\" data-groups=\"\" class=\"kraut-lightbox-media no-ajaxy ts-hover-image krautgroup9382027 nofancybox\" rel=\"krautgroup9382027\" data-effect=\"simpleFade\" data-usecors=\"global\" data-save=\"0\" data-share=\"1\" data-play=\"1\" data-autoplay=\"1\" data-duration=\"2100\" data-thumbsize=\"100\" data-thumbs=\"bottom\"  data-nohashes=\"true\" data-captions=\"true\" data-grid=\"240,480,720,960\" data-gridpreloader=\"false\" data-gridspace=\"2\" data-gridorder=\"false\" data-gridfilter=\"true\" data-gridavailable=\"Available Groups\" data-gridselected=\"Filtered Groups\" data-gridnogroups=\"No Groups\" data-gridtoggle=\"Toggle Filter\" data-gridtogglestyle=\"ts-color-button-belize-hole-flat\" data-gridshowall=\"Show All\" data-gridshowallstyle=\"ts-color-button-green-sea-flat\" data-no-lazy=\"1\">#10<\/a><\/div><\/div><\/div><\/div><\/div><\/div>\n","protected":false},"excerpt":{"rendered":"<p>Impresi\u00f3n Gicl\u00e9e en papel de algad\u00f3n Hanhem\u00fcle de 310gr de Alta calidad.<br \/>\nlustrado por Fernando Vicente<\/p>\n","protected":false},"featured_media":13972,"template":"","meta":[],"product_cat":[1292,456,2622,1807,1943],"product_tag":[2623,2624,2689,2625,358,2690,2626,2627,2628,2691,2629,2630,1946,359,3806],"class_list":{"0":"post-13964","1":"product","2":"type-product","3":"status-publish","4":"has-post-thumbnail","6":"product_cat-big-prints-giglee-en","7":"product_cat-prints-en","8":"product_cat-prints-giclee-en","9":"product_cat-prints-giclee-30x40-en","10":"product_cat-small-prints-giclee-en","11":"product_tag-amor-por-los-libros-en","12":"product_tag-eme21-en","13":"product_tag-feria-del-libro-en","14":"product_tag-fernando-vicente-en","15":"product_tag-flechazo-lector-en","16":"product_tag-la-feria-de-las-librerias-en","17":"product_tag-lectura-en","18":"product_tag-lectura-de-cuarentena-en","19":"product_tag-lectura-en-casa-en","20":"product_tag-librerias-en","21":"product_tag-libros-en","22":"product_tag-musica-en-los-balcones-en","23":"product_tag-parque-del-retiro-en","24":"product_tag-quijote-en","25":"product_tag-quijote-moderno-en","26":"product_shipping_class-libros-impresiones-barajas-postales-originales-en","27":"pa_color-flechazo-lector-en","28":"pa_tamano-245x33","29":"pa_tamano-30-x-40-cm","30":"pa_tamano-42-x-594-cm","31":"fb_product_set-tienda-online-woo","33":"first","34":"instock","35":"featured","36":"shipping-taxable","37":"purchasable","38":"product-type-variable","39":"has-default-attributes","40":"wvs-archive-product-wrapper"},"yoast_head":"<!-- This site is optimized with the Yoast SEO plugin v26.9 - https:\/\/yoast.com\/product\/yoast-seo-wordpress\/ -->\n<title>Flechazo Lector print - Fernando Vicente ilustrador<\/title>\n<meta name=\"description\" content=\"Flechazo Lector print. Flechazo Lector Cartel Feria del Libro Madrid 2015. El amor por los libros y la literatura ilustrado por Fernando Vicente\" \/>\n<meta name=\"robots\" content=\"index, follow, max-snippet:-1, max-image-preview:large, max-video-preview:-1\" \/>\n<link rel=\"canonical\" href=\"https:\/\/www.fernandovicente.es\/en\/shop-online-prints-books-original-cards-postcards-calendars-fernando-vicente\/flechazo-lector-print\/\" \/>\n<meta property=\"og:locale\" content=\"en_US\" \/>\n<meta property=\"og:type\" content=\"article\" \/>\n<meta property=\"og:title\" content=\"Flechazo Lector print - Fernando Vicente ilustrador\" \/>\n<meta property=\"og:description\" content=\"Flechazo Lector print. Flechazo Lector Cartel Feria del Libro Madrid 2015. El amor por los libros y la literatura ilustrado por Fernando Vicente\" \/>\n<meta property=\"og:url\" content=\"https:\/\/www.fernandovicente.es\/en\/shop-online-prints-books-original-cards-postcards-calendars-fernando-vicente\/flechazo-lector-print\/\" \/>\n<meta property=\"og:site_name\" content=\"Fernando Vicente\" \/>\n<meta property=\"article:publisher\" content=\"https:\/\/www.facebook.com\/FernandoVicenteIllustrator\/\" \/>\n<meta property=\"article:modified_time\" content=\"2026-01-10T18:25:11+00:00\" \/>\n<meta property=\"og:image\" content=\"https:\/\/www.fernandovicente.es\/wp-content\/uploads\/2023\/12\/Flechazo-Lector-Fernando-Vicente.jpg\" \/>\n\t<meta property=\"og:image:width\" content=\"693\" \/>\n\t<meta property=\"og:image:height\" content=\"900\" \/>\n\t<meta property=\"og:image:type\" content=\"image\/jpeg\" \/>\n<meta name=\"twitter:card\" content=\"summary_large_image\" \/>\n<meta name=\"twitter:site\" content=\"@fvicente_illust\" \/>\n<script type=\"application\/ld+json\" class=\"yoast-schema-graph\">{\"@context\":\"https:\/\/schema.org\",\"@graph\":[{\"@type\":\"WebPage\",\"@id\":\"https:\/\/www.fernandovicente.es\/en\/shop-online-prints-books-original-cards-postcards-calendars-fernando-vicente\/flechazo-lector-print\/\",\"url\":\"https:\/\/www.fernandovicente.es\/en\/shop-online-prints-books-original-cards-postcards-calendars-fernando-vicente\/flechazo-lector-print\/\",\"name\":\"Flechazo Lector print - Fernando Vicente ilustrador\",\"isPartOf\":{\"@id\":\"https:\/\/www.fernandovicente.es\/en\/#website\"},\"primaryImageOfPage\":{\"@id\":\"https:\/\/www.fernandovicente.es\/en\/shop-online-prints-books-original-cards-postcards-calendars-fernando-vicente\/flechazo-lector-print\/#primaryimage\"},\"image\":{\"@id\":\"https:\/\/www.fernandovicente.es\/en\/shop-online-prints-books-original-cards-postcards-calendars-fernando-vicente\/flechazo-lector-print\/#primaryimage\"},\"thumbnailUrl\":\"https:\/\/www.fernandovicente.es\/wp-content\/uploads\/2023\/12\/Flechazo-Lector-Fernando-Vicente.jpg\",\"datePublished\":\"2025-01-01T10:06:29+00:00\",\"dateModified\":\"2026-01-10T18:25:11+00:00\",\"description\":\"Flechazo Lector print. Flechazo Lector Cartel Feria del Libro Madrid 2015. El amor por los libros y la literatura ilustrado por Fernando Vicente\",\"breadcrumb\":{\"@id\":\"https:\/\/www.fernandovicente.es\/en\/shop-online-prints-books-original-cards-postcards-calendars-fernando-vicente\/flechazo-lector-print\/#breadcrumb\"},\"inLanguage\":\"en-US\",\"potentialAction\":[{\"@type\":\"ReadAction\",\"target\":[\"https:\/\/www.fernandovicente.es\/en\/shop-online-prints-books-original-cards-postcards-calendars-fernando-vicente\/flechazo-lector-print\/\"]}]},{\"@type\":\"ImageObject\",\"inLanguage\":\"en-US\",\"@id\":\"https:\/\/www.fernandovicente.es\/en\/shop-online-prints-books-original-cards-postcards-calendars-fernando-vicente\/flechazo-lector-print\/#primaryimage\",\"url\":\"https:\/\/www.fernandovicente.es\/wp-content\/uploads\/2023\/12\/Flechazo-Lector-Fernando-Vicente.jpg\",\"contentUrl\":\"https:\/\/www.fernandovicente.es\/wp-content\/uploads\/2023\/12\/Flechazo-Lector-Fernando-Vicente.jpg\",\"width\":693,\"height\":900,\"caption\":\"Flechazo Lector Cartel Feria del Libro Madrid 2015\"},{\"@type\":\"BreadcrumbList\",\"@id\":\"https:\/\/www.fernandovicente.es\/en\/shop-online-prints-books-original-cards-postcards-calendars-fernando-vicente\/flechazo-lector-print\/#breadcrumb\",\"itemListElement\":[{\"@type\":\"ListItem\",\"position\":1,\"name\":\"Portada\",\"item\":\"https:\/\/www.fernandovicente.es\/en\/\"},{\"@type\":\"ListItem\",\"position\":2,\"name\":\"Shop Online\",\"item\":\"https:\/\/www.fernandovicente.es\/en\/shop-online-prints-books-original-cards-postcards-calendars-fernando-vicente\/\"},{\"@type\":\"ListItem\",\"position\":3,\"name\":\"Flechazo Lector print\"}]},{\"@type\":\"WebSite\",\"@id\":\"https:\/\/www.fernandovicente.es\/en\/#website\",\"url\":\"https:\/\/www.fernandovicente.es\/en\/\",\"name\":\"Fernando Vicente\",\"description\":\"Ilustraci\u00f3n\",\"publisher\":{\"@id\":\"https:\/\/www.fernandovicente.es\/en\/#\/schema\/person\/d49677cb48f2ea656b28261dd8f75d7f\"},\"potentialAction\":[{\"@type\":\"SearchAction\",\"target\":{\"@type\":\"EntryPoint\",\"urlTemplate\":\"https:\/\/www.fernandovicente.es\/en\/?s={search_term_string}\"},\"query-input\":{\"@type\":\"PropertyValueSpecification\",\"valueRequired\":true,\"valueName\":\"search_term_string\"}}],\"inLanguage\":\"en-US\"},{\"@type\":[\"Person\",\"Organization\"],\"@id\":\"https:\/\/www.fernandovicente.es\/en\/#\/schema\/person\/d49677cb48f2ea656b28261dd8f75d7f\",\"name\":\"Fernando Vicente\",\"image\":{\"@type\":\"ImageObject\",\"inLanguage\":\"en-US\",\"@id\":\"https:\/\/www.fernandovicente.es\/en\/#\/schema\/person\/image\/\",\"url\":\"https:\/\/www.fernandovicente.es\/wp-content\/uploads\/2014\/11\/fernando-vicente-Foto-e1419619123418.jpg\",\"contentUrl\":\"https:\/\/www.fernandovicente.es\/wp-content\/uploads\/2014\/11\/fernando-vicente-Foto-e1419619123418.jpg\",\"width\":300,\"height\":300,\"caption\":\"Fernando Vicente\"},\"logo\":{\"@id\":\"https:\/\/www.fernandovicente.es\/en\/#\/schema\/person\/image\/\"},\"description\":\"Fernando Vicente - Painter &amp; illustrator\",\"sameAs\":[\"http:\/\/www.fernandovicente.es\",\"https:\/\/www.facebook.com\/FernandoVicenteIllustrator\/\",\"https:\/\/www.instagram.com\/fvicente_illust\/\",\"https:\/\/www.linkedin.com\/in\/fernando-vicente-97595012\",\"https:\/\/www.pinterest.es\/FVicente_illust\/\",\"https:\/\/x.com\/https:\/\/twitter.com\/fvicente_illust\"]}]}<\/script>\n<!-- \/ Yoast SEO plugin. -->","yoast_head_json":{"title":"Flechazo Lector print - Fernando Vicente ilustrador","description":"Flechazo Lector print. Flechazo Lector Cartel Feria del Libro Madrid 2015. El amor por los libros y la literatura ilustrado por Fernando Vicente","robots":{"index":"index","follow":"follow","max-snippet":"max-snippet:-1","max-image-preview":"max-image-preview:large","max-video-preview":"max-video-preview:-1"},"canonical":"https:\/\/www.fernandovicente.es\/en\/shop-online-prints-books-original-cards-postcards-calendars-fernando-vicente\/flechazo-lector-print\/","og_locale":"en_US","og_type":"article","og_title":"Flechazo Lector print - Fernando Vicente ilustrador","og_description":"Flechazo Lector print. Flechazo Lector Cartel Feria del Libro Madrid 2015. El amor por los libros y la literatura ilustrado por Fernando Vicente","og_url":"https:\/\/www.fernandovicente.es\/en\/shop-online-prints-books-original-cards-postcards-calendars-fernando-vicente\/flechazo-lector-print\/","og_site_name":"Fernando Vicente","article_publisher":"https:\/\/www.facebook.com\/FernandoVicenteIllustrator\/","article_modified_time":"2026-01-10T18:25:11+00:00","og_image":[{"width":693,"height":900,"url":"https:\/\/www.fernandovicente.es\/wp-content\/uploads\/2023\/12\/Flechazo-Lector-Fernando-Vicente.jpg","type":"image\/jpeg"}],"twitter_card":"summary_large_image","twitter_site":"@fvicente_illust","schema":{"@context":"https:\/\/schema.org","@graph":[{"@type":"WebPage","@id":"https:\/\/www.fernandovicente.es\/en\/shop-online-prints-books-original-cards-postcards-calendars-fernando-vicente\/flechazo-lector-print\/","url":"https:\/\/www.fernandovicente.es\/en\/shop-online-prints-books-original-cards-postcards-calendars-fernando-vicente\/flechazo-lector-print\/","name":"Flechazo Lector print - Fernando Vicente ilustrador","isPartOf":{"@id":"https:\/\/www.fernandovicente.es\/en\/#website"},"primaryImageOfPage":{"@id":"https:\/\/www.fernandovicente.es\/en\/shop-online-prints-books-original-cards-postcards-calendars-fernando-vicente\/flechazo-lector-print\/#primaryimage"},"image":{"@id":"https:\/\/www.fernandovicente.es\/en\/shop-online-prints-books-original-cards-postcards-calendars-fernando-vicente\/flechazo-lector-print\/#primaryimage"},"thumbnailUrl":"https:\/\/www.fernandovicente.es\/wp-content\/uploads\/2023\/12\/Flechazo-Lector-Fernando-Vicente.jpg","datePublished":"2025-01-01T10:06:29+00:00","dateModified":"2026-01-10T18:25:11+00:00","description":"Flechazo Lector print. Flechazo Lector Cartel Feria del Libro Madrid 2015. El amor por los libros y la literatura ilustrado por Fernando Vicente","breadcrumb":{"@id":"https:\/\/www.fernandovicente.es\/en\/shop-online-prints-books-original-cards-postcards-calendars-fernando-vicente\/flechazo-lector-print\/#breadcrumb"},"inLanguage":"en-US","potentialAction":[{"@type":"ReadAction","target":["https:\/\/www.fernandovicente.es\/en\/shop-online-prints-books-original-cards-postcards-calendars-fernando-vicente\/flechazo-lector-print\/"]}]},{"@type":"ImageObject","inLanguage":"en-US","@id":"https:\/\/www.fernandovicente.es\/en\/shop-online-prints-books-original-cards-postcards-calendars-fernando-vicente\/flechazo-lector-print\/#primaryimage","url":"https:\/\/www.fernandovicente.es\/wp-content\/uploads\/2023\/12\/Flechazo-Lector-Fernando-Vicente.jpg","contentUrl":"https:\/\/www.fernandovicente.es\/wp-content\/uploads\/2023\/12\/Flechazo-Lector-Fernando-Vicente.jpg","width":693,"height":900,"caption":"Flechazo Lector Cartel Feria del Libro Madrid 2015"},{"@type":"BreadcrumbList","@id":"https:\/\/www.fernandovicente.es\/en\/shop-online-prints-books-original-cards-postcards-calendars-fernando-vicente\/flechazo-lector-print\/#breadcrumb","itemListElement":[{"@type":"ListItem","position":1,"name":"Portada","item":"https:\/\/www.fernandovicente.es\/en\/"},{"@type":"ListItem","position":2,"name":"Shop Online","item":"https:\/\/www.fernandovicente.es\/en\/shop-online-prints-books-original-cards-postcards-calendars-fernando-vicente\/"},{"@type":"ListItem","position":3,"name":"Flechazo Lector print"}]},{"@type":"WebSite","@id":"https:\/\/www.fernandovicente.es\/en\/#website","url":"https:\/\/www.fernandovicente.es\/en\/","name":"Fernando Vicente","description":"Ilustraci\u00f3n","publisher":{"@id":"https:\/\/www.fernandovicente.es\/en\/#\/schema\/person\/d49677cb48f2ea656b28261dd8f75d7f"},"potentialAction":[{"@type":"SearchAction","target":{"@type":"EntryPoint","urlTemplate":"https:\/\/www.fernandovicente.es\/en\/?s={search_term_string}"},"query-input":{"@type":"PropertyValueSpecification","valueRequired":true,"valueName":"search_term_string"}}],"inLanguage":"en-US"},{"@type":["Person","Organization"],"@id":"https:\/\/www.fernandovicente.es\/en\/#\/schema\/person\/d49677cb48f2ea656b28261dd8f75d7f","name":"Fernando Vicente","image":{"@type":"ImageObject","inLanguage":"en-US","@id":"https:\/\/www.fernandovicente.es\/en\/#\/schema\/person\/image\/","url":"https:\/\/www.fernandovicente.es\/wp-content\/uploads\/2014\/11\/fernando-vicente-Foto-e1419619123418.jpg","contentUrl":"https:\/\/www.fernandovicente.es\/wp-content\/uploads\/2014\/11\/fernando-vicente-Foto-e1419619123418.jpg","width":300,"height":300,"caption":"Fernando Vicente"},"logo":{"@id":"https:\/\/www.fernandovicente.es\/en\/#\/schema\/person\/image\/"},"description":"Fernando Vicente - Painter &amp; illustrator","sameAs":["http:\/\/www.fernandovicente.es","https:\/\/www.facebook.com\/FernandoVicenteIllustrator\/","https:\/\/www.instagram.com\/fvicente_illust\/","https:\/\/www.linkedin.com\/in\/fernando-vicente-97595012","https:\/\/www.pinterest.es\/FVicente_illust\/","https:\/\/x.com\/https:\/\/twitter.com\/fvicente_illust"]}]}},"_links":{"self":[{"href":"https:\/\/www.fernandovicente.es\/en\/wp-json\/wp\/v2\/product\/13964","targetHints":{"allow":["GET"]}}],"collection":[{"href":"https:\/\/www.fernandovicente.es\/en\/wp-json\/wp\/v2\/product"}],"about":[{"href":"https:\/\/www.fernandovicente.es\/en\/wp-json\/wp\/v2\/types\/product"}],"wp:featuredmedia":[{"embeddable":true,"href":"https:\/\/www.fernandovicente.es\/en\/wp-json\/wp\/v2\/media\/13972"}],"wp:attachment":[{"href":"https:\/\/www.fernandovicente.es\/en\/wp-json\/wp\/v2\/media?parent=13964"}],"wp:term":[{"taxonomy":"product_cat","embeddable":true,"href":"https:\/\/www.fernandovicente.es\/en\/wp-json\/wp\/v2\/product_cat?post=13964"},{"taxonomy":"product_tag","embeddable":true,"href":"https:\/\/www.fernandovicente.es\/en\/wp-json\/wp\/v2\/product_tag?post=13964"}],"curies":[{"name":"wp","href":"https:\/\/api.w.org\/{rel}","templated":true}]}}