{"id":16473,"date":"2024-06-18T20:00:54","date_gmt":"2024-06-18T18:00:54","guid":{"rendered":"https:\/\/www.fernandovicente.es\/?post_type=product&#038;p=16473"},"modified":"2025-09-01T19:36:48","modified_gmt":"2025-09-01T17:36:48","slug":"dibujos-originales-de-segovia","status":"publish","type":"product","link":"https:\/\/www.fernandovicente.es\/en\/shop-online-prints-books-original-cards-postcards-calendars-fernando-vicente\/dibujos-originales-de-segovia\/","title":{"rendered":"Dibujos Originales de Segovia"},"content":{"rendered":"<h1>Dibujos originales de Segovia<\/h1>\n<h2>Segovia &#8220;El rapto del agua&#8221; <a href=\"https:\/\/tintablanca.com\/tienda\/libros-de-viaje\/segovia-el-rapto-del-agua\">Editorial Tintablanca<\/a><\/h2>\n<figure id=\"attachment_16470\" aria-describedby=\"caption-attachment-16470\" style=\"width: 570px\" class=\"wp-caption aligncenter\"><img loading=\"lazy\" decoding=\"async\" class=\"size-full wp-image-16470\" src=\"https:\/\/www.fernandovicente.es\/wp-content\/uploads\/2025\/06\/Segovia-El-rapto-del-agua-Fernando-Vicente-web.jpg\" alt=\"\" width=\"570\" height=\"900\" srcset=\"https:\/\/www.fernandovicente.es\/wp-content\/uploads\/2025\/06\/Segovia-El-rapto-del-agua-Fernando-Vicente-web.jpg 570w, https:\/\/www.fernandovicente.es\/wp-content\/uploads\/2025\/06\/Segovia-El-rapto-del-agua-Fernando-Vicente-web-190x300.jpg 190w, https:\/\/www.fernandovicente.es\/wp-content\/uploads\/2025\/06\/Segovia-El-rapto-del-agua-Fernando-Vicente-web-430x679.jpg 430w\" sizes=\"auto, (max-width: 570px) 100vw, 570px\" \/><figcaption id=\"caption-attachment-16470\" class=\"wp-caption-text\">Segovia El rapto del agua de Espido Freire y Fernando Vicente<\/figcaption><\/figure>\n<p>Un relato hecho de poes\u00eda y memoria por las escenarios hist\u00f3ricos de la ciudad castellana, escrito por Espido Freire e ilustrado por Fernando Vicente.<\/p>\n<p>Espido Freire ha escrito en primera persona un largo paseo evocativo de los a\u00f1os que vivi\u00f3 en ella, los d\u00edas y las noches que la recorri\u00f3 sin descanso y en los que aprendi\u00f3 su historia, su patrimonio y su obra art\u00edstica y po\u00e9tica. Es la ciudad contemplada desde todos sus \u00e1ngulos, incluidos los de la poes\u00eda y el arte.<\/p>\n<p>Y junto a sus textos laten las ilustraciones de Fernando Vicente, uno de los dibujantes m\u00e1s reconocidos y premiados en Espa\u00f1a, que ha puesto en pie una ciudad llena de color, personalidad y vida.<\/p>\n<p>\u00abSe llega a Segovia despu\u00e9s de recorrer un peque\u00f1o laberinto de cruces y de carreteras, un pulpo de asfalto que, poco a poco, desenreda sus tent\u00e1culos y permite que veamos el tesoro de torres y picos que esconde: esta ciudad r\u00e1pidamente desencadena la nostalgia del mar y nos proyecta hacia lo alto, hasta sus 1002 metros de altitud: ah, s\u00ed, el mar queda muy lejos, muy abajo, en alg\u00fan lugar hacia el cual el r\u00edo Eresma corre\u00bb<\/p>\n<p>&nbsp;<\/p>\n","protected":false},"excerpt":{"rendered":"<p>Dibujos originales de Segovia Segovia &#8220;El rapto del agua&#8221; Editorial Tintablanca Un relato hecho de poes\u00eda y memoria por las escenarios hist\u00f3ricos de la ciudad&hellip;<\/p>\n","protected":false},"featured_media":16342,"template":"","meta":[],"product_cat":[433],"product_tag":[4195,147,4196,4170,2625,148,4171,4197,4172,4173],"class_list":{"0":"post-16473","1":"product","2":"type-product","3":"status-publish","4":"has-post-thumbnail","6":"product_cat-original-en","7":"product_tag-acueducto-en","8":"product_tag-drawings","9":"product_tag-esgrafiado-en","10":"product_tag-espido-freire-en","11":"product_tag-fernando-vicente-en","12":"product_tag-originales-en","13":"product_tag-originales-de-segovia-en","14":"product_tag-segovia-en","15":"product_tag-segovia-el-rapto-del-agua-en","16":"product_tag-tintablanca-en","17":"product_shipping_class-libros-impresiones-barajas-postales-originales-en","18":"pa_color-alcazar-puente-y-torre-de-juan-ii-en","19":"pa_color-antonio-machado-el-nazareno-san-juan-de-la-cruzagapito-marazuela-el-favorito-de-toribio-garcia-en","20":"pa_color-arco-de-la-claustra-en","21":"pa_color-calle-de-isabel-la-catolica-en","22":"pa_color-casa-de-la-lectura-biblioteca-municipal-iglesia-de-san-martin-en","23":"pa_color-casa-de-los-picos-en","24":"pa_color-casa-del-siglo-xv-en","25":"pa_color-convento-de-san-juan-de-la-cruz-en","26":"pa_color-detalles-segovianos-en","27":"pa_color-detalles-segovianos-ii-en","28":"pa_color-dibujando-segovia-en","29":"pa_color-el-alcazar-desde-el-rio-en","30":"pa_color-el-alcazar-desde-la-catedral-en","31":"pa_color-esgrafiado-segoviano-en","32":"pa_color-estatua-de-juan-bravo-en","33":"pa_color-iglesia-de-la-vera-cruz-en","34":"pa_color-iglesia-de-san-esteban-en","35":"pa_color-la-catedral-en","36":"pa_color-lampara-de-bronce-en-la-catedral-en","37":"pa_color-leyenda-del-diablo-y-la-aguadora-acueducto-de-segovia-en","38":"pa_color-museo-de-arte-contemporaneo-esteban-vicente-en","39":"pa_color-museo-zuloaga-en","40":"pa_color-palacio-episcopal-en","41":"pa_color-palacio-episcopal-silla-del-coro-de-santa-maria-del-parral-museo-antonio-machado-en","42":"pa_color-panoramica-de-segovia-desde-el-parador-en","43":"pa_color-patio-de-armas-en","44":"pa_color-plaza-de-medina-del-campo-iglesia-de-san-martin-en","45":"pa_color-pozos-y-fuentes-segoviano-en","46":"pa_color-puerta-de-san-andres-juderia-en","47":"pa_color-salon-del-trono-o-del-solio-en","48":"pa_color-santa-maria-del-parral-en","49":"pa_color-tejas-invertidas-de-segovia-en","50":"pa_color-torreon-del-alcazar-en","51":"pa_color-ventana-del-alcazar-en","52":"pa_color-vista-de-la-muralla-con-la-catedral-en","53":"pa_color-vistas-de-segovia-en","54":"fb_product_set-tienda-online-woo","56":"first","57":"instock","58":"shipping-taxable","59":"purchasable","60":"product-type-variable","61":"wvs-archive-product-wrapper"},"yoast_head":"<!-- This site is optimized with the Yoast SEO plugin v26.9 - https:\/\/yoast.com\/product\/yoast-seo-wordpress\/ -->\n<title>Dibujos Originales de Segovia - Fernando Vicente<\/title>\n<meta name=\"description\" content=\"Dibujos Originales de Segovia &quot;El rapto del agua&quot; Un relato por las escenarios de la ciudad, escrito por Espido Freire e ilustrado por Fernando Vicente.\" \/>\n<meta name=\"robots\" content=\"index, follow, max-snippet:-1, max-image-preview:large, max-video-preview:-1\" \/>\n<link rel=\"canonical\" href=\"https:\/\/www.fernandovicente.es\/en\/shop-online-prints-books-original-cards-postcards-calendars-fernando-vicente\/dibujos-originales-de-segovia\/\" \/>\n<meta property=\"og:locale\" content=\"en_US\" \/>\n<meta property=\"og:type\" content=\"article\" \/>\n<meta property=\"og:title\" content=\"Dibujos Originales de Segovia - Fernando Vicente\" \/>\n<meta property=\"og:description\" content=\"Dibujos Originales de Segovia &quot;El rapto del agua&quot; Un relato por las escenarios de la ciudad, escrito por Espido Freire e ilustrado por Fernando Vicente.\" \/>\n<meta property=\"og:url\" content=\"https:\/\/www.fernandovicente.es\/en\/shop-online-prints-books-original-cards-postcards-calendars-fernando-vicente\/dibujos-originales-de-segovia\/\" \/>\n<meta property=\"og:site_name\" content=\"Fernando Vicente\" \/>\n<meta property=\"article:publisher\" content=\"https:\/\/www.facebook.com\/FernandoVicenteIllustrator\/\" \/>\n<meta property=\"article:modified_time\" content=\"2025-09-01T17:36:48+00:00\" \/>\n<meta property=\"og:image\" content=\"https:\/\/www.fernandovicente.es\/wp-content\/uploads\/2014\/11\/Acueducto-Segovia-libro-Tintablanca-texto-Espido-Freire-Dibujos-Fernando-Vicente-web.jpg\" \/>\n\t<meta property=\"og:image:width\" content=\"1270\" \/>\n\t<meta property=\"og:image:height\" content=\"900\" \/>\n\t<meta property=\"og:image:type\" content=\"image\/jpeg\" \/>\n<meta name=\"twitter:card\" content=\"summary_large_image\" \/>\n<meta name=\"twitter:site\" content=\"@fvicente_illust\" \/>\n<meta name=\"twitter:label1\" content=\"Est. reading time\" \/>\n\t<meta name=\"twitter:data1\" content=\"2 minutes\" \/>\n<script type=\"application\/ld+json\" class=\"yoast-schema-graph\">{\"@context\":\"https:\/\/schema.org\",\"@graph\":[{\"@type\":\"WebPage\",\"@id\":\"https:\/\/www.fernandovicente.es\/en\/shop-online-prints-books-original-cards-postcards-calendars-fernando-vicente\/dibujos-originales-de-segovia\/\",\"url\":\"https:\/\/www.fernandovicente.es\/en\/shop-online-prints-books-original-cards-postcards-calendars-fernando-vicente\/dibujos-originales-de-segovia\/\",\"name\":\"Dibujos Originales de Segovia - Fernando Vicente\",\"isPartOf\":{\"@id\":\"https:\/\/www.fernandovicente.es\/en\/#website\"},\"primaryImageOfPage\":{\"@id\":\"https:\/\/www.fernandovicente.es\/en\/shop-online-prints-books-original-cards-postcards-calendars-fernando-vicente\/dibujos-originales-de-segovia\/#primaryimage\"},\"image\":{\"@id\":\"https:\/\/www.fernandovicente.es\/en\/shop-online-prints-books-original-cards-postcards-calendars-fernando-vicente\/dibujos-originales-de-segovia\/#primaryimage\"},\"thumbnailUrl\":\"https:\/\/www.fernandovicente.es\/wp-content\/uploads\/2014\/11\/Acueducto-Segovia-libro-Tintablanca-texto-Espido-Freire-Dibujos-Fernando-Vicente-web.jpg\",\"datePublished\":\"2024-06-18T18:00:54+00:00\",\"dateModified\":\"2025-09-01T17:36:48+00:00\",\"description\":\"Dibujos Originales de Segovia \\\"El rapto del agua\\\" Un relato por las escenarios de la ciudad, escrito por Espido Freire e ilustrado por Fernando Vicente.\",\"breadcrumb\":{\"@id\":\"https:\/\/www.fernandovicente.es\/en\/shop-online-prints-books-original-cards-postcards-calendars-fernando-vicente\/dibujos-originales-de-segovia\/#breadcrumb\"},\"inLanguage\":\"en-US\",\"potentialAction\":[{\"@type\":\"ReadAction\",\"target\":[\"https:\/\/www.fernandovicente.es\/en\/shop-online-prints-books-original-cards-postcards-calendars-fernando-vicente\/dibujos-originales-de-segovia\/\"]}]},{\"@type\":\"ImageObject\",\"inLanguage\":\"en-US\",\"@id\":\"https:\/\/www.fernandovicente.es\/en\/shop-online-prints-books-original-cards-postcards-calendars-fernando-vicente\/dibujos-originales-de-segovia\/#primaryimage\",\"url\":\"https:\/\/www.fernandovicente.es\/wp-content\/uploads\/2014\/11\/Acueducto-Segovia-libro-Tintablanca-texto-Espido-Freire-Dibujos-Fernando-Vicente-web.jpg\",\"contentUrl\":\"https:\/\/www.fernandovicente.es\/wp-content\/uploads\/2014\/11\/Acueducto-Segovia-libro-Tintablanca-texto-Espido-Freire-Dibujos-Fernando-Vicente-web.jpg\",\"width\":1270,\"height\":900,\"caption\":\"Acueducto Segovia libro Tintablanca texto Espido Freire Dibujos Fernando Vicente\"},{\"@type\":\"BreadcrumbList\",\"@id\":\"https:\/\/www.fernandovicente.es\/en\/shop-online-prints-books-original-cards-postcards-calendars-fernando-vicente\/dibujos-originales-de-segovia\/#breadcrumb\",\"itemListElement\":[{\"@type\":\"ListItem\",\"position\":1,\"name\":\"Portada\",\"item\":\"https:\/\/www.fernandovicente.es\/en\/\"},{\"@type\":\"ListItem\",\"position\":2,\"name\":\"Shop Online\",\"item\":\"https:\/\/www.fernandovicente.es\/en\/shop-online-prints-books-original-cards-postcards-calendars-fernando-vicente\/\"},{\"@type\":\"ListItem\",\"position\":3,\"name\":\"Dibujos Originales de Segovia\"}]},{\"@type\":\"WebSite\",\"@id\":\"https:\/\/www.fernandovicente.es\/en\/#website\",\"url\":\"https:\/\/www.fernandovicente.es\/en\/\",\"name\":\"Fernando Vicente\",\"description\":\"Ilustraci\u00f3n\",\"publisher\":{\"@id\":\"https:\/\/www.fernandovicente.es\/en\/#\/schema\/person\/d49677cb48f2ea656b28261dd8f75d7f\"},\"potentialAction\":[{\"@type\":\"SearchAction\",\"target\":{\"@type\":\"EntryPoint\",\"urlTemplate\":\"https:\/\/www.fernandovicente.es\/en\/?s={search_term_string}\"},\"query-input\":{\"@type\":\"PropertyValueSpecification\",\"valueRequired\":true,\"valueName\":\"search_term_string\"}}],\"inLanguage\":\"en-US\"},{\"@type\":[\"Person\",\"Organization\"],\"@id\":\"https:\/\/www.fernandovicente.es\/en\/#\/schema\/person\/d49677cb48f2ea656b28261dd8f75d7f\",\"name\":\"Fernando Vicente\",\"image\":{\"@type\":\"ImageObject\",\"inLanguage\":\"en-US\",\"@id\":\"https:\/\/www.fernandovicente.es\/en\/#\/schema\/person\/image\/\",\"url\":\"https:\/\/www.fernandovicente.es\/wp-content\/uploads\/2014\/11\/fernando-vicente-Foto-e1419619123418.jpg\",\"contentUrl\":\"https:\/\/www.fernandovicente.es\/wp-content\/uploads\/2014\/11\/fernando-vicente-Foto-e1419619123418.jpg\",\"width\":300,\"height\":300,\"caption\":\"Fernando Vicente\"},\"logo\":{\"@id\":\"https:\/\/www.fernandovicente.es\/en\/#\/schema\/person\/image\/\"},\"description\":\"Fernando Vicente - Painter &amp; illustrator\",\"sameAs\":[\"http:\/\/www.fernandovicente.es\",\"https:\/\/www.facebook.com\/FernandoVicenteIllustrator\/\",\"https:\/\/www.instagram.com\/fvicente_illust\/\",\"https:\/\/www.linkedin.com\/in\/fernando-vicente-97595012\",\"https:\/\/www.pinterest.es\/FVicente_illust\/\",\"https:\/\/x.com\/https:\/\/twitter.com\/fvicente_illust\"]}]}<\/script>\n<!-- \/ Yoast SEO plugin. -->","yoast_head_json":{"title":"Dibujos Originales de Segovia - Fernando Vicente","description":"Dibujos Originales de Segovia \"El rapto del agua\" Un relato por las escenarios de la ciudad, escrito por Espido Freire e ilustrado por Fernando Vicente.","robots":{"index":"index","follow":"follow","max-snippet":"max-snippet:-1","max-image-preview":"max-image-preview:large","max-video-preview":"max-video-preview:-1"},"canonical":"https:\/\/www.fernandovicente.es\/en\/shop-online-prints-books-original-cards-postcards-calendars-fernando-vicente\/dibujos-originales-de-segovia\/","og_locale":"en_US","og_type":"article","og_title":"Dibujos Originales de Segovia - Fernando Vicente","og_description":"Dibujos Originales de Segovia \"El rapto del agua\" Un relato por las escenarios de la ciudad, escrito por Espido Freire e ilustrado por Fernando Vicente.","og_url":"https:\/\/www.fernandovicente.es\/en\/shop-online-prints-books-original-cards-postcards-calendars-fernando-vicente\/dibujos-originales-de-segovia\/","og_site_name":"Fernando Vicente","article_publisher":"https:\/\/www.facebook.com\/FernandoVicenteIllustrator\/","article_modified_time":"2025-09-01T17:36:48+00:00","og_image":[{"width":1270,"height":900,"url":"https:\/\/www.fernandovicente.es\/wp-content\/uploads\/2014\/11\/Acueducto-Segovia-libro-Tintablanca-texto-Espido-Freire-Dibujos-Fernando-Vicente-web.jpg","type":"image\/jpeg"}],"twitter_card":"summary_large_image","twitter_site":"@fvicente_illust","twitter_misc":{"Est. reading time":"2 minutes"},"schema":{"@context":"https:\/\/schema.org","@graph":[{"@type":"WebPage","@id":"https:\/\/www.fernandovicente.es\/en\/shop-online-prints-books-original-cards-postcards-calendars-fernando-vicente\/dibujos-originales-de-segovia\/","url":"https:\/\/www.fernandovicente.es\/en\/shop-online-prints-books-original-cards-postcards-calendars-fernando-vicente\/dibujos-originales-de-segovia\/","name":"Dibujos Originales de Segovia - Fernando Vicente","isPartOf":{"@id":"https:\/\/www.fernandovicente.es\/en\/#website"},"primaryImageOfPage":{"@id":"https:\/\/www.fernandovicente.es\/en\/shop-online-prints-books-original-cards-postcards-calendars-fernando-vicente\/dibujos-originales-de-segovia\/#primaryimage"},"image":{"@id":"https:\/\/www.fernandovicente.es\/en\/shop-online-prints-books-original-cards-postcards-calendars-fernando-vicente\/dibujos-originales-de-segovia\/#primaryimage"},"thumbnailUrl":"https:\/\/www.fernandovicente.es\/wp-content\/uploads\/2014\/11\/Acueducto-Segovia-libro-Tintablanca-texto-Espido-Freire-Dibujos-Fernando-Vicente-web.jpg","datePublished":"2024-06-18T18:00:54+00:00","dateModified":"2025-09-01T17:36:48+00:00","description":"Dibujos Originales de Segovia \"El rapto del agua\" Un relato por las escenarios de la ciudad, escrito por Espido Freire e ilustrado por Fernando Vicente.","breadcrumb":{"@id":"https:\/\/www.fernandovicente.es\/en\/shop-online-prints-books-original-cards-postcards-calendars-fernando-vicente\/dibujos-originales-de-segovia\/#breadcrumb"},"inLanguage":"en-US","potentialAction":[{"@type":"ReadAction","target":["https:\/\/www.fernandovicente.es\/en\/shop-online-prints-books-original-cards-postcards-calendars-fernando-vicente\/dibujos-originales-de-segovia\/"]}]},{"@type":"ImageObject","inLanguage":"en-US","@id":"https:\/\/www.fernandovicente.es\/en\/shop-online-prints-books-original-cards-postcards-calendars-fernando-vicente\/dibujos-originales-de-segovia\/#primaryimage","url":"https:\/\/www.fernandovicente.es\/wp-content\/uploads\/2014\/11\/Acueducto-Segovia-libro-Tintablanca-texto-Espido-Freire-Dibujos-Fernando-Vicente-web.jpg","contentUrl":"https:\/\/www.fernandovicente.es\/wp-content\/uploads\/2014\/11\/Acueducto-Segovia-libro-Tintablanca-texto-Espido-Freire-Dibujos-Fernando-Vicente-web.jpg","width":1270,"height":900,"caption":"Acueducto Segovia libro Tintablanca texto Espido Freire Dibujos Fernando Vicente"},{"@type":"BreadcrumbList","@id":"https:\/\/www.fernandovicente.es\/en\/shop-online-prints-books-original-cards-postcards-calendars-fernando-vicente\/dibujos-originales-de-segovia\/#breadcrumb","itemListElement":[{"@type":"ListItem","position":1,"name":"Portada","item":"https:\/\/www.fernandovicente.es\/en\/"},{"@type":"ListItem","position":2,"name":"Shop Online","item":"https:\/\/www.fernandovicente.es\/en\/shop-online-prints-books-original-cards-postcards-calendars-fernando-vicente\/"},{"@type":"ListItem","position":3,"name":"Dibujos Originales de Segovia"}]},{"@type":"WebSite","@id":"https:\/\/www.fernandovicente.es\/en\/#website","url":"https:\/\/www.fernandovicente.es\/en\/","name":"Fernando Vicente","description":"Ilustraci\u00f3n","publisher":{"@id":"https:\/\/www.fernandovicente.es\/en\/#\/schema\/person\/d49677cb48f2ea656b28261dd8f75d7f"},"potentialAction":[{"@type":"SearchAction","target":{"@type":"EntryPoint","urlTemplate":"https:\/\/www.fernandovicente.es\/en\/?s={search_term_string}"},"query-input":{"@type":"PropertyValueSpecification","valueRequired":true,"valueName":"search_term_string"}}],"inLanguage":"en-US"},{"@type":["Person","Organization"],"@id":"https:\/\/www.fernandovicente.es\/en\/#\/schema\/person\/d49677cb48f2ea656b28261dd8f75d7f","name":"Fernando Vicente","image":{"@type":"ImageObject","inLanguage":"en-US","@id":"https:\/\/www.fernandovicente.es\/en\/#\/schema\/person\/image\/","url":"https:\/\/www.fernandovicente.es\/wp-content\/uploads\/2014\/11\/fernando-vicente-Foto-e1419619123418.jpg","contentUrl":"https:\/\/www.fernandovicente.es\/wp-content\/uploads\/2014\/11\/fernando-vicente-Foto-e1419619123418.jpg","width":300,"height":300,"caption":"Fernando Vicente"},"logo":{"@id":"https:\/\/www.fernandovicente.es\/en\/#\/schema\/person\/image\/"},"description":"Fernando Vicente - Painter &amp; illustrator","sameAs":["http:\/\/www.fernandovicente.es","https:\/\/www.facebook.com\/FernandoVicenteIllustrator\/","https:\/\/www.instagram.com\/fvicente_illust\/","https:\/\/www.linkedin.com\/in\/fernando-vicente-97595012","https:\/\/www.pinterest.es\/FVicente_illust\/","https:\/\/x.com\/https:\/\/twitter.com\/fvicente_illust"]}]}},"_links":{"self":[{"href":"https:\/\/www.fernandovicente.es\/en\/wp-json\/wp\/v2\/product\/16473","targetHints":{"allow":["GET"]}}],"collection":[{"href":"https:\/\/www.fernandovicente.es\/en\/wp-json\/wp\/v2\/product"}],"about":[{"href":"https:\/\/www.fernandovicente.es\/en\/wp-json\/wp\/v2\/types\/product"}],"wp:featuredmedia":[{"embeddable":true,"href":"https:\/\/www.fernandovicente.es\/en\/wp-json\/wp\/v2\/media\/16342"}],"wp:attachment":[{"href":"https:\/\/www.fernandovicente.es\/en\/wp-json\/wp\/v2\/media?parent=16473"}],"wp:term":[{"taxonomy":"product_cat","embeddable":true,"href":"https:\/\/www.fernandovicente.es\/en\/wp-json\/wp\/v2\/product_cat?post=16473"},{"taxonomy":"product_tag","embeddable":true,"href":"https:\/\/www.fernandovicente.es\/en\/wp-json\/wp\/v2\/product_tag?post=16473"}],"curies":[{"name":"wp","href":"https:\/\/api.w.org\/{rel}","templated":true}]}}