{"id":16853,"date":"2024-11-07T21:22:30","date_gmt":"2025-08-04T19:22:31","guid":{"rendered":"https:\/\/www.fernandovicente.es\/?post_type=product&#038;p=16853"},"modified":"2025-08-04T21:49:23","modified_gmt":"2025-08-04T19:49:23","slug":"copy-vulcans-forge-by-velazquez-museo-del-prado-copia","status":"publish","type":"product","link":"https:\/\/www.fernandovicente.es\/en\/shop-online-prints-books-original-cards-postcards-calendars-fernando-vicente\/copy-vulcans-forge-by-velazquez-museo-del-prado-copia\/","title":{"rendered":"Copy The Drunkards by Vel\u00e1zquez (Museo del Prado)"},"content":{"rendered":"<h1>Copia la fragua de Vulcano de Vel\u00e1zquez (Museo del Prado)<\/h1>\n<p class=\"voc-title\">Copia la fragua de Vulcano de Velazquez (Museo del Prado) Fernando Vicente, un copista en El Prado. Desde hace unos meses, el ilustrador y pintor ejerce de copista oficial en la pinacoteca madrile\u00f1a<\/p>\n<p class=\"voc-title\">Autor: Vel\u00e1zquez, Diego Rodr\u00edguez de Silva y<br \/>\nT\u00edtulo: La fragua de Vulcano<\/p>\n<p>T\u00e9cnica y soporte: \u00d3leo sobre Lienzo.\u00a0 \u00a0 \u00a0T\u00e9cnica y soporte copia: Oleo sobre lienzo<\/p>\n<p class=\"voc-title\">Medidas de la obra: 223 x 290 cm.\u00a0 \u00a0 \u00a0 \u00a0 \u00a0 \u00a0Medidas de la copia: 130x97cm<\/p>\n<p>&nbsp;<\/p>\n<figure id=\"attachment_16643\" aria-describedby=\"caption-attachment-16643\" style=\"width: 1200px\" class=\"wp-caption alignnone\"><img loading=\"lazy\" decoding=\"async\" class=\"wp-image-16643 size-full\" src=\"https:\/\/www.fernandovicente.es\/wp-content\/uploads\/2025\/07\/Copia-La-fragua-de-Vulcano-de-Velazquez-Museo-del-Prado-Fernando-Vicente-2.jpg\" alt=\"\" width=\"1200\" height=\"900\" srcset=\"https:\/\/www.fernandovicente.es\/wp-content\/uploads\/2025\/07\/Copia-La-fragua-de-Vulcano-de-Velazquez-Museo-del-Prado-Fernando-Vicente-2.jpg 1200w, https:\/\/www.fernandovicente.es\/wp-content\/uploads\/2025\/07\/Copia-La-fragua-de-Vulcano-de-Velazquez-Museo-del-Prado-Fernando-Vicente-2-300x225.jpg 300w, https:\/\/www.fernandovicente.es\/wp-content\/uploads\/2025\/07\/Copia-La-fragua-de-Vulcano-de-Velazquez-Museo-del-Prado-Fernando-Vicente-2-1024x768.jpg 1024w, https:\/\/www.fernandovicente.es\/wp-content\/uploads\/2025\/07\/Copia-La-fragua-de-Vulcano-de-Velazquez-Museo-del-Prado-Fernando-Vicente-2-768x576.jpg 768w, https:\/\/www.fernandovicente.es\/wp-content\/uploads\/2025\/07\/Copia-La-fragua-de-Vulcano-de-Velazquez-Museo-del-Prado-Fernando-Vicente-2-430x323.jpg 430w, https:\/\/www.fernandovicente.es\/wp-content\/uploads\/2025\/07\/Copia-La-fragua-de-Vulcano-de-Velazquez-Museo-del-Prado-Fernando-Vicente-2-860x645.jpg 860w, https:\/\/www.fernandovicente.es\/wp-content\/uploads\/2025\/07\/Copia-La-fragua-de-Vulcano-de-Velazquez-Museo-del-Prado-Fernando-Vicente-2-600x450.jpg 600w\" sizes=\"auto, (max-width: 1200px) 100vw, 1200px\" \/><figcaption id=\"caption-attachment-16643\" class=\"wp-caption-text\">Copia La fragua de Vulcano de Velazquez (Museo del Prado) Fernando Vicente 2<\/figcaption><\/figure>\n<figure id=\"attachment_16645\" aria-describedby=\"caption-attachment-16645\" style=\"width: 1200px\" class=\"wp-caption alignnone\"><img loading=\"lazy\" decoding=\"async\" class=\"wp-image-16645 size-full\" src=\"https:\/\/www.fernandovicente.es\/wp-content\/uploads\/2025\/07\/Copia-La-fragua-de-Vulcano-de-Velazquez-Museo-del-Prado-Fernando-Vicente.jpg\" alt=\"\" width=\"1200\" height=\"900\" srcset=\"https:\/\/www.fernandovicente.es\/wp-content\/uploads\/2025\/07\/Copia-La-fragua-de-Vulcano-de-Velazquez-Museo-del-Prado-Fernando-Vicente.jpg 1200w, https:\/\/www.fernandovicente.es\/wp-content\/uploads\/2025\/07\/Copia-La-fragua-de-Vulcano-de-Velazquez-Museo-del-Prado-Fernando-Vicente-300x225.jpg 300w, https:\/\/www.fernandovicente.es\/wp-content\/uploads\/2025\/07\/Copia-La-fragua-de-Vulcano-de-Velazquez-Museo-del-Prado-Fernando-Vicente-1024x768.jpg 1024w, https:\/\/www.fernandovicente.es\/wp-content\/uploads\/2025\/07\/Copia-La-fragua-de-Vulcano-de-Velazquez-Museo-del-Prado-Fernando-Vicente-768x576.jpg 768w, https:\/\/www.fernandovicente.es\/wp-content\/uploads\/2025\/07\/Copia-La-fragua-de-Vulcano-de-Velazquez-Museo-del-Prado-Fernando-Vicente-430x323.jpg 430w, https:\/\/www.fernandovicente.es\/wp-content\/uploads\/2025\/07\/Copia-La-fragua-de-Vulcano-de-Velazquez-Museo-del-Prado-Fernando-Vicente-860x645.jpg 860w, https:\/\/www.fernandovicente.es\/wp-content\/uploads\/2025\/07\/Copia-La-fragua-de-Vulcano-de-Velazquez-Museo-del-Prado-Fernando-Vicente-600x450.jpg 600w\" sizes=\"auto, (max-width: 1200px) 100vw, 1200px\" \/><figcaption id=\"caption-attachment-16645\" class=\"wp-caption-text\">Copia La fragua de Vulcano de Velazquez (Museo del Prado) Fernando Vicente<\/figcaption><\/figure>\n<p><a href=\"https:\/\/www.fernandovicente.es\/en\/fine-art\/\">Pinturas originales del Autor<\/a><\/p>\n<p><a href=\"https:\/\/fernandovicenteblog.blogspot.com\/\">Otros trabajos de Fernando Vicente<\/a><\/p>\n<div class=\"row wpb_row row-fluid\" data-midnight=\"dark-title\">\n<div class=\"wpb_column columns medium-12 thb-dark-column small-12\">\n<div class=\"vc_column-inner \">\n<div class=\"wpb_wrapper\">\n<div class=\"wpb_text_column wpb_content_element \">\n<div class=\"wpb_wrapper\">\n<p>&nbsp;<\/p>\n<\/div>\n<\/div>\n<\/div>\n<\/div>\n<\/div>\n<\/div>\n","protected":false},"excerpt":{"rendered":"<p>Copia la fragua de Vulcano de Vel\u00e1zquez (Museo del Prado) Copia la fragua de Vulcano de Velazquez (Museo del Prado) Fernando Vicente, un copista en&hellip;<\/p>\n","protected":false},"featured_media":16694,"template":"","meta":[],"product_cat":[4083],"product_tag":[4084,4202,4203,4182,4187,4183,4204,4189,2500,4205,4085,3986,4086,4237,4238,4087,4185],"class_list":{"0":"post-16853","1":"product","2":"type-product","3":"status-publish","4":"has-post-thumbnail","6":"product_cat-copies-of-masterpieces-en","7":"product_tag-copia-en","8":"product_tag-copia-museo-en","9":"product_tag-copia-prado-en","10":"product_tag-copista-en","11":"product_tag-copy-en","12":"product_tag-copyart-en","13":"product_tag-copyist-en","14":"product_tag-fragua-de-vulcano-en","15":"product_tag-museo-del-prado-en","16":"product_tag-museum-en","17":"product_tag-obras-maestras-en","18":"product_tag-oil-paintings","19":"product_tag-oleo-sobre-tabla-en","20":"product_tag-the-drunkards","21":"product_tag-the-feast-of-bacchus","22":"product_tag-van-dyck-en","23":"product_tag-velazquez-en","24":"product_shipping_class-piezas-grandes-en","25":"pa_color-the-feast-of-bacchus","27":"first","28":"instock","29":"sold-individually","30":"shipping-taxable","31":"purchasable","32":"product-type-simple"},"yoast_head":"<!-- This site is optimized with the Yoast SEO plugin v26.9 - https:\/\/yoast.com\/product\/yoast-seo-wordpress\/ -->\n<title>Copy The Drunkards by Vel\u00e1zquez (Museo del Prado) - Fernando Vicente<\/title>\n<meta name=\"description\" content=\"Copy The Drunkards by Vel\u00e1zquez (Museo del Prado) Fernando Vicente T\u00e9cnica y soporte copia: Oleo sobre lienzo Medidas de la copia: 130x97cm\" \/>\n<meta name=\"robots\" content=\"index, follow, max-snippet:-1, max-image-preview:large, max-video-preview:-1\" \/>\n<link rel=\"canonical\" href=\"https:\/\/www.fernandovicente.es\/en\/shop-online-prints-books-original-cards-postcards-calendars-fernando-vicente\/copy-vulcans-forge-by-velazquez-museo-del-prado-copia\/\" \/>\n<meta property=\"og:locale\" content=\"en_US\" \/>\n<meta property=\"og:type\" content=\"article\" \/>\n<meta property=\"og:title\" content=\"Copy The Drunkards by Vel\u00e1zquez (Museo del Prado) - Fernando Vicente\" \/>\n<meta property=\"og:description\" content=\"Copy The Drunkards by Vel\u00e1zquez (Museo del Prado) Fernando Vicente T\u00e9cnica y soporte copia: Oleo sobre lienzo Medidas de la copia: 130x97cm\" \/>\n<meta property=\"og:url\" content=\"https:\/\/www.fernandovicente.es\/en\/shop-online-prints-books-original-cards-postcards-calendars-fernando-vicente\/copy-vulcans-forge-by-velazquez-museo-del-prado-copia\/\" \/>\n<meta property=\"og:site_name\" content=\"Fernando Vicente\" \/>\n<meta property=\"article:publisher\" content=\"https:\/\/www.facebook.com\/FernandoVicenteIllustrator\/\" \/>\n<meta property=\"article:modified_time\" content=\"2025-08-04T19:49:23+00:00\" \/>\n<meta property=\"og:image\" content=\"https:\/\/www.fernandovicente.es\/wp-content\/uploads\/2025\/07\/Copia-Los-borrachos-de-Diego-Velazquez-Museo-del-Prado3-1.jpg\" \/>\n\t<meta property=\"og:image:width\" content=\"1406\" \/>\n\t<meta property=\"og:image:height\" content=\"2048\" \/>\n\t<meta property=\"og:image:type\" content=\"image\/jpeg\" \/>\n<meta name=\"twitter:card\" content=\"summary_large_image\" \/>\n<meta name=\"twitter:site\" content=\"@fvicente_illust\" \/>\n<meta name=\"twitter:label1\" content=\"Est. reading time\" \/>\n\t<meta name=\"twitter:data1\" content=\"1 minute\" \/>\n<script type=\"application\/ld+json\" class=\"yoast-schema-graph\">{\"@context\":\"https:\/\/schema.org\",\"@graph\":[{\"@type\":\"WebPage\",\"@id\":\"https:\/\/www.fernandovicente.es\/en\/shop-online-prints-books-original-cards-postcards-calendars-fernando-vicente\/copy-vulcans-forge-by-velazquez-museo-del-prado-copia\/\",\"url\":\"https:\/\/www.fernandovicente.es\/en\/shop-online-prints-books-original-cards-postcards-calendars-fernando-vicente\/copy-vulcans-forge-by-velazquez-museo-del-prado-copia\/\",\"name\":\"Copy The Drunkards by Vel\u00e1zquez (Museo del Prado) - Fernando Vicente\",\"isPartOf\":{\"@id\":\"https:\/\/www.fernandovicente.es\/en\/#website\"},\"primaryImageOfPage\":{\"@id\":\"https:\/\/www.fernandovicente.es\/en\/shop-online-prints-books-original-cards-postcards-calendars-fernando-vicente\/copy-vulcans-forge-by-velazquez-museo-del-prado-copia\/#primaryimage\"},\"image\":{\"@id\":\"https:\/\/www.fernandovicente.es\/en\/shop-online-prints-books-original-cards-postcards-calendars-fernando-vicente\/copy-vulcans-forge-by-velazquez-museo-del-prado-copia\/#primaryimage\"},\"thumbnailUrl\":\"https:\/\/www.fernandovicente.es\/wp-content\/uploads\/2025\/07\/Copia-Los-borrachos-de-Diego-Velazquez-Museo-del-Prado3-1.jpg\",\"datePublished\":\"2025-08-04T19:22:31+00:00\",\"dateModified\":\"2025-08-04T19:49:23+00:00\",\"description\":\"Copy The Drunkards by Vel\u00e1zquez (Museo del Prado) Fernando Vicente T\u00e9cnica y soporte copia: Oleo sobre lienzo Medidas de la copia: 130x97cm\",\"breadcrumb\":{\"@id\":\"https:\/\/www.fernandovicente.es\/en\/shop-online-prints-books-original-cards-postcards-calendars-fernando-vicente\/copy-vulcans-forge-by-velazquez-museo-del-prado-copia\/#breadcrumb\"},\"inLanguage\":\"en-US\",\"potentialAction\":[{\"@type\":\"ReadAction\",\"target\":[\"https:\/\/www.fernandovicente.es\/en\/shop-online-prints-books-original-cards-postcards-calendars-fernando-vicente\/copy-vulcans-forge-by-velazquez-museo-del-prado-copia\/\"]}]},{\"@type\":\"ImageObject\",\"inLanguage\":\"en-US\",\"@id\":\"https:\/\/www.fernandovicente.es\/en\/shop-online-prints-books-original-cards-postcards-calendars-fernando-vicente\/copy-vulcans-forge-by-velazquez-museo-del-prado-copia\/#primaryimage\",\"url\":\"https:\/\/www.fernandovicente.es\/wp-content\/uploads\/2025\/07\/Copia-Los-borrachos-de-Diego-Velazquez-Museo-del-Prado3-1.jpg\",\"contentUrl\":\"https:\/\/www.fernandovicente.es\/wp-content\/uploads\/2025\/07\/Copia-Los-borrachos-de-Diego-Velazquez-Museo-del-Prado3-1.jpg\",\"width\":1406,\"height\":2048,\"caption\":\"Copy The Feast of Bacchus by Diego Vela\u0301zquez (Museo del Prado)\"},{\"@type\":\"BreadcrumbList\",\"@id\":\"https:\/\/www.fernandovicente.es\/en\/shop-online-prints-books-original-cards-postcards-calendars-fernando-vicente\/copy-vulcans-forge-by-velazquez-museo-del-prado-copia\/#breadcrumb\",\"itemListElement\":[{\"@type\":\"ListItem\",\"position\":1,\"name\":\"Portada\",\"item\":\"https:\/\/www.fernandovicente.es\/en\/\"},{\"@type\":\"ListItem\",\"position\":2,\"name\":\"Shop Online\",\"item\":\"https:\/\/www.fernandovicente.es\/en\/shop-online-prints-books-original-cards-postcards-calendars-fernando-vicente\/\"},{\"@type\":\"ListItem\",\"position\":3,\"name\":\"Copy The Drunkards by Vel\u00e1zquez (Museo del Prado)\"}]},{\"@type\":\"WebSite\",\"@id\":\"https:\/\/www.fernandovicente.es\/en\/#website\",\"url\":\"https:\/\/www.fernandovicente.es\/en\/\",\"name\":\"Fernando Vicente\",\"description\":\"Ilustraci\u00f3n\",\"publisher\":{\"@id\":\"https:\/\/www.fernandovicente.es\/en\/#\/schema\/person\/d49677cb48f2ea656b28261dd8f75d7f\"},\"potentialAction\":[{\"@type\":\"SearchAction\",\"target\":{\"@type\":\"EntryPoint\",\"urlTemplate\":\"https:\/\/www.fernandovicente.es\/en\/?s={search_term_string}\"},\"query-input\":{\"@type\":\"PropertyValueSpecification\",\"valueRequired\":true,\"valueName\":\"search_term_string\"}}],\"inLanguage\":\"en-US\"},{\"@type\":[\"Person\",\"Organization\"],\"@id\":\"https:\/\/www.fernandovicente.es\/en\/#\/schema\/person\/d49677cb48f2ea656b28261dd8f75d7f\",\"name\":\"Fernando Vicente\",\"image\":{\"@type\":\"ImageObject\",\"inLanguage\":\"en-US\",\"@id\":\"https:\/\/www.fernandovicente.es\/en\/#\/schema\/person\/image\/\",\"url\":\"https:\/\/www.fernandovicente.es\/wp-content\/uploads\/2014\/11\/fernando-vicente-Foto-e1419619123418.jpg\",\"contentUrl\":\"https:\/\/www.fernandovicente.es\/wp-content\/uploads\/2014\/11\/fernando-vicente-Foto-e1419619123418.jpg\",\"width\":300,\"height\":300,\"caption\":\"Fernando Vicente\"},\"logo\":{\"@id\":\"https:\/\/www.fernandovicente.es\/en\/#\/schema\/person\/image\/\"},\"description\":\"Fernando Vicente - Painter &amp; illustrator\",\"sameAs\":[\"http:\/\/www.fernandovicente.es\",\"https:\/\/www.facebook.com\/FernandoVicenteIllustrator\/\",\"https:\/\/www.instagram.com\/fvicente_illust\/\",\"https:\/\/www.linkedin.com\/in\/fernando-vicente-97595012\",\"https:\/\/www.pinterest.es\/FVicente_illust\/\",\"https:\/\/x.com\/https:\/\/twitter.com\/fvicente_illust\"]}]}<\/script>\n<!-- \/ Yoast SEO plugin. -->","yoast_head_json":{"title":"Copy The Drunkards by Vel\u00e1zquez (Museo del Prado) - Fernando Vicente","description":"Copy The Drunkards by Vel\u00e1zquez (Museo del Prado) Fernando Vicente T\u00e9cnica y soporte copia: Oleo sobre lienzo Medidas de la copia: 130x97cm","robots":{"index":"index","follow":"follow","max-snippet":"max-snippet:-1","max-image-preview":"max-image-preview:large","max-video-preview":"max-video-preview:-1"},"canonical":"https:\/\/www.fernandovicente.es\/en\/shop-online-prints-books-original-cards-postcards-calendars-fernando-vicente\/copy-vulcans-forge-by-velazquez-museo-del-prado-copia\/","og_locale":"en_US","og_type":"article","og_title":"Copy The Drunkards by Vel\u00e1zquez (Museo del Prado) - Fernando Vicente","og_description":"Copy The Drunkards by Vel\u00e1zquez (Museo del Prado) Fernando Vicente T\u00e9cnica y soporte copia: Oleo sobre lienzo Medidas de la copia: 130x97cm","og_url":"https:\/\/www.fernandovicente.es\/en\/shop-online-prints-books-original-cards-postcards-calendars-fernando-vicente\/copy-vulcans-forge-by-velazquez-museo-del-prado-copia\/","og_site_name":"Fernando Vicente","article_publisher":"https:\/\/www.facebook.com\/FernandoVicenteIllustrator\/","article_modified_time":"2025-08-04T19:49:23+00:00","og_image":[{"width":1406,"height":2048,"url":"https:\/\/www.fernandovicente.es\/wp-content\/uploads\/2025\/07\/Copia-Los-borrachos-de-Diego-Velazquez-Museo-del-Prado3-1.jpg","type":"image\/jpeg"}],"twitter_card":"summary_large_image","twitter_site":"@fvicente_illust","twitter_misc":{"Est. reading time":"1 minute"},"schema":{"@context":"https:\/\/schema.org","@graph":[{"@type":"WebPage","@id":"https:\/\/www.fernandovicente.es\/en\/shop-online-prints-books-original-cards-postcards-calendars-fernando-vicente\/copy-vulcans-forge-by-velazquez-museo-del-prado-copia\/","url":"https:\/\/www.fernandovicente.es\/en\/shop-online-prints-books-original-cards-postcards-calendars-fernando-vicente\/copy-vulcans-forge-by-velazquez-museo-del-prado-copia\/","name":"Copy The Drunkards by Vel\u00e1zquez (Museo del Prado) - Fernando Vicente","isPartOf":{"@id":"https:\/\/www.fernandovicente.es\/en\/#website"},"primaryImageOfPage":{"@id":"https:\/\/www.fernandovicente.es\/en\/shop-online-prints-books-original-cards-postcards-calendars-fernando-vicente\/copy-vulcans-forge-by-velazquez-museo-del-prado-copia\/#primaryimage"},"image":{"@id":"https:\/\/www.fernandovicente.es\/en\/shop-online-prints-books-original-cards-postcards-calendars-fernando-vicente\/copy-vulcans-forge-by-velazquez-museo-del-prado-copia\/#primaryimage"},"thumbnailUrl":"https:\/\/www.fernandovicente.es\/wp-content\/uploads\/2025\/07\/Copia-Los-borrachos-de-Diego-Velazquez-Museo-del-Prado3-1.jpg","datePublished":"2025-08-04T19:22:31+00:00","dateModified":"2025-08-04T19:49:23+00:00","description":"Copy The Drunkards by Vel\u00e1zquez (Museo del Prado) Fernando Vicente T\u00e9cnica y soporte copia: Oleo sobre lienzo Medidas de la copia: 130x97cm","breadcrumb":{"@id":"https:\/\/www.fernandovicente.es\/en\/shop-online-prints-books-original-cards-postcards-calendars-fernando-vicente\/copy-vulcans-forge-by-velazquez-museo-del-prado-copia\/#breadcrumb"},"inLanguage":"en-US","potentialAction":[{"@type":"ReadAction","target":["https:\/\/www.fernandovicente.es\/en\/shop-online-prints-books-original-cards-postcards-calendars-fernando-vicente\/copy-vulcans-forge-by-velazquez-museo-del-prado-copia\/"]}]},{"@type":"ImageObject","inLanguage":"en-US","@id":"https:\/\/www.fernandovicente.es\/en\/shop-online-prints-books-original-cards-postcards-calendars-fernando-vicente\/copy-vulcans-forge-by-velazquez-museo-del-prado-copia\/#primaryimage","url":"https:\/\/www.fernandovicente.es\/wp-content\/uploads\/2025\/07\/Copia-Los-borrachos-de-Diego-Velazquez-Museo-del-Prado3-1.jpg","contentUrl":"https:\/\/www.fernandovicente.es\/wp-content\/uploads\/2025\/07\/Copia-Los-borrachos-de-Diego-Velazquez-Museo-del-Prado3-1.jpg","width":1406,"height":2048,"caption":"Copy The Feast of Bacchus by Diego Vela\u0301zquez (Museo del Prado)"},{"@type":"BreadcrumbList","@id":"https:\/\/www.fernandovicente.es\/en\/shop-online-prints-books-original-cards-postcards-calendars-fernando-vicente\/copy-vulcans-forge-by-velazquez-museo-del-prado-copia\/#breadcrumb","itemListElement":[{"@type":"ListItem","position":1,"name":"Portada","item":"https:\/\/www.fernandovicente.es\/en\/"},{"@type":"ListItem","position":2,"name":"Shop Online","item":"https:\/\/www.fernandovicente.es\/en\/shop-online-prints-books-original-cards-postcards-calendars-fernando-vicente\/"},{"@type":"ListItem","position":3,"name":"Copy The Drunkards by Vel\u00e1zquez (Museo del Prado)"}]},{"@type":"WebSite","@id":"https:\/\/www.fernandovicente.es\/en\/#website","url":"https:\/\/www.fernandovicente.es\/en\/","name":"Fernando Vicente","description":"Ilustraci\u00f3n","publisher":{"@id":"https:\/\/www.fernandovicente.es\/en\/#\/schema\/person\/d49677cb48f2ea656b28261dd8f75d7f"},"potentialAction":[{"@type":"SearchAction","target":{"@type":"EntryPoint","urlTemplate":"https:\/\/www.fernandovicente.es\/en\/?s={search_term_string}"},"query-input":{"@type":"PropertyValueSpecification","valueRequired":true,"valueName":"search_term_string"}}],"inLanguage":"en-US"},{"@type":["Person","Organization"],"@id":"https:\/\/www.fernandovicente.es\/en\/#\/schema\/person\/d49677cb48f2ea656b28261dd8f75d7f","name":"Fernando Vicente","image":{"@type":"ImageObject","inLanguage":"en-US","@id":"https:\/\/www.fernandovicente.es\/en\/#\/schema\/person\/image\/","url":"https:\/\/www.fernandovicente.es\/wp-content\/uploads\/2014\/11\/fernando-vicente-Foto-e1419619123418.jpg","contentUrl":"https:\/\/www.fernandovicente.es\/wp-content\/uploads\/2014\/11\/fernando-vicente-Foto-e1419619123418.jpg","width":300,"height":300,"caption":"Fernando Vicente"},"logo":{"@id":"https:\/\/www.fernandovicente.es\/en\/#\/schema\/person\/image\/"},"description":"Fernando Vicente - Painter &amp; illustrator","sameAs":["http:\/\/www.fernandovicente.es","https:\/\/www.facebook.com\/FernandoVicenteIllustrator\/","https:\/\/www.instagram.com\/fvicente_illust\/","https:\/\/www.linkedin.com\/in\/fernando-vicente-97595012","https:\/\/www.pinterest.es\/FVicente_illust\/","https:\/\/x.com\/https:\/\/twitter.com\/fvicente_illust"]}]}},"_links":{"self":[{"href":"https:\/\/www.fernandovicente.es\/en\/wp-json\/wp\/v2\/product\/16853","targetHints":{"allow":["GET"]}}],"collection":[{"href":"https:\/\/www.fernandovicente.es\/en\/wp-json\/wp\/v2\/product"}],"about":[{"href":"https:\/\/www.fernandovicente.es\/en\/wp-json\/wp\/v2\/types\/product"}],"wp:featuredmedia":[{"embeddable":true,"href":"https:\/\/www.fernandovicente.es\/en\/wp-json\/wp\/v2\/media\/16694"}],"wp:attachment":[{"href":"https:\/\/www.fernandovicente.es\/en\/wp-json\/wp\/v2\/media?parent=16853"}],"wp:term":[{"taxonomy":"product_cat","embeddable":true,"href":"https:\/\/www.fernandovicente.es\/en\/wp-json\/wp\/v2\/product_cat?post=16853"},{"taxonomy":"product_tag","embeddable":true,"href":"https:\/\/www.fernandovicente.es\/en\/wp-json\/wp\/v2\/product_tag?post=16853"}],"curies":[{"name":"wp","href":"https:\/\/api.w.org\/{rel}","templated":true}]}}