{"id":3349,"date":"2018-02-10T15:01:07","date_gmt":"2018-02-10T13:01:07","guid":{"rendered":"http:\/\/www.fernandovicente.es\/producto\/impresiones-en-lienzo-nuevo-2"},"modified":"2026-01-04T21:51:30","modified_gmt":"2026-01-04T19:51:30","slug":"vanitas-y-venus-impresiones-sobre-papel","status":"publish","type":"product","link":"https:\/\/www.fernandovicente.es\/en\/shop-online-prints-books-original-cards-postcards-calendars-fernando-vicente\/vanitas-y-venus-impresiones-sobre-papel\/","title":{"rendered":"Vanitas y Venus Impresiones sobre papel"},"content":{"rendered":"<h1>Vanitas y Venus Impresiones sobre papel<\/h1>\n<p>Vanitas y Venus Impresiones sobre papel Hahnemu\u0308hle fine art de alta calidad.<\/p>\n<p>Calidad de impresion Gicl\u00e9e print. Edicion Limitada de 75 ejemplares firmados y numerados<\/p>\n<p><span class=\"hps\">Ahora<\/span> e<span class=\"hps\">st\u00e1n disponibles en estos<\/span> <span class=\"hps\">tama\u00f1os<\/span> <span class=\"hps\">42x59cm<\/span> <span class=\"hps atn\">(<\/span>125 <span class=\"hps\">\u20ac<\/span>) <span class=\"hps\">y<\/span> <span class=\"hps\">50x70cm<\/span> <span class=\"hps atn\">(<\/span>175 <span class=\"hps\">\u20ac<\/span>)<\/p>\n<p>Pinturas como Interiores, Presentimiento, Corazonada, o Escorzo de la <a href=\"https:\/\/www.fernandovicente.es\/pinturas\/vanitas-fernando-vicente-anatomia-y-pintura\/\">serie Vanitas<\/a> o Pinturas como Ghismonda, Irezumi o Hokusai de <a href=\"https:\/\/www.fernandovicente.es\/pinturas\/venus\/\">la serie Venus.<\/a><\/p>\n<p>Las vanitas son un tema recurrente en la historia de la pintura (vanitas vanitatis, omnia vanitas). En ellas se pretende transmitir la inutilidad de los placeres mundanos frente a la certeza de la muerte.<\/p>\n<p>Suele estar representadas por una calavera rodeada de riquezas. La osamenta nos recuerda que nuestro tiempo aqu\u00ed es finito y por tanto es in\u00fatil acumular riqueza.<\/p>\n<p style=\"text-align: center;\"><a href=\"http:\/\/fernandovicentevanitas.blogspot.com\/\">La serie Vanitas y Venus<\/a> es un el material sobre el que sigo trabajando, el cuerpo humano sin subterfugios, por fuera y por dentro, su fragilidad es el espejo en el que al mirarnos.<\/p>\n<p style=\"text-align: center;\">Finalmente, nos damos cuenta de lo fr\u00e1giles que somos, y de lo que nos parecemos, todos tenemos las mismas v\u00edsceras, arterias y m\u00fasculos.<\/p>\n<figure id=\"attachment_2983\" aria-describedby=\"caption-attachment-2983\" style=\"width: 497px\" class=\"wp-caption aligncenter\"><a href=\"https:\/\/www.fernandovicente.es\/wp-content\/uploads\/2014\/11\/Presentimiento-Vanitas-Fernando-Vicente.jpg\"><img loading=\"lazy\" decoding=\"async\" class=\"size-full wp-image-2983\" src=\"https:\/\/www.fernandovicente.es\/wp-content\/uploads\/2014\/11\/Presentimiento-Vanitas-Fernando-Vicente.jpg\" alt=\"Vanitas y Venus Impresiones sobre papel\" width=\"497\" height=\"500\" srcset=\"https:\/\/www.fernandovicente.es\/wp-content\/uploads\/2014\/11\/Presentimiento-Vanitas-Fernando-Vicente.jpg 497w, https:\/\/www.fernandovicente.es\/wp-content\/uploads\/2014\/11\/Presentimiento-Vanitas-Fernando-Vicente-100x100.jpg 100w, https:\/\/www.fernandovicente.es\/wp-content\/uploads\/2014\/11\/Presentimiento-Vanitas-Fernando-Vicente-150x150.jpg 150w\" sizes=\"auto, (max-width: 497px) 100vw, 497px\" \/><\/a><figcaption id=\"caption-attachment-2983\" class=\"wp-caption-text\">Presentimiento<\/figcaption><\/figure>\n<figure id=\"attachment_5203\" aria-describedby=\"caption-attachment-5203\" style=\"width: 620px\" class=\"wp-caption aligncenter\"><a href=\"https:\/\/www.fernandovicente.es\/wp-content\/uploads\/2014\/09\/07-koi-VENUS-Fernando-Vicente.jpg\"><img loading=\"lazy\" decoding=\"async\" class=\"wp-image-5203 size-full\" title=\"Vanitas y Venus Impresiones sobre papel\" src=\"https:\/\/www.fernandovicente.es\/wp-content\/uploads\/2014\/09\/07-koi-VENUS-Fernando-Vicente.jpg\" alt=\"Vanitas y Venus Impresiones sobre papel\" width=\"620\" height=\"600\" srcset=\"https:\/\/www.fernandovicente.es\/wp-content\/uploads\/2014\/09\/07-koi-VENUS-Fernando-Vicente.jpg 620w, https:\/\/www.fernandovicente.es\/wp-content\/uploads\/2014\/09\/07-koi-VENUS-Fernando-Vicente-600x581.jpg 600w\" sizes=\"auto, (max-width: 620px) 100vw, 620px\" \/><\/a><figcaption id=\"caption-attachment-5203\" class=\"wp-caption-text\">Koi<\/figcaption><\/figure>\n<figure id=\"attachment_5201\" aria-describedby=\"caption-attachment-5201\" style=\"width: 620px\" class=\"wp-caption aligncenter\"><a href=\"https:\/\/www.fernandovicente.es\/wp-content\/uploads\/2014\/09\/06-Irezumi-VENUS-Fernando-Vicente.jpg\"><img loading=\"lazy\" decoding=\"async\" class=\"wp-image-5201 size-full\" title=\"Vanitas y Venus Impresiones sobre papel\" src=\"https:\/\/www.fernandovicente.es\/wp-content\/uploads\/2014\/09\/06-Irezumi-VENUS-Fernando-Vicente.jpg\" alt=\"Vanitas y Venus Impresiones sobre papel\" width=\"620\" height=\"600\" srcset=\"https:\/\/www.fernandovicente.es\/wp-content\/uploads\/2014\/09\/06-Irezumi-VENUS-Fernando-Vicente.jpg 620w, https:\/\/www.fernandovicente.es\/wp-content\/uploads\/2014\/09\/06-Irezumi-VENUS-Fernando-Vicente-600x581.jpg 600w\" sizes=\"auto, (max-width: 620px) 100vw, 620px\" \/><\/a><figcaption id=\"caption-attachment-5201\" class=\"wp-caption-text\">Irezumi<\/figcaption><\/figure>\n<figure id=\"attachment_5199\" aria-describedby=\"caption-attachment-5199\" style=\"width: 620px\" class=\"wp-caption aligncenter\"><a href=\"https:\/\/www.fernandovicente.es\/wp-content\/uploads\/2014\/09\/05-Hokusai-VENUS-Fernando-Vicente.jpg\"><img loading=\"lazy\" decoding=\"async\" class=\"wp-image-5199 size-full\" title=\"Vanitas y Venus Impresiones sobre papel\" src=\"https:\/\/www.fernandovicente.es\/wp-content\/uploads\/2014\/09\/05-Hokusai-VENUS-Fernando-Vicente.jpg\" alt=\"Vanitas y Venus Impresiones sobre papel\" width=\"620\" height=\"600\" srcset=\"https:\/\/www.fernandovicente.es\/wp-content\/uploads\/2014\/09\/05-Hokusai-VENUS-Fernando-Vicente.jpg 620w, https:\/\/www.fernandovicente.es\/wp-content\/uploads\/2014\/09\/05-Hokusai-VENUS-Fernando-Vicente-600x581.jpg 600w\" sizes=\"auto, (max-width: 620px) 100vw, 620px\" \/><\/a><figcaption id=\"caption-attachment-5199\" class=\"wp-caption-text\">Hokusai<\/figcaption><\/figure>\n<figure id=\"attachment_5197\" aria-describedby=\"caption-attachment-5197\" style=\"width: 620px\" class=\"wp-caption aligncenter\"><a href=\"https:\/\/www.fernandovicente.es\/wp-content\/uploads\/2014\/09\/04-Ghismonda-VENUS-Fernando-Vicente.jpg\"><img loading=\"lazy\" decoding=\"async\" class=\"wp-image-5197 size-full\" title=\"Vanitas y Venus Impresiones sobre papel\" src=\"https:\/\/www.fernandovicente.es\/wp-content\/uploads\/2014\/09\/04-Ghismonda-VENUS-Fernando-Vicente.jpg\" alt=\"Impresiones Venus y Vanitas \" width=\"620\" height=\"600\" srcset=\"https:\/\/www.fernandovicente.es\/wp-content\/uploads\/2014\/09\/04-Ghismonda-VENUS-Fernando-Vicente.jpg 620w, https:\/\/www.fernandovicente.es\/wp-content\/uploads\/2014\/09\/04-Ghismonda-VENUS-Fernando-Vicente-600x581.jpg 600w\" sizes=\"auto, (max-width: 620px) 100vw, 620px\" \/><\/a><figcaption id=\"caption-attachment-5197\" class=\"wp-caption-text\">Ghismonda<\/figcaption><\/figure>\n<figure id=\"attachment_2984\" aria-describedby=\"caption-attachment-2984\" style=\"width: 509px\" class=\"wp-caption aligncenter\"><a href=\"https:\/\/www.fernandovicente.es\/wp-content\/uploads\/2014\/11\/Escorzo-Vanitas-Fernando-Vicente.jpg\"><img loading=\"lazy\" decoding=\"async\" class=\"size-full wp-image-2984\" src=\"https:\/\/www.fernandovicente.es\/wp-content\/uploads\/2014\/11\/Escorzo-Vanitas-Fernando-Vicente.jpg\" alt=\"Vanitas y Venus Impresiones sobre papel\" width=\"509\" height=\"500\" \/><\/a><figcaption id=\"caption-attachment-2984\" class=\"wp-caption-text\">Escorzo<\/figcaption><\/figure>\n<figure id=\"attachment_2985\" aria-describedby=\"caption-attachment-2985\" style=\"width: 519px\" class=\"wp-caption aligncenter\"><a href=\"https:\/\/www.fernandovicente.es\/wp-content\/uploads\/2014\/11\/Materia-rosa-Vanitas-Fernando-Vicente.jpg\"><img loading=\"lazy\" decoding=\"async\" class=\"size-full wp-image-2985\" src=\"https:\/\/www.fernandovicente.es\/wp-content\/uploads\/2014\/11\/Materia-rosa-Vanitas-Fernando-Vicente.jpg\" alt=\"Vanitas y Venus Impresiones sobre papel\" width=\"519\" height=\"500\" \/><\/a><figcaption id=\"caption-attachment-2985\" class=\"wp-caption-text\">Materia rosa<\/figcaption><\/figure>\n<form class=\"cart\" enctype=\"multipart\/form-data\" method=\"post\"><\/form>\n","protected":false},"excerpt":{"rendered":"<p>Vanitas y Venus Impresiones sobre papel Vanitas y Venus Impresiones sobre papel Hahnemu\u0308hle fine art de alta calidad. Calidad de impresion Gicl\u00e9e print. Edicion Limitada&hellip;<\/p>\n","protected":false},"featured_media":4278,"template":"","meta":[],"product_cat":[3381],"product_tag":[149,150,151,262,135,136],"class_list":{"0":"post-3349","1":"product","2":"type-product","3":"status-publish","4":"has-post-thumbnail","6":"product_cat-special-edition-prints-en","7":"product_tag-canvas-en","8":"product_tag-impresiones-en","9":"product_tag-lienzo-en","10":"product_tag-prints-en","11":"product_tag-vanitas-en","12":"product_tag-venus-en","13":"product_shipping_class-impresiones-gran-formato-en-2","14":"pa_color-american-housewife-en","15":"pa_color-corazonada-en","16":"pa_color-escorzo-en","17":"pa_color-ghismonda-en-2","18":"pa_color-interiores","19":"pa_color-irezumi-en","20":"pa_color-koi-en","21":"pa_color-maria-antoniette-en","22":"pa_color-materia-rosa-en","23":"pa_color-pasion-invernal-en","24":"pa_color-presentimiento-en","25":"pa_color-tres-gracias-en","26":"pa_tamano-42-x-594-cm","27":"pa_tamano-50-x-70-cm","28":"fb_product_set-tienda-online-woo","30":"first","31":"instock","32":"shipping-taxable","33":"purchasable","34":"product-type-variable","35":"wvs-archive-product-wrapper"},"yoast_head":"<!-- This site is optimized with the Yoast SEO plugin v26.9 - https:\/\/yoast.com\/product\/yoast-seo-wordpress\/ -->\n<title>Vanitas y Venus Impresiones sobre papel - Fernando Vicente<\/title>\n<meta name=\"description\" content=\"Vanitas y Venus Impresiones sobre papel Vanitas y Venus Impresiones sobre papel Hahnemu\u0308hle fine art de alta calidad. Calidad de impresion Gicl\u00e9e print. Edicion Limitada de 75 ejemplares firmados y numerados Ahora est\u00e1n disponibles en estos tama\u00f1os 42x59cm (125 \u20ac) y 50x70cm (175 \u20ac)\" \/>\n<meta name=\"robots\" content=\"index, follow, max-snippet:-1, max-image-preview:large, max-video-preview:-1\" \/>\n<link rel=\"canonical\" href=\"https:\/\/www.fernandovicente.es\/en\/shop-online-prints-books-original-cards-postcards-calendars-fernando-vicente\/vanitas-y-venus-impresiones-sobre-papel\/\" \/>\n<meta property=\"og:locale\" content=\"en_US\" \/>\n<meta property=\"og:type\" content=\"article\" \/>\n<meta property=\"og:title\" content=\"Vanitas y Venus Impresiones sobre papel - Fernando Vicente\" \/>\n<meta property=\"og:description\" content=\"Vanitas y Venus Impresiones sobre papel Vanitas y Venus Impresiones sobre papel Hahnemu\u0308hle fine art de alta calidad. Calidad de impresion Gicl\u00e9e print. Edicion Limitada de 75 ejemplares firmados y numerados Ahora est\u00e1n disponibles en estos tama\u00f1os 42x59cm (125 \u20ac) y 50x70cm (175 \u20ac)\" \/>\n<meta property=\"og:url\" content=\"https:\/\/www.fernandovicente.es\/en\/shop-online-prints-books-original-cards-postcards-calendars-fernando-vicente\/vanitas-y-venus-impresiones-sobre-papel\/\" \/>\n<meta property=\"og:site_name\" content=\"Fernando Vicente\" \/>\n<meta property=\"article:publisher\" content=\"https:\/\/www.facebook.com\/FernandoVicenteIllustrator\/\" \/>\n<meta property=\"article:modified_time\" content=\"2026-01-04T19:51:30+00:00\" \/>\n<meta property=\"og:image\" content=\"https:\/\/www.fernandovicente.es\/wp-content\/uploads\/2014\/11\/Cabecera-Impersiones-e1519760225950.jpg\" \/>\n<meta name=\"twitter:card\" content=\"summary_large_image\" \/>\n<meta name=\"twitter:site\" content=\"@fvicente_illust\" \/>\n<meta name=\"twitter:label1\" content=\"Est. reading time\" \/>\n\t<meta name=\"twitter:data1\" content=\"1 minute\" \/>\n<script type=\"application\/ld+json\" class=\"yoast-schema-graph\">{\"@context\":\"https:\/\/schema.org\",\"@graph\":[{\"@type\":\"WebPage\",\"@id\":\"https:\/\/www.fernandovicente.es\/en\/shop-online-prints-books-original-cards-postcards-calendars-fernando-vicente\/vanitas-y-venus-impresiones-sobre-papel\/\",\"url\":\"https:\/\/www.fernandovicente.es\/en\/shop-online-prints-books-original-cards-postcards-calendars-fernando-vicente\/vanitas-y-venus-impresiones-sobre-papel\/\",\"name\":\"Vanitas y Venus Impresiones sobre papel - Fernando Vicente\",\"isPartOf\":{\"@id\":\"https:\/\/www.fernandovicente.es\/en\/#website\"},\"primaryImageOfPage\":{\"@id\":\"https:\/\/www.fernandovicente.es\/en\/shop-online-prints-books-original-cards-postcards-calendars-fernando-vicente\/vanitas-y-venus-impresiones-sobre-papel\/#primaryimage\"},\"image\":{\"@id\":\"https:\/\/www.fernandovicente.es\/en\/shop-online-prints-books-original-cards-postcards-calendars-fernando-vicente\/vanitas-y-venus-impresiones-sobre-papel\/#primaryimage\"},\"thumbnailUrl\":\"https:\/\/www.fernandovicente.es\/wp-content\/uploads\/2014\/11\/Interiores-Vanitas-Fernando-Vicente.jpg\",\"datePublished\":\"2018-02-10T13:01:07+00:00\",\"dateModified\":\"2026-01-04T19:51:30+00:00\",\"description\":\"Vanitas y Venus Impresiones sobre papel Vanitas y Venus Impresiones sobre papel Hahnemu\u0308hle fine art de alta calidad. Calidad de impresion Gicl\u00e9e print. Edicion Limitada de 75 ejemplares firmados y numerados Ahora est\u00e1n disponibles en estos tama\u00f1os 42x59cm (125 \u20ac) y 50x70cm (175 \u20ac)\",\"breadcrumb\":{\"@id\":\"https:\/\/www.fernandovicente.es\/en\/shop-online-prints-books-original-cards-postcards-calendars-fernando-vicente\/vanitas-y-venus-impresiones-sobre-papel\/#breadcrumb\"},\"inLanguage\":\"en-US\",\"potentialAction\":[{\"@type\":\"ReadAction\",\"target\":[\"https:\/\/www.fernandovicente.es\/en\/shop-online-prints-books-original-cards-postcards-calendars-fernando-vicente\/vanitas-y-venus-impresiones-sobre-papel\/\"]}]},{\"@type\":\"ImageObject\",\"inLanguage\":\"en-US\",\"@id\":\"https:\/\/www.fernandovicente.es\/en\/shop-online-prints-books-original-cards-postcards-calendars-fernando-vicente\/vanitas-y-venus-impresiones-sobre-papel\/#primaryimage\",\"url\":\"https:\/\/www.fernandovicente.es\/wp-content\/uploads\/2014\/11\/Interiores-Vanitas-Fernando-Vicente.jpg\",\"contentUrl\":\"https:\/\/www.fernandovicente.es\/wp-content\/uploads\/2014\/11\/Interiores-Vanitas-Fernando-Vicente.jpg\",\"width\":501,\"height\":500,\"caption\":\"Interiores Serie Vanitas Fernando Vicente\"},{\"@type\":\"BreadcrumbList\",\"@id\":\"https:\/\/www.fernandovicente.es\/en\/shop-online-prints-books-original-cards-postcards-calendars-fernando-vicente\/vanitas-y-venus-impresiones-sobre-papel\/#breadcrumb\",\"itemListElement\":[{\"@type\":\"ListItem\",\"position\":1,\"name\":\"Portada\",\"item\":\"https:\/\/www.fernandovicente.es\/en\/\"},{\"@type\":\"ListItem\",\"position\":2,\"name\":\"Shop Online\",\"item\":\"https:\/\/www.fernandovicente.es\/en\/shop-online-prints-books-original-cards-postcards-calendars-fernando-vicente\/\"},{\"@type\":\"ListItem\",\"position\":3,\"name\":\"Vanitas y Venus Impresiones sobre papel\"}]},{\"@type\":\"WebSite\",\"@id\":\"https:\/\/www.fernandovicente.es\/en\/#website\",\"url\":\"https:\/\/www.fernandovicente.es\/en\/\",\"name\":\"Fernando Vicente\",\"description\":\"Ilustraci\u00f3n\",\"publisher\":{\"@id\":\"https:\/\/www.fernandovicente.es\/en\/#\/schema\/person\/d49677cb48f2ea656b28261dd8f75d7f\"},\"potentialAction\":[{\"@type\":\"SearchAction\",\"target\":{\"@type\":\"EntryPoint\",\"urlTemplate\":\"https:\/\/www.fernandovicente.es\/en\/?s={search_term_string}\"},\"query-input\":{\"@type\":\"PropertyValueSpecification\",\"valueRequired\":true,\"valueName\":\"search_term_string\"}}],\"inLanguage\":\"en-US\"},{\"@type\":[\"Person\",\"Organization\"],\"@id\":\"https:\/\/www.fernandovicente.es\/en\/#\/schema\/person\/d49677cb48f2ea656b28261dd8f75d7f\",\"name\":\"Fernando Vicente\",\"image\":{\"@type\":\"ImageObject\",\"inLanguage\":\"en-US\",\"@id\":\"https:\/\/www.fernandovicente.es\/en\/#\/schema\/person\/image\/\",\"url\":\"https:\/\/www.fernandovicente.es\/wp-content\/uploads\/2014\/11\/fernando-vicente-Foto-e1419619123418.jpg\",\"contentUrl\":\"https:\/\/www.fernandovicente.es\/wp-content\/uploads\/2014\/11\/fernando-vicente-Foto-e1419619123418.jpg\",\"width\":300,\"height\":300,\"caption\":\"Fernando Vicente\"},\"logo\":{\"@id\":\"https:\/\/www.fernandovicente.es\/en\/#\/schema\/person\/image\/\"},\"description\":\"Fernando Vicente - Painter &amp; illustrator\",\"sameAs\":[\"http:\/\/www.fernandovicente.es\",\"https:\/\/www.facebook.com\/FernandoVicenteIllustrator\/\",\"https:\/\/www.instagram.com\/fvicente_illust\/\",\"https:\/\/www.linkedin.com\/in\/fernando-vicente-97595012\",\"https:\/\/www.pinterest.es\/FVicente_illust\/\",\"https:\/\/x.com\/https:\/\/twitter.com\/fvicente_illust\"]}]}<\/script>\n<!-- \/ Yoast SEO plugin. -->","yoast_head_json":{"title":"Vanitas y Venus Impresiones sobre papel - Fernando Vicente","description":"Vanitas y Venus Impresiones sobre papel Vanitas y Venus Impresiones sobre papel Hahnemu\u0308hle fine art de alta calidad. Calidad de impresion Gicl\u00e9e print. Edicion Limitada de 75 ejemplares firmados y numerados Ahora est\u00e1n disponibles en estos tama\u00f1os 42x59cm (125 \u20ac) y 50x70cm (175 \u20ac)","robots":{"index":"index","follow":"follow","max-snippet":"max-snippet:-1","max-image-preview":"max-image-preview:large","max-video-preview":"max-video-preview:-1"},"canonical":"https:\/\/www.fernandovicente.es\/en\/shop-online-prints-books-original-cards-postcards-calendars-fernando-vicente\/vanitas-y-venus-impresiones-sobre-papel\/","og_locale":"en_US","og_type":"article","og_title":"Vanitas y Venus Impresiones sobre papel - Fernando Vicente","og_description":"Vanitas y Venus Impresiones sobre papel Vanitas y Venus Impresiones sobre papel Hahnemu\u0308hle fine art de alta calidad. Calidad de impresion Gicl\u00e9e print. Edicion Limitada de 75 ejemplares firmados y numerados Ahora est\u00e1n disponibles en estos tama\u00f1os 42x59cm (125 \u20ac) y 50x70cm (175 \u20ac)","og_url":"https:\/\/www.fernandovicente.es\/en\/shop-online-prints-books-original-cards-postcards-calendars-fernando-vicente\/vanitas-y-venus-impresiones-sobre-papel\/","og_site_name":"Fernando Vicente","article_publisher":"https:\/\/www.facebook.com\/FernandoVicenteIllustrator\/","article_modified_time":"2026-01-04T19:51:30+00:00","og_image":[{"url":"https:\/\/www.fernandovicente.es\/wp-content\/uploads\/2014\/11\/Cabecera-Impersiones-e1519760225950.jpg","type":"","width":"","height":""}],"twitter_card":"summary_large_image","twitter_site":"@fvicente_illust","twitter_misc":{"Est. reading time":"1 minute"},"schema":{"@context":"https:\/\/schema.org","@graph":[{"@type":"WebPage","@id":"https:\/\/www.fernandovicente.es\/en\/shop-online-prints-books-original-cards-postcards-calendars-fernando-vicente\/vanitas-y-venus-impresiones-sobre-papel\/","url":"https:\/\/www.fernandovicente.es\/en\/shop-online-prints-books-original-cards-postcards-calendars-fernando-vicente\/vanitas-y-venus-impresiones-sobre-papel\/","name":"Vanitas y Venus Impresiones sobre papel - Fernando Vicente","isPartOf":{"@id":"https:\/\/www.fernandovicente.es\/en\/#website"},"primaryImageOfPage":{"@id":"https:\/\/www.fernandovicente.es\/en\/shop-online-prints-books-original-cards-postcards-calendars-fernando-vicente\/vanitas-y-venus-impresiones-sobre-papel\/#primaryimage"},"image":{"@id":"https:\/\/www.fernandovicente.es\/en\/shop-online-prints-books-original-cards-postcards-calendars-fernando-vicente\/vanitas-y-venus-impresiones-sobre-papel\/#primaryimage"},"thumbnailUrl":"https:\/\/www.fernandovicente.es\/wp-content\/uploads\/2014\/11\/Interiores-Vanitas-Fernando-Vicente.jpg","datePublished":"2018-02-10T13:01:07+00:00","dateModified":"2026-01-04T19:51:30+00:00","description":"Vanitas y Venus Impresiones sobre papel Vanitas y Venus Impresiones sobre papel Hahnemu\u0308hle fine art de alta calidad. Calidad de impresion Gicl\u00e9e print. Edicion Limitada de 75 ejemplares firmados y numerados Ahora est\u00e1n disponibles en estos tama\u00f1os 42x59cm (125 \u20ac) y 50x70cm (175 \u20ac)","breadcrumb":{"@id":"https:\/\/www.fernandovicente.es\/en\/shop-online-prints-books-original-cards-postcards-calendars-fernando-vicente\/vanitas-y-venus-impresiones-sobre-papel\/#breadcrumb"},"inLanguage":"en-US","potentialAction":[{"@type":"ReadAction","target":["https:\/\/www.fernandovicente.es\/en\/shop-online-prints-books-original-cards-postcards-calendars-fernando-vicente\/vanitas-y-venus-impresiones-sobre-papel\/"]}]},{"@type":"ImageObject","inLanguage":"en-US","@id":"https:\/\/www.fernandovicente.es\/en\/shop-online-prints-books-original-cards-postcards-calendars-fernando-vicente\/vanitas-y-venus-impresiones-sobre-papel\/#primaryimage","url":"https:\/\/www.fernandovicente.es\/wp-content\/uploads\/2014\/11\/Interiores-Vanitas-Fernando-Vicente.jpg","contentUrl":"https:\/\/www.fernandovicente.es\/wp-content\/uploads\/2014\/11\/Interiores-Vanitas-Fernando-Vicente.jpg","width":501,"height":500,"caption":"Interiores Serie Vanitas Fernando Vicente"},{"@type":"BreadcrumbList","@id":"https:\/\/www.fernandovicente.es\/en\/shop-online-prints-books-original-cards-postcards-calendars-fernando-vicente\/vanitas-y-venus-impresiones-sobre-papel\/#breadcrumb","itemListElement":[{"@type":"ListItem","position":1,"name":"Portada","item":"https:\/\/www.fernandovicente.es\/en\/"},{"@type":"ListItem","position":2,"name":"Shop Online","item":"https:\/\/www.fernandovicente.es\/en\/shop-online-prints-books-original-cards-postcards-calendars-fernando-vicente\/"},{"@type":"ListItem","position":3,"name":"Vanitas y Venus Impresiones sobre papel"}]},{"@type":"WebSite","@id":"https:\/\/www.fernandovicente.es\/en\/#website","url":"https:\/\/www.fernandovicente.es\/en\/","name":"Fernando Vicente","description":"Ilustraci\u00f3n","publisher":{"@id":"https:\/\/www.fernandovicente.es\/en\/#\/schema\/person\/d49677cb48f2ea656b28261dd8f75d7f"},"potentialAction":[{"@type":"SearchAction","target":{"@type":"EntryPoint","urlTemplate":"https:\/\/www.fernandovicente.es\/en\/?s={search_term_string}"},"query-input":{"@type":"PropertyValueSpecification","valueRequired":true,"valueName":"search_term_string"}}],"inLanguage":"en-US"},{"@type":["Person","Organization"],"@id":"https:\/\/www.fernandovicente.es\/en\/#\/schema\/person\/d49677cb48f2ea656b28261dd8f75d7f","name":"Fernando Vicente","image":{"@type":"ImageObject","inLanguage":"en-US","@id":"https:\/\/www.fernandovicente.es\/en\/#\/schema\/person\/image\/","url":"https:\/\/www.fernandovicente.es\/wp-content\/uploads\/2014\/11\/fernando-vicente-Foto-e1419619123418.jpg","contentUrl":"https:\/\/www.fernandovicente.es\/wp-content\/uploads\/2014\/11\/fernando-vicente-Foto-e1419619123418.jpg","width":300,"height":300,"caption":"Fernando Vicente"},"logo":{"@id":"https:\/\/www.fernandovicente.es\/en\/#\/schema\/person\/image\/"},"description":"Fernando Vicente - Painter &amp; illustrator","sameAs":["http:\/\/www.fernandovicente.es","https:\/\/www.facebook.com\/FernandoVicenteIllustrator\/","https:\/\/www.instagram.com\/fvicente_illust\/","https:\/\/www.linkedin.com\/in\/fernando-vicente-97595012","https:\/\/www.pinterest.es\/FVicente_illust\/","https:\/\/x.com\/https:\/\/twitter.com\/fvicente_illust"]}]}},"_links":{"self":[{"href":"https:\/\/www.fernandovicente.es\/en\/wp-json\/wp\/v2\/product\/3349","targetHints":{"allow":["GET"]}}],"collection":[{"href":"https:\/\/www.fernandovicente.es\/en\/wp-json\/wp\/v2\/product"}],"about":[{"href":"https:\/\/www.fernandovicente.es\/en\/wp-json\/wp\/v2\/types\/product"}],"wp:featuredmedia":[{"embeddable":true,"href":"https:\/\/www.fernandovicente.es\/en\/wp-json\/wp\/v2\/media\/4278"}],"wp:attachment":[{"href":"https:\/\/www.fernandovicente.es\/en\/wp-json\/wp\/v2\/media?parent=3349"}],"wp:term":[{"taxonomy":"product_cat","embeddable":true,"href":"https:\/\/www.fernandovicente.es\/en\/wp-json\/wp\/v2\/product_cat?post=3349"},{"taxonomy":"product_tag","embeddable":true,"href":"https:\/\/www.fernandovicente.es\/en\/wp-json\/wp\/v2\/product_tag?post=3349"}],"curies":[{"name":"wp","href":"https:\/\/api.w.org\/{rel}","templated":true}]}}