{"id":3662,"date":"2015-02-26T19:27:18","date_gmt":"2015-02-26T19:27:18","guid":{"rendered":""},"modified":"2019-08-08T16:21:46","modified_gmt":"2019-08-08T16:21:46","slug":"baraja-literaria-de-escritores","status":"publish","type":"product","link":"https:\/\/www.fernandovicente.es\/en\/shop-online-prints-books-original-cards-postcards-calendars-fernando-vicente\/baraja-literaria-de-escritores\/","title":{"rendered":"Baraja Literaria de escritores de la literatura universal"},"content":{"rendered":"","protected":false},"excerpt":{"rendered":"","protected":false},"featured_media":7300,"template":"","meta":[],"product_cat":[1696],"product_tag":[2137,2136,2142,3750,4232,404,405,4231,2138],"class_list":{"0":"post-3662","1":"product","2":"type-product","3":"status-publish","4":"has-post-thumbnail","6":"product_cat-playing-cards-postcards","7":"product_tag-playing-cards-en","8":"product_tag-playing-cards","9":"product_tag-playing-card-en","10":"product_tag-playing-cards-en-2","11":"product_tag-playing-cards-of-universal-literature-autumn-fair-fernando-vicente-fair-of-old-and-antique-books-2024","12":"product_tag-portraits-en","13":"product_tag-portraits-en-2","14":"product_tag-universal-playing-cards","15":"product_tag-writers-en","16":"product_shipping_class-libros-impresiones-barajas-postales-originales-en","17":"fb_product_set-tienda-online-woo","19":"first","20":"instock","21":"shipping-taxable","22":"purchasable","23":"product-type-simple"},"yoast_head":"<!-- This site is optimized with the Yoast SEO plugin v26.9 - https:\/\/yoast.com\/product\/yoast-seo-wordpress\/ -->\n<title>Baraja Literaria de escritores de la literatura universal - Fernando Vicente<\/title>\n<meta name=\"description\" content=\"Baraja Literaria de escritores que el ilustrador madrile\u00f1o Fernando Vicente ha realizado para N\u00f3rdica Libros! Se trata de la t\u00edpica baraja francesa, para jugar al poker o al continental, cada una de las cartas lleva el dibujode algunos de los autores imprescindibles de la literatura universal.\" \/>\n<meta name=\"robots\" content=\"index, follow, max-snippet:-1, max-image-preview:large, max-video-preview:-1\" \/>\n<link rel=\"canonical\" href=\"https:\/\/www.fernandovicente.es\/en\/shop-online-prints-books-original-cards-postcards-calendars-fernando-vicente\/baraja-literaria-de-escritores\/\" \/>\n<meta property=\"og:locale\" content=\"en_US\" \/>\n<meta property=\"og:type\" content=\"article\" \/>\n<meta property=\"og:title\" content=\"Baraja Literaria de escritores de la literatura universal - Fernando Vicente\" \/>\n<meta property=\"og:description\" content=\"Baraja Literaria de escritores que el ilustrador madrile\u00f1o Fernando Vicente ha realizado para N\u00f3rdica Libros! Se trata de la t\u00edpica baraja francesa, para jugar al poker o al continental, cada una de las cartas lleva el dibujode algunos de los autores imprescindibles de la literatura universal.\" \/>\n<meta property=\"og:url\" content=\"https:\/\/www.fernandovicente.es\/en\/shop-online-prints-books-original-cards-postcards-calendars-fernando-vicente\/baraja-literaria-de-escritores\/\" \/>\n<meta property=\"og:site_name\" content=\"Fernando Vicente\" \/>\n<meta property=\"article:publisher\" content=\"https:\/\/www.facebook.com\/FernandoVicenteIllustrator\/\" \/>\n<meta property=\"article:modified_time\" content=\"2019-08-08T16:21:46+00:00\" \/>\n<meta property=\"og:image\" content=\"https:\/\/www.fernandovicente.es\/wp-content\/uploads\/2015\/02\/Baraja-Literaria-de-escritores-de-Fernando-Vicente-portada.jpg\" \/>\n<meta name=\"twitter:card\" content=\"summary_large_image\" \/>\n<meta name=\"twitter:site\" content=\"@fvicente_illust\" \/>\n<script type=\"application\/ld+json\" class=\"yoast-schema-graph\">{\"@context\":\"https:\/\/schema.org\",\"@graph\":[{\"@type\":\"WebPage\",\"@id\":\"https:\/\/www.fernandovicente.es\/en\/shop-online-prints-books-original-cards-postcards-calendars-fernando-vicente\/baraja-literaria-de-escritores\/\",\"url\":\"https:\/\/www.fernandovicente.es\/en\/shop-online-prints-books-original-cards-postcards-calendars-fernando-vicente\/baraja-literaria-de-escritores\/\",\"name\":\"Baraja Literaria de escritores de la literatura universal - Fernando Vicente\",\"isPartOf\":{\"@id\":\"https:\/\/www.fernandovicente.es\/en\/#website\"},\"primaryImageOfPage\":{\"@id\":\"https:\/\/www.fernandovicente.es\/en\/shop-online-prints-books-original-cards-postcards-calendars-fernando-vicente\/baraja-literaria-de-escritores\/#primaryimage\"},\"image\":{\"@id\":\"https:\/\/www.fernandovicente.es\/en\/shop-online-prints-books-original-cards-postcards-calendars-fernando-vicente\/baraja-literaria-de-escritores\/#primaryimage\"},\"thumbnailUrl\":\"https:\/\/www.fernandovicente.es\/wp-content\/uploads\/2015\/02\/Baraja-Literaria-de-escritores-de-Fernando-Vicente-portada.jpg\",\"datePublished\":\"2015-02-26T19:27:18+00:00\",\"dateModified\":\"2019-08-08T16:21:46+00:00\",\"description\":\"Baraja Literaria de escritores que el ilustrador madrile\u00f1o Fernando Vicente ha realizado para N\u00f3rdica Libros! Se trata de la t\u00edpica baraja francesa, para jugar al poker o al continental, cada una de las cartas lleva el dibujode algunos de los autores imprescindibles de la literatura universal.\",\"breadcrumb\":{\"@id\":\"https:\/\/www.fernandovicente.es\/en\/shop-online-prints-books-original-cards-postcards-calendars-fernando-vicente\/baraja-literaria-de-escritores\/#breadcrumb\"},\"inLanguage\":\"en-US\",\"potentialAction\":[{\"@type\":\"ReadAction\",\"target\":[\"https:\/\/www.fernandovicente.es\/en\/shop-online-prints-books-original-cards-postcards-calendars-fernando-vicente\/baraja-literaria-de-escritores\/\"]}]},{\"@type\":\"ImageObject\",\"inLanguage\":\"en-US\",\"@id\":\"https:\/\/www.fernandovicente.es\/en\/shop-online-prints-books-original-cards-postcards-calendars-fernando-vicente\/baraja-literaria-de-escritores\/#primaryimage\",\"url\":\"https:\/\/www.fernandovicente.es\/wp-content\/uploads\/2015\/02\/Baraja-Literaria-de-escritores-de-Fernando-Vicente-portada.jpg\",\"contentUrl\":\"https:\/\/www.fernandovicente.es\/wp-content\/uploads\/2015\/02\/Baraja-Literaria-de-escritores-de-Fernando-Vicente-portada.jpg\",\"width\":600,\"height\":449,\"caption\":\"Baraja Literaria de escritores de Fernando Vicente\"},{\"@type\":\"BreadcrumbList\",\"@id\":\"https:\/\/www.fernandovicente.es\/en\/shop-online-prints-books-original-cards-postcards-calendars-fernando-vicente\/baraja-literaria-de-escritores\/#breadcrumb\",\"itemListElement\":[{\"@type\":\"ListItem\",\"position\":1,\"name\":\"Portada\",\"item\":\"https:\/\/www.fernandovicente.es\/en\/\"},{\"@type\":\"ListItem\",\"position\":2,\"name\":\"Shop Online\",\"item\":\"https:\/\/www.fernandovicente.es\/en\/shop-online-prints-books-original-cards-postcards-calendars-fernando-vicente\/\"},{\"@type\":\"ListItem\",\"position\":3,\"name\":\"Baraja Literaria de escritores de la literatura universal\"}]},{\"@type\":\"WebSite\",\"@id\":\"https:\/\/www.fernandovicente.es\/en\/#website\",\"url\":\"https:\/\/www.fernandovicente.es\/en\/\",\"name\":\"Fernando Vicente\",\"description\":\"Ilustraci\u00f3n\",\"publisher\":{\"@id\":\"https:\/\/www.fernandovicente.es\/en\/#\/schema\/person\/d49677cb48f2ea656b28261dd8f75d7f\"},\"potentialAction\":[{\"@type\":\"SearchAction\",\"target\":{\"@type\":\"EntryPoint\",\"urlTemplate\":\"https:\/\/www.fernandovicente.es\/en\/?s={search_term_string}\"},\"query-input\":{\"@type\":\"PropertyValueSpecification\",\"valueRequired\":true,\"valueName\":\"search_term_string\"}}],\"inLanguage\":\"en-US\"},{\"@type\":[\"Person\",\"Organization\"],\"@id\":\"https:\/\/www.fernandovicente.es\/en\/#\/schema\/person\/d49677cb48f2ea656b28261dd8f75d7f\",\"name\":\"Fernando Vicente\",\"image\":{\"@type\":\"ImageObject\",\"inLanguage\":\"en-US\",\"@id\":\"https:\/\/www.fernandovicente.es\/en\/#\/schema\/person\/image\/\",\"url\":\"https:\/\/www.fernandovicente.es\/wp-content\/uploads\/2014\/11\/fernando-vicente-Foto-e1419619123418.jpg\",\"contentUrl\":\"https:\/\/www.fernandovicente.es\/wp-content\/uploads\/2014\/11\/fernando-vicente-Foto-e1419619123418.jpg\",\"width\":300,\"height\":300,\"caption\":\"Fernando Vicente\"},\"logo\":{\"@id\":\"https:\/\/www.fernandovicente.es\/en\/#\/schema\/person\/image\/\"},\"description\":\"Fernando Vicente - Painter &amp; illustrator\",\"sameAs\":[\"http:\/\/www.fernandovicente.es\",\"https:\/\/www.facebook.com\/FernandoVicenteIllustrator\/\",\"https:\/\/www.instagram.com\/fvicente_illust\/\",\"https:\/\/www.linkedin.com\/in\/fernando-vicente-97595012\",\"https:\/\/www.pinterest.es\/FVicente_illust\/\",\"https:\/\/x.com\/https:\/\/twitter.com\/fvicente_illust\"]}]}<\/script>\n<!-- \/ Yoast SEO plugin. -->","yoast_head_json":{"title":"Baraja Literaria de escritores de la literatura universal - Fernando Vicente","description":"Baraja Literaria de escritores que el ilustrador madrile\u00f1o Fernando Vicente ha realizado para N\u00f3rdica Libros! Se trata de la t\u00edpica baraja francesa, para jugar al poker o al continental, cada una de las cartas lleva el dibujode algunos de los autores imprescindibles de la literatura universal.","robots":{"index":"index","follow":"follow","max-snippet":"max-snippet:-1","max-image-preview":"max-image-preview:large","max-video-preview":"max-video-preview:-1"},"canonical":"https:\/\/www.fernandovicente.es\/en\/shop-online-prints-books-original-cards-postcards-calendars-fernando-vicente\/baraja-literaria-de-escritores\/","og_locale":"en_US","og_type":"article","og_title":"Baraja Literaria de escritores de la literatura universal - Fernando Vicente","og_description":"Baraja Literaria de escritores que el ilustrador madrile\u00f1o Fernando Vicente ha realizado para N\u00f3rdica Libros! Se trata de la t\u00edpica baraja francesa, para jugar al poker o al continental, cada una de las cartas lleva el dibujode algunos de los autores imprescindibles de la literatura universal.","og_url":"https:\/\/www.fernandovicente.es\/en\/shop-online-prints-books-original-cards-postcards-calendars-fernando-vicente\/baraja-literaria-de-escritores\/","og_site_name":"Fernando Vicente","article_publisher":"https:\/\/www.facebook.com\/FernandoVicenteIllustrator\/","article_modified_time":"2019-08-08T16:21:46+00:00","og_image":[{"url":"https:\/\/www.fernandovicente.es\/wp-content\/uploads\/2015\/02\/Baraja-Literaria-de-escritores-de-Fernando-Vicente-portada.jpg","type":"","width":"","height":""}],"twitter_card":"summary_large_image","twitter_site":"@fvicente_illust","schema":{"@context":"https:\/\/schema.org","@graph":[{"@type":"WebPage","@id":"https:\/\/www.fernandovicente.es\/en\/shop-online-prints-books-original-cards-postcards-calendars-fernando-vicente\/baraja-literaria-de-escritores\/","url":"https:\/\/www.fernandovicente.es\/en\/shop-online-prints-books-original-cards-postcards-calendars-fernando-vicente\/baraja-literaria-de-escritores\/","name":"Baraja Literaria de escritores de la literatura universal - Fernando Vicente","isPartOf":{"@id":"https:\/\/www.fernandovicente.es\/en\/#website"},"primaryImageOfPage":{"@id":"https:\/\/www.fernandovicente.es\/en\/shop-online-prints-books-original-cards-postcards-calendars-fernando-vicente\/baraja-literaria-de-escritores\/#primaryimage"},"image":{"@id":"https:\/\/www.fernandovicente.es\/en\/shop-online-prints-books-original-cards-postcards-calendars-fernando-vicente\/baraja-literaria-de-escritores\/#primaryimage"},"thumbnailUrl":"https:\/\/www.fernandovicente.es\/wp-content\/uploads\/2015\/02\/Baraja-Literaria-de-escritores-de-Fernando-Vicente-portada.jpg","datePublished":"2015-02-26T19:27:18+00:00","dateModified":"2019-08-08T16:21:46+00:00","description":"Baraja Literaria de escritores que el ilustrador madrile\u00f1o Fernando Vicente ha realizado para N\u00f3rdica Libros! Se trata de la t\u00edpica baraja francesa, para jugar al poker o al continental, cada una de las cartas lleva el dibujode algunos de los autores imprescindibles de la literatura universal.","breadcrumb":{"@id":"https:\/\/www.fernandovicente.es\/en\/shop-online-prints-books-original-cards-postcards-calendars-fernando-vicente\/baraja-literaria-de-escritores\/#breadcrumb"},"inLanguage":"en-US","potentialAction":[{"@type":"ReadAction","target":["https:\/\/www.fernandovicente.es\/en\/shop-online-prints-books-original-cards-postcards-calendars-fernando-vicente\/baraja-literaria-de-escritores\/"]}]},{"@type":"ImageObject","inLanguage":"en-US","@id":"https:\/\/www.fernandovicente.es\/en\/shop-online-prints-books-original-cards-postcards-calendars-fernando-vicente\/baraja-literaria-de-escritores\/#primaryimage","url":"https:\/\/www.fernandovicente.es\/wp-content\/uploads\/2015\/02\/Baraja-Literaria-de-escritores-de-Fernando-Vicente-portada.jpg","contentUrl":"https:\/\/www.fernandovicente.es\/wp-content\/uploads\/2015\/02\/Baraja-Literaria-de-escritores-de-Fernando-Vicente-portada.jpg","width":600,"height":449,"caption":"Baraja Literaria de escritores de Fernando Vicente"},{"@type":"BreadcrumbList","@id":"https:\/\/www.fernandovicente.es\/en\/shop-online-prints-books-original-cards-postcards-calendars-fernando-vicente\/baraja-literaria-de-escritores\/#breadcrumb","itemListElement":[{"@type":"ListItem","position":1,"name":"Portada","item":"https:\/\/www.fernandovicente.es\/en\/"},{"@type":"ListItem","position":2,"name":"Shop Online","item":"https:\/\/www.fernandovicente.es\/en\/shop-online-prints-books-original-cards-postcards-calendars-fernando-vicente\/"},{"@type":"ListItem","position":3,"name":"Baraja Literaria de escritores de la literatura universal"}]},{"@type":"WebSite","@id":"https:\/\/www.fernandovicente.es\/en\/#website","url":"https:\/\/www.fernandovicente.es\/en\/","name":"Fernando Vicente","description":"Ilustraci\u00f3n","publisher":{"@id":"https:\/\/www.fernandovicente.es\/en\/#\/schema\/person\/d49677cb48f2ea656b28261dd8f75d7f"},"potentialAction":[{"@type":"SearchAction","target":{"@type":"EntryPoint","urlTemplate":"https:\/\/www.fernandovicente.es\/en\/?s={search_term_string}"},"query-input":{"@type":"PropertyValueSpecification","valueRequired":true,"valueName":"search_term_string"}}],"inLanguage":"en-US"},{"@type":["Person","Organization"],"@id":"https:\/\/www.fernandovicente.es\/en\/#\/schema\/person\/d49677cb48f2ea656b28261dd8f75d7f","name":"Fernando Vicente","image":{"@type":"ImageObject","inLanguage":"en-US","@id":"https:\/\/www.fernandovicente.es\/en\/#\/schema\/person\/image\/","url":"https:\/\/www.fernandovicente.es\/wp-content\/uploads\/2014\/11\/fernando-vicente-Foto-e1419619123418.jpg","contentUrl":"https:\/\/www.fernandovicente.es\/wp-content\/uploads\/2014\/11\/fernando-vicente-Foto-e1419619123418.jpg","width":300,"height":300,"caption":"Fernando Vicente"},"logo":{"@id":"https:\/\/www.fernandovicente.es\/en\/#\/schema\/person\/image\/"},"description":"Fernando Vicente - Painter &amp; illustrator","sameAs":["http:\/\/www.fernandovicente.es","https:\/\/www.facebook.com\/FernandoVicenteIllustrator\/","https:\/\/www.instagram.com\/fvicente_illust\/","https:\/\/www.linkedin.com\/in\/fernando-vicente-97595012","https:\/\/www.pinterest.es\/FVicente_illust\/","https:\/\/x.com\/https:\/\/twitter.com\/fvicente_illust"]}]}},"_links":{"self":[{"href":"https:\/\/www.fernandovicente.es\/en\/wp-json\/wp\/v2\/product\/3662","targetHints":{"allow":["GET"]}}],"collection":[{"href":"https:\/\/www.fernandovicente.es\/en\/wp-json\/wp\/v2\/product"}],"about":[{"href":"https:\/\/www.fernandovicente.es\/en\/wp-json\/wp\/v2\/types\/product"}],"wp:featuredmedia":[{"embeddable":true,"href":"https:\/\/www.fernandovicente.es\/en\/wp-json\/wp\/v2\/media\/7300"}],"wp:attachment":[{"href":"https:\/\/www.fernandovicente.es\/en\/wp-json\/wp\/v2\/media?parent=3662"}],"wp:term":[{"taxonomy":"product_cat","embeddable":true,"href":"https:\/\/www.fernandovicente.es\/en\/wp-json\/wp\/v2\/product_cat?post=3662"},{"taxonomy":"product_tag","embeddable":true,"href":"https:\/\/www.fernandovicente.es\/en\/wp-json\/wp\/v2\/product_tag?post=3662"}],"curies":[{"name":"wp","href":"https:\/\/api.w.org\/{rel}","templated":true}]}}