{"id":6415,"date":"2018-06-01T19:45:36","date_gmt":"2018-06-01T17:45:36","guid":{"rendered":"http:\/\/www.fernandovicente.es\/en\/product\/impresiones-sobre-aluminio-polimeros-vitreos-sistema-vitra\/"},"modified":"2026-01-04T21:45:49","modified_gmt":"2026-01-04T19:45:49","slug":"vanitas-y-venus-impresiones-sobre-aluminio-y-polimeros-vitreos","status":"publish","type":"product","link":"https:\/\/www.fernandovicente.es\/en\/shop-online-prints-books-original-cards-postcards-calendars-fernando-vicente\/vanitas-y-venus-impresiones-sobre-aluminio-y-polimeros-vitreos\/","title":{"rendered":"Vanitas y Venus Impresiones sobre aluminio y polimeros vitreos"},"content":{"rendered":"<h1>Vanitas y Venus Impresiones sobre aluminio y polimeros vitreos Sistema Vitra<\/h1>\n<p>Vanitas y Venus Impresiones sobre aluminio y polimeros vitreos &#8211; Sistema Vitra de alta calidad. 40 cm \u00f3 50cm diametro. Pinturas como Interiores, Presentimiento, Corazonada, o Escorzo de la <a href=\"https:\/\/www.fernandovicente.es\/pinturas\/vanitas-fernando-vicente-anatomia-y-pintura\/\">serie Vanitas<\/a> o Pinturas como Ghismonda, Irezumi o Hokusai de <a href=\"https:\/\/www.fernandovicente.es\/pinturas\/venus\/\">la serie Venus.<\/a><\/p>\n<p>Las vanitas son un tema recurrente en la historia de la pintura (vanitas vanitatis, omnia vanitas). En ellas se pretende transmitir la inutilidad de los placeres mundanos frente a la certeza de la muerte.<\/p>\n<p>Suele estar representadas por una calavera rodeada de riquezas. La osamenta nos recuerda que nuestro tiempo aqu\u00ed es finito y por tanto es in\u00fatil acumular riqueza.<\/p>\n<p><a href=\"http:\/\/fernandovicentevanitas.blogspot.com\/\">La serie Vanitas y Venus<\/a> es un el material sobre el que sigo trabajando, el cuerpo humano sin subterfugios, por fuera y por dentro, su fragilidad es el espejo en el que al mirarnos.<\/p>\n<p>Finalmente, nos damos cuenta de lo fr\u00e1giles que somos, y de lo que nos parecemos, todos tenemos las mismas v\u00edsceras, arterias y m\u00fasculos.<\/p>\n<figure id=\"attachment_6327\" aria-describedby=\"caption-attachment-6327\" style=\"width: 897px\" class=\"wp-caption alignnone\"><a href=\"https:\/\/www.fernandovicente.es\/wp-content\/uploads\/2015\/12\/18519763_1556449117730149_5997119676678192841_n.jpg\"><img loading=\"lazy\" decoding=\"async\" class=\"wp-image-6327 size-full\" title=\"Vanitas y Venus Impresiones sobre aluminio y polimeros vitreos\" src=\"https:\/\/www.fernandovicente.es\/wp-content\/uploads\/2015\/12\/18519763_1556449117730149_5997119676678192841_n.jpg\" alt=\"Vanitas y Venus Impresiones sobre aluminio y polimeros vitreos\" width=\"897\" height=\"945\" \/><\/a><figcaption id=\"caption-attachment-6327\" class=\"wp-caption-text\">Impresiones &#8211; Prints<br \/>Fernando Vicente<br \/>Tienda OnLine<\/figcaption><\/figure>\n<form class=\"cart\" enctype=\"multipart\/form-data\" method=\"post\"><\/form>\n<p><span style=\"border-radius: 2px; text-indent: 20px; width: auto; padding: 0px 4px 0px 0px; text-align: center; font: bold 11px\/20px 'Helvetica Neue',Helvetica,sans-serif; color: #ffffff; background: #bd081c no-repeat scroll 3px 50% \/ 14px 14px; position: absolute; opacity: 1; z-index: 8675309; display: none; cursor: pointer; top: 36px; left: 20px;\">Guardar<\/span><\/p>\n<p><span style=\"border-radius: 2px; text-indent: 20px; width: auto; padding: 0px 4px 0px 0px; text-align: center; font: bold 11px\/20px 'Helvetica Neue',Helvetica,sans-serif; color: #ffffff; background: #bd081c no-repeat scroll 3px 50% \/ 14px 14px; position: absolute; opacity: 1; z-index: 8675309; display: none; cursor: pointer; top: 36px; left: 20px;\">Guardar<\/span><\/p>\n","protected":false},"excerpt":{"rendered":"<p>Vanitas y Venus Impresiones sobre aluminio y polimeros vitreos Sistema Vitra Vanitas y Venus Impresiones sobre aluminio y polimeros vitreos &#8211; Sistema Vitra de alta&hellip;<\/p>\n","protected":false},"featured_media":6328,"template":"","meta":[],"product_cat":[3381],"product_tag":[372,150,262,135,136,373],"class_list":{"0":"post-6415","1":"product","2":"type-product","3":"status-publish","4":"has-post-thumbnail","6":"product_cat-special-edition-prints-en","7":"product_tag-dibond-en","8":"product_tag-impresiones-en","9":"product_tag-prints-en","10":"product_tag-vanitas-en","11":"product_tag-venus-en","12":"product_tag-vitra-en","13":"product_shipping_class-impresiones-gran-formato-en-2","14":"pa_color-corazonada-en","15":"pa_color-escorzo-en","16":"pa_color-ghismonda-en-2","17":"pa_color-interiores","18":"pa_color-irezumi-en","19":"pa_color-koi-en","20":"pa_color-maria-antoniette-en","21":"pa_color-materia-rosa-en","22":"pa_color-pasion-invernal-en","23":"pa_color-presentimiento-en","24":"pa_tamano-40-cm-diametro-en","25":"pa_tamano-50-cm-diametro-en","26":"fb_product_set-tienda-online-woo","28":"first","29":"outofstock","30":"shipping-taxable","31":"purchasable","32":"product-type-variable","33":"wvs-archive-product-wrapper"},"yoast_head":"<!-- This site is optimized with the Yoast SEO plugin v26.9 - https:\/\/yoast.com\/product\/yoast-seo-wordpress\/ -->\n<title>Vanitas y Venus Impresiones sobre aluminio y polimeros vitreos FVicente<\/title>\n<meta name=\"description\" content=\"Vanitas y Venus Impresiones sobre aluminio y polimeros vitreos Sistema Vitra de alta calidad. 40 cm \u00f3 50cm diametro. Pinturas como Interiores, Presentimiento, Corazonada, o Escorzo de la serie Vanitas o Pinturas como Ghismonda, Irezumi o Hokusai de la serie Venus.\" \/>\n<meta name=\"robots\" content=\"index, follow, max-snippet:-1, max-image-preview:large, max-video-preview:-1\" \/>\n<link rel=\"canonical\" href=\"https:\/\/www.fernandovicente.es\/en\/shop-online-prints-books-original-cards-postcards-calendars-fernando-vicente\/vanitas-y-venus-impresiones-sobre-aluminio-y-polimeros-vitreos\/\" \/>\n<meta property=\"og:locale\" content=\"en_US\" \/>\n<meta property=\"og:type\" content=\"article\" \/>\n<meta property=\"og:title\" content=\"Vanitas y Venus Impresiones sobre aluminio y polimeros vitreos FVicente\" \/>\n<meta property=\"og:description\" content=\"Vanitas y Venus Impresiones sobre aluminio y polimeros vitreos Sistema Vitra de alta calidad. 40 cm \u00f3 50cm diametro. Pinturas como Interiores, Presentimiento, Corazonada, o Escorzo de la serie Vanitas o Pinturas como Ghismonda, Irezumi o Hokusai de la serie Venus.\" \/>\n<meta property=\"og:url\" content=\"https:\/\/www.fernandovicente.es\/en\/shop-online-prints-books-original-cards-postcards-calendars-fernando-vicente\/vanitas-y-venus-impresiones-sobre-aluminio-y-polimeros-vitreos\/\" \/>\n<meta property=\"og:site_name\" content=\"Fernando Vicente\" \/>\n<meta property=\"article:publisher\" content=\"https:\/\/www.facebook.com\/FernandoVicenteIllustrator\/\" \/>\n<meta property=\"article:modified_time\" content=\"2026-01-04T19:45:49+00:00\" \/>\n<meta property=\"og:image\" content=\"https:\/\/www.fernandovicente.es\/wp-content\/uploads\/2015\/12\/18519763_1556449117730149_5997119676678192841_n-e1510084740137.jpg\" \/>\n<meta name=\"twitter:card\" content=\"summary_large_image\" \/>\n<meta name=\"twitter:site\" content=\"@fvicente_illust\" \/>\n<meta name=\"twitter:label1\" content=\"Est. reading time\" \/>\n\t<meta name=\"twitter:data1\" content=\"1 minute\" \/>\n<script type=\"application\/ld+json\" class=\"yoast-schema-graph\">{\"@context\":\"https:\/\/schema.org\",\"@graph\":[{\"@type\":\"WebPage\",\"@id\":\"https:\/\/www.fernandovicente.es\/en\/shop-online-prints-books-original-cards-postcards-calendars-fernando-vicente\/vanitas-y-venus-impresiones-sobre-aluminio-y-polimeros-vitreos\/\",\"url\":\"https:\/\/www.fernandovicente.es\/en\/shop-online-prints-books-original-cards-postcards-calendars-fernando-vicente\/vanitas-y-venus-impresiones-sobre-aluminio-y-polimeros-vitreos\/\",\"name\":\"Vanitas y Venus Impresiones sobre aluminio y polimeros vitreos FVicente\",\"isPartOf\":{\"@id\":\"https:\/\/www.fernandovicente.es\/en\/#website\"},\"primaryImageOfPage\":{\"@id\":\"https:\/\/www.fernandovicente.es\/en\/shop-online-prints-books-original-cards-postcards-calendars-fernando-vicente\/vanitas-y-venus-impresiones-sobre-aluminio-y-polimeros-vitreos\/#primaryimage\"},\"image\":{\"@id\":\"https:\/\/www.fernandovicente.es\/en\/shop-online-prints-books-original-cards-postcards-calendars-fernando-vicente\/vanitas-y-venus-impresiones-sobre-aluminio-y-polimeros-vitreos\/#primaryimage\"},\"thumbnailUrl\":\"https:\/\/www.fernandovicente.es\/wp-content\/uploads\/2015\/12\/18519763_1556449117730149_5997119676678192841_n.jpg\",\"datePublished\":\"2018-06-01T17:45:36+00:00\",\"dateModified\":\"2026-01-04T19:45:49+00:00\",\"description\":\"Vanitas y Venus Impresiones sobre aluminio y polimeros vitreos Sistema Vitra de alta calidad. 40 cm \u00f3 50cm diametro. Pinturas como Interiores, Presentimiento, Corazonada, o Escorzo de la serie Vanitas o Pinturas como Ghismonda, Irezumi o Hokusai de la serie Venus.\",\"breadcrumb\":{\"@id\":\"https:\/\/www.fernandovicente.es\/en\/shop-online-prints-books-original-cards-postcards-calendars-fernando-vicente\/vanitas-y-venus-impresiones-sobre-aluminio-y-polimeros-vitreos\/#breadcrumb\"},\"inLanguage\":\"en-US\",\"potentialAction\":[{\"@type\":\"ReadAction\",\"target\":[\"https:\/\/www.fernandovicente.es\/en\/shop-online-prints-books-original-cards-postcards-calendars-fernando-vicente\/vanitas-y-venus-impresiones-sobre-aluminio-y-polimeros-vitreos\/\"]}]},{\"@type\":\"ImageObject\",\"inLanguage\":\"en-US\",\"@id\":\"https:\/\/www.fernandovicente.es\/en\/shop-online-prints-books-original-cards-postcards-calendars-fernando-vicente\/vanitas-y-venus-impresiones-sobre-aluminio-y-polimeros-vitreos\/#primaryimage\",\"url\":\"https:\/\/www.fernandovicente.es\/wp-content\/uploads\/2015\/12\/18519763_1556449117730149_5997119676678192841_n.jpg\",\"contentUrl\":\"https:\/\/www.fernandovicente.es\/wp-content\/uploads\/2015\/12\/18519763_1556449117730149_5997119676678192841_n.jpg\",\"width\":960,\"height\":960,\"caption\":\"Impresiones - Prints Fernando Vicente Tienda OnLine\"},{\"@type\":\"BreadcrumbList\",\"@id\":\"https:\/\/www.fernandovicente.es\/en\/shop-online-prints-books-original-cards-postcards-calendars-fernando-vicente\/vanitas-y-venus-impresiones-sobre-aluminio-y-polimeros-vitreos\/#breadcrumb\",\"itemListElement\":[{\"@type\":\"ListItem\",\"position\":1,\"name\":\"Portada\",\"item\":\"https:\/\/www.fernandovicente.es\/en\/\"},{\"@type\":\"ListItem\",\"position\":2,\"name\":\"Shop Online\",\"item\":\"https:\/\/www.fernandovicente.es\/en\/shop-online-prints-books-original-cards-postcards-calendars-fernando-vicente\/\"},{\"@type\":\"ListItem\",\"position\":3,\"name\":\"Vanitas y Venus Impresiones sobre aluminio y polimeros vitreos\"}]},{\"@type\":\"WebSite\",\"@id\":\"https:\/\/www.fernandovicente.es\/en\/#website\",\"url\":\"https:\/\/www.fernandovicente.es\/en\/\",\"name\":\"Fernando Vicente\",\"description\":\"Ilustraci\u00f3n\",\"publisher\":{\"@id\":\"https:\/\/www.fernandovicente.es\/en\/#\/schema\/person\/d49677cb48f2ea656b28261dd8f75d7f\"},\"potentialAction\":[{\"@type\":\"SearchAction\",\"target\":{\"@type\":\"EntryPoint\",\"urlTemplate\":\"https:\/\/www.fernandovicente.es\/en\/?s={search_term_string}\"},\"query-input\":{\"@type\":\"PropertyValueSpecification\",\"valueRequired\":true,\"valueName\":\"search_term_string\"}}],\"inLanguage\":\"en-US\"},{\"@type\":[\"Person\",\"Organization\"],\"@id\":\"https:\/\/www.fernandovicente.es\/en\/#\/schema\/person\/d49677cb48f2ea656b28261dd8f75d7f\",\"name\":\"Fernando Vicente\",\"image\":{\"@type\":\"ImageObject\",\"inLanguage\":\"en-US\",\"@id\":\"https:\/\/www.fernandovicente.es\/en\/#\/schema\/person\/image\/\",\"url\":\"https:\/\/www.fernandovicente.es\/wp-content\/uploads\/2014\/11\/fernando-vicente-Foto-e1419619123418.jpg\",\"contentUrl\":\"https:\/\/www.fernandovicente.es\/wp-content\/uploads\/2014\/11\/fernando-vicente-Foto-e1419619123418.jpg\",\"width\":300,\"height\":300,\"caption\":\"Fernando Vicente\"},\"logo\":{\"@id\":\"https:\/\/www.fernandovicente.es\/en\/#\/schema\/person\/image\/\"},\"description\":\"Fernando Vicente - Painter &amp; illustrator\",\"sameAs\":[\"http:\/\/www.fernandovicente.es\",\"https:\/\/www.facebook.com\/FernandoVicenteIllustrator\/\",\"https:\/\/www.instagram.com\/fvicente_illust\/\",\"https:\/\/www.linkedin.com\/in\/fernando-vicente-97595012\",\"https:\/\/www.pinterest.es\/FVicente_illust\/\",\"https:\/\/x.com\/https:\/\/twitter.com\/fvicente_illust\"]}]}<\/script>\n<!-- \/ Yoast SEO plugin. -->","yoast_head_json":{"title":"Vanitas y Venus Impresiones sobre aluminio y polimeros vitreos FVicente","description":"Vanitas y Venus Impresiones sobre aluminio y polimeros vitreos Sistema Vitra de alta calidad. 40 cm \u00f3 50cm diametro. Pinturas como Interiores, Presentimiento, Corazonada, o Escorzo de la serie Vanitas o Pinturas como Ghismonda, Irezumi o Hokusai de la serie Venus.","robots":{"index":"index","follow":"follow","max-snippet":"max-snippet:-1","max-image-preview":"max-image-preview:large","max-video-preview":"max-video-preview:-1"},"canonical":"https:\/\/www.fernandovicente.es\/en\/shop-online-prints-books-original-cards-postcards-calendars-fernando-vicente\/vanitas-y-venus-impresiones-sobre-aluminio-y-polimeros-vitreos\/","og_locale":"en_US","og_type":"article","og_title":"Vanitas y Venus Impresiones sobre aluminio y polimeros vitreos FVicente","og_description":"Vanitas y Venus Impresiones sobre aluminio y polimeros vitreos Sistema Vitra de alta calidad. 40 cm \u00f3 50cm diametro. Pinturas como Interiores, Presentimiento, Corazonada, o Escorzo de la serie Vanitas o Pinturas como Ghismonda, Irezumi o Hokusai de la serie Venus.","og_url":"https:\/\/www.fernandovicente.es\/en\/shop-online-prints-books-original-cards-postcards-calendars-fernando-vicente\/vanitas-y-venus-impresiones-sobre-aluminio-y-polimeros-vitreos\/","og_site_name":"Fernando Vicente","article_publisher":"https:\/\/www.facebook.com\/FernandoVicenteIllustrator\/","article_modified_time":"2026-01-04T19:45:49+00:00","og_image":[{"url":"https:\/\/www.fernandovicente.es\/wp-content\/uploads\/2015\/12\/18519763_1556449117730149_5997119676678192841_n-e1510084740137.jpg","type":"","width":"","height":""}],"twitter_card":"summary_large_image","twitter_site":"@fvicente_illust","twitter_misc":{"Est. reading time":"1 minute"},"schema":{"@context":"https:\/\/schema.org","@graph":[{"@type":"WebPage","@id":"https:\/\/www.fernandovicente.es\/en\/shop-online-prints-books-original-cards-postcards-calendars-fernando-vicente\/vanitas-y-venus-impresiones-sobre-aluminio-y-polimeros-vitreos\/","url":"https:\/\/www.fernandovicente.es\/en\/shop-online-prints-books-original-cards-postcards-calendars-fernando-vicente\/vanitas-y-venus-impresiones-sobre-aluminio-y-polimeros-vitreos\/","name":"Vanitas y Venus Impresiones sobre aluminio y polimeros vitreos FVicente","isPartOf":{"@id":"https:\/\/www.fernandovicente.es\/en\/#website"},"primaryImageOfPage":{"@id":"https:\/\/www.fernandovicente.es\/en\/shop-online-prints-books-original-cards-postcards-calendars-fernando-vicente\/vanitas-y-venus-impresiones-sobre-aluminio-y-polimeros-vitreos\/#primaryimage"},"image":{"@id":"https:\/\/www.fernandovicente.es\/en\/shop-online-prints-books-original-cards-postcards-calendars-fernando-vicente\/vanitas-y-venus-impresiones-sobre-aluminio-y-polimeros-vitreos\/#primaryimage"},"thumbnailUrl":"https:\/\/www.fernandovicente.es\/wp-content\/uploads\/2015\/12\/18519763_1556449117730149_5997119676678192841_n.jpg","datePublished":"2018-06-01T17:45:36+00:00","dateModified":"2026-01-04T19:45:49+00:00","description":"Vanitas y Venus Impresiones sobre aluminio y polimeros vitreos Sistema Vitra de alta calidad. 40 cm \u00f3 50cm diametro. Pinturas como Interiores, Presentimiento, Corazonada, o Escorzo de la serie Vanitas o Pinturas como Ghismonda, Irezumi o Hokusai de la serie Venus.","breadcrumb":{"@id":"https:\/\/www.fernandovicente.es\/en\/shop-online-prints-books-original-cards-postcards-calendars-fernando-vicente\/vanitas-y-venus-impresiones-sobre-aluminio-y-polimeros-vitreos\/#breadcrumb"},"inLanguage":"en-US","potentialAction":[{"@type":"ReadAction","target":["https:\/\/www.fernandovicente.es\/en\/shop-online-prints-books-original-cards-postcards-calendars-fernando-vicente\/vanitas-y-venus-impresiones-sobre-aluminio-y-polimeros-vitreos\/"]}]},{"@type":"ImageObject","inLanguage":"en-US","@id":"https:\/\/www.fernandovicente.es\/en\/shop-online-prints-books-original-cards-postcards-calendars-fernando-vicente\/vanitas-y-venus-impresiones-sobre-aluminio-y-polimeros-vitreos\/#primaryimage","url":"https:\/\/www.fernandovicente.es\/wp-content\/uploads\/2015\/12\/18519763_1556449117730149_5997119676678192841_n.jpg","contentUrl":"https:\/\/www.fernandovicente.es\/wp-content\/uploads\/2015\/12\/18519763_1556449117730149_5997119676678192841_n.jpg","width":960,"height":960,"caption":"Impresiones - Prints Fernando Vicente Tienda OnLine"},{"@type":"BreadcrumbList","@id":"https:\/\/www.fernandovicente.es\/en\/shop-online-prints-books-original-cards-postcards-calendars-fernando-vicente\/vanitas-y-venus-impresiones-sobre-aluminio-y-polimeros-vitreos\/#breadcrumb","itemListElement":[{"@type":"ListItem","position":1,"name":"Portada","item":"https:\/\/www.fernandovicente.es\/en\/"},{"@type":"ListItem","position":2,"name":"Shop Online","item":"https:\/\/www.fernandovicente.es\/en\/shop-online-prints-books-original-cards-postcards-calendars-fernando-vicente\/"},{"@type":"ListItem","position":3,"name":"Vanitas y Venus Impresiones sobre aluminio y polimeros vitreos"}]},{"@type":"WebSite","@id":"https:\/\/www.fernandovicente.es\/en\/#website","url":"https:\/\/www.fernandovicente.es\/en\/","name":"Fernando Vicente","description":"Ilustraci\u00f3n","publisher":{"@id":"https:\/\/www.fernandovicente.es\/en\/#\/schema\/person\/d49677cb48f2ea656b28261dd8f75d7f"},"potentialAction":[{"@type":"SearchAction","target":{"@type":"EntryPoint","urlTemplate":"https:\/\/www.fernandovicente.es\/en\/?s={search_term_string}"},"query-input":{"@type":"PropertyValueSpecification","valueRequired":true,"valueName":"search_term_string"}}],"inLanguage":"en-US"},{"@type":["Person","Organization"],"@id":"https:\/\/www.fernandovicente.es\/en\/#\/schema\/person\/d49677cb48f2ea656b28261dd8f75d7f","name":"Fernando Vicente","image":{"@type":"ImageObject","inLanguage":"en-US","@id":"https:\/\/www.fernandovicente.es\/en\/#\/schema\/person\/image\/","url":"https:\/\/www.fernandovicente.es\/wp-content\/uploads\/2014\/11\/fernando-vicente-Foto-e1419619123418.jpg","contentUrl":"https:\/\/www.fernandovicente.es\/wp-content\/uploads\/2014\/11\/fernando-vicente-Foto-e1419619123418.jpg","width":300,"height":300,"caption":"Fernando Vicente"},"logo":{"@id":"https:\/\/www.fernandovicente.es\/en\/#\/schema\/person\/image\/"},"description":"Fernando Vicente - Painter &amp; illustrator","sameAs":["http:\/\/www.fernandovicente.es","https:\/\/www.facebook.com\/FernandoVicenteIllustrator\/","https:\/\/www.instagram.com\/fvicente_illust\/","https:\/\/www.linkedin.com\/in\/fernando-vicente-97595012","https:\/\/www.pinterest.es\/FVicente_illust\/","https:\/\/x.com\/https:\/\/twitter.com\/fvicente_illust"]}]}},"_links":{"self":[{"href":"https:\/\/www.fernandovicente.es\/en\/wp-json\/wp\/v2\/product\/6415","targetHints":{"allow":["GET"]}}],"collection":[{"href":"https:\/\/www.fernandovicente.es\/en\/wp-json\/wp\/v2\/product"}],"about":[{"href":"https:\/\/www.fernandovicente.es\/en\/wp-json\/wp\/v2\/types\/product"}],"wp:featuredmedia":[{"embeddable":true,"href":"https:\/\/www.fernandovicente.es\/en\/wp-json\/wp\/v2\/media\/6328"}],"wp:attachment":[{"href":"https:\/\/www.fernandovicente.es\/en\/wp-json\/wp\/v2\/media?parent=6415"}],"wp:term":[{"taxonomy":"product_cat","embeddable":true,"href":"https:\/\/www.fernandovicente.es\/en\/wp-json\/wp\/v2\/product_cat?post=6415"},{"taxonomy":"product_tag","embeddable":true,"href":"https:\/\/www.fernandovicente.es\/en\/wp-json\/wp\/v2\/product_tag?post=6415"}],"curies":[{"name":"wp","href":"https:\/\/api.w.org\/{rel}","templated":true}]}}