{"id":8266,"date":"2023-08-08T15:50:05","date_gmt":"2023-08-08T13:50:05","guid":{"rendered":"https:\/\/www.fernandovicente.es\/?post_type=product&#038;p=8266"},"modified":"2025-08-09T11:25:49","modified_gmt":"2025-08-09T09:25:49","slug":"literary-playing-cards","status":"publish","type":"product","link":"https:\/\/www.fernandovicente.es\/en\/shop-online-prints-books-original-cards-postcards-calendars-fernando-vicente\/literary-playing-cards\/","title":{"rendered":"Literary Playing Cards"},"content":{"rendered":"<div data-midnight=\"dark-title\" class=\"row wpb_row row-fluid\"><div class=\"wpb_column columns medium-12 thb-dark-column small-12\"><div class=\"vc_column-inner \"><div class=\"wpb_wrapper\">\r\n\t<div class=\"wpb_text_column wpb_content_element  \">\r\n\t\t<div class=\"wpb_wrapper\">\r\n\t\t\t<h1>Baraja Literaria de escritores de la literatura universal<\/h1>\n<p>Baraja Literaria de escritores de la literatura universal que el ilustrador madrile\u00f1o<strong> Fernando Vicente<\/strong> ha realizado para <strong>N\u00f3rdica Libros<\/strong>! En ella podemos encontrar a grandes escritoras como Mary Shelley, Isak Dinesesn o Emily <span class=\"st\"><em>Dickinson<\/em><\/span><\/p>\n<p>Se trata de la t\u00edpica baraja francesa, para jugar al poker o al continental, cada una de las cartas lleva el dibujo de algunos de los autores imprescindibles de la literatura universal. As\u00ed, podr\u00edas hacer un tr\u00edo de ases, por ejemplo, con Salinger, Rimbaud y Cort\u00e1zar.<\/p>\n<h1><a href=\"https:\/\/www.fernandovicente.es\/wp-content\/uploads\/2015\/02\/Baraja-Literaria-de-escritores-de-Fernando-Vicente-portada.jpg\"><img loading=\"lazy\" decoding=\"async\" class=\"size-full wp-image-7299 aligncenter\" src=\"https:\/\/www.fernandovicente.es\/wp-content\/uploads\/2015\/02\/Baraja-Literaria-de-escritores-de-Fernando-Vicente-portada.jpg\" alt=\"Baraja Literaria de escritores de Fernando Vicente Treboles\" width=\"600\" height=\"449\" \/><\/a><\/h1>\n<p>La baraja cuesta 19\u201950 euros. Lo bueno es que en la baraja aparecen 52 escritores diferentes, y las 52 im\u00e1genes son fant\u00e1sticas. Puedes verlos aqu\u00ed abajo.<\/p>\n<p>Ver Retratos de Fernando Vicente<\/p>\n\r\n\t\t<\/div>\r\n\t<\/div>\r\n<\/div><\/div><\/div><\/div><div data-midnight=\"dark-title\" class=\"row wpb_row row-fluid\"><div class=\"wpb_column columns medium-12 thb-dark-column small-12\"><div class=\"vc_column-inner \"><div class=\"wpb_wrapper\"><div class=\"vc_empty_space\"   style=\"height: 32px\"><span class=\"vc_empty_space_inner\"><\/span><\/div><\/div><\/div><\/div><\/div><div data-midnight=\"dark-title\" class=\"row wpb_row row-fluid\"><div class=\"wpb_column columns medium-12 thb-dark-column small-12\"><div class=\"vc_column-inner \"><div class=\"wpb_wrapper\"><div id=\"ts-vcsc-image-gallery-7861987\" class=\"ts-image-gallery-wrapper ts-kraut-lightbox-frame   \" data-style=\"grid\" data-break-parents=\"6\" data-inline=\"false\" style=\"margin-top: 0px; margin-bottom: 0px; position: relative;\"><div id=\"ts-vcsc-image-gallery-7861987-grid\" class=\"ts-lightbox-gallery-grid\"><a style=\"width: 20%; height: 100%; display: inline-block; margin: 0; padding: 0;; display: none;\" id=\"krautgroup7861987-0\" href=\"https:\/\/www.fernandovicente.es\/wp-content\/uploads\/2015\/02\/Baraja-Literaria-de-escritores-de-Fernando-Vicente-Corazones.jpg\" target=\"_blank\" data-preview=\"https:\/\/www.fernandovicente.es\/wp-content\/uploads\/2015\/02\/Baraja-Literaria-de-escritores-de-Fernando-Vicente-Corazones.jpg\" data-thumbnail=\"https:\/\/www.fernandovicente.es\/wp-content\/uploads\/2015\/02\/Baraja-Literaria-de-escritores-de-Fernando-Vicente-Corazones.jpg\" data-include=\"true\" data-hover=\"Baraja Literaria de escritores de Fernando Vicente Corazones\" data-alt=\"\" data-title=\"Baraja Literaria de escritores de Fernando Vicente Corazones\" data-groups=\"\" class=\"kraut-lightbox-media no-ajaxy ts-hover-image krautgroup7861987 nofancybox\" rel=\"krautgroup7861987\" data-effect=\"simpleFade\" data-nohashes=\"true\" data-usecors=\"global\" data-save=\"0\" data-share=\"1\" data-no-lazy=\"1\">#1<\/a><a style=\"width: 20%; height: 100%; display: inline-block; margin: 0; padding: 0;; display: none;\" id=\"krautgroup7861987-1\" href=\"https:\/\/www.fernandovicente.es\/wp-content\/uploads\/2015\/02\/Baraja-Literaria-de-escritores-de-Fernando-Vicente-portada.jpg\" target=\"_blank\" data-preview=\"https:\/\/www.fernandovicente.es\/wp-content\/uploads\/2015\/02\/Baraja-Literaria-de-escritores-de-Fernando-Vicente-portada.jpg\" data-thumbnail=\"https:\/\/www.fernandovicente.es\/wp-content\/uploads\/2015\/02\/Baraja-Literaria-de-escritores-de-Fernando-Vicente-portada.jpg\" data-include=\"true\" data-hover=\"Baraja Literaria de escritores de Fernando Vicente portada\" data-alt=\"\" data-title=\"Baraja Literaria de escritores de Fernando Vicente portada\" data-groups=\"\" class=\"kraut-lightbox-media no-ajaxy ts-hover-image krautgroup7861987 nofancybox\" rel=\"krautgroup7861987\" data-effect=\"simpleFade\" data-nohashes=\"true\" data-usecors=\"global\" data-save=\"0\" data-share=\"1\" data-no-lazy=\"1\">#2<\/a><a style=\"width: 20%; height: 100%; display: inline-block; margin: 0; padding: 0;; display: none;\" id=\"krautgroup7861987-2\" href=\"https:\/\/www.fernandovicente.es\/wp-content\/uploads\/2015\/02\/Baraja-Literaria-de-escritores-de-Fernando-Vicente-Rombos.jpg\" target=\"_blank\" data-preview=\"https:\/\/www.fernandovicente.es\/wp-content\/uploads\/2015\/02\/Baraja-Literaria-de-escritores-de-Fernando-Vicente-Rombos-220x300.jpg\" data-thumbnail=\"https:\/\/www.fernandovicente.es\/wp-content\/uploads\/2015\/02\/Baraja-Literaria-de-escritores-de-Fernando-Vicente-Rombos-220x300.jpg\" data-include=\"true\" data-hover=\"Baraja Literaria de escritores de Fernando Vicente Rombos\" data-alt=\"\" data-title=\"Baraja Literaria de escritores de Fernando Vicente Rombos\" data-groups=\"\" class=\"kraut-lightbox-media no-ajaxy ts-hover-image krautgroup7861987 nofancybox\" rel=\"krautgroup7861987\" data-effect=\"simpleFade\" data-nohashes=\"true\" data-usecors=\"global\" data-save=\"0\" data-share=\"1\" data-no-lazy=\"1\">#3<\/a><a style=\"width: 20%; height: 100%; display: inline-block; margin: 0; padding: 0;; display: none;\" id=\"krautgroup7861987-3\" href=\"https:\/\/www.fernandovicente.es\/wp-content\/uploads\/2015\/02\/Baraja-Literaria-de-escritores-de-Fernando-Vicente-Treboles.jpg\" target=\"_blank\" data-preview=\"https:\/\/www.fernandovicente.es\/wp-content\/uploads\/2015\/02\/Baraja-Literaria-de-escritores-de-Fernando-Vicente-Treboles-220x300.jpg\" data-thumbnail=\"https:\/\/www.fernandovicente.es\/wp-content\/uploads\/2015\/02\/Baraja-Literaria-de-escritores-de-Fernando-Vicente-Treboles-220x300.jpg\" data-include=\"true\" data-hover=\"Baraja Literaria de escritores de Fernando Vicente Treboles\" data-alt=\"\" data-title=\"Baraja Literaria de escritores de Fernando Vicente Treboles\" data-groups=\"\" class=\"kraut-lightbox-media no-ajaxy ts-hover-image krautgroup7861987 nofancybox\" rel=\"krautgroup7861987\" data-effect=\"simpleFade\" data-nohashes=\"true\" data-usecors=\"global\" data-save=\"0\" data-share=\"1\" data-no-lazy=\"1\">#4<\/a><a style=\"width: 20%; height: 100%; display: inline-block; margin: 0; padding: 0;; display: none;\" id=\"krautgroup7861987-4\" href=\"https:\/\/www.fernandovicente.es\/wp-content\/uploads\/2015\/02\/Baraja-Literaria-de-escritores-de-Fernando-Vicente-Picas.jpg\" target=\"_blank\" data-preview=\"https:\/\/www.fernandovicente.es\/wp-content\/uploads\/2015\/02\/Baraja-Literaria-de-escritores-de-Fernando-Vicente-Picas-220x300.jpg\" data-thumbnail=\"https:\/\/www.fernandovicente.es\/wp-content\/uploads\/2015\/02\/Baraja-Literaria-de-escritores-de-Fernando-Vicente-Picas-220x300.jpg\" data-include=\"true\" data-hover=\"Baraja Literaria de escritores de Fernando Vicente Picas\" data-alt=\"\" data-title=\"Baraja Literaria de escritores de Fernando Vicente Picas\" data-groups=\"\" class=\"kraut-lightbox-media no-ajaxy ts-hover-image krautgroup7861987 nofancybox\" rel=\"krautgroup7861987\" data-effect=\"simpleFade\" data-nohashes=\"true\" data-usecors=\"global\" data-save=\"0\" data-share=\"1\" data-no-lazy=\"1\">#5<\/a><a style=\"width: 20%; height: 100%; display: inline-block; margin: 0; padding: 0;; display: none;\" id=\"krautgroup7861987-5\" href=\"https:\/\/www.fernandovicente.es\/wp-content\/uploads\/2014\/11\/30102014094500.jpg\" target=\"_blank\" data-preview=\"https:\/\/www.fernandovicente.es\/wp-content\/uploads\/2014\/11\/30102014094500.jpg\" data-thumbnail=\"https:\/\/www.fernandovicente.es\/wp-content\/uploads\/2014\/11\/30102014094500.jpg\" data-include=\"true\" data-hover=\"Baraja naipes de Escritores Fernando Vicente\" data-alt=\"\" data-title=\"Baraja naipes de Escritores Fernando Vicente\" data-groups=\"\" class=\"kraut-lightbox-media no-ajaxy ts-hover-image krautgroup7861987 nofancybox\" rel=\"krautgroup7861987\" data-effect=\"simpleFade\" data-nohashes=\"true\" data-usecors=\"global\" data-save=\"0\" data-share=\"1\" data-no-lazy=\"1\">#6<\/a><a style=\"width: 20%; height: 100%; display: inline-block; margin: 0; padding: 0;; display: none;\" id=\"krautgroup7861987-6\" href=\"https:\/\/www.fernandovicente.es\/wp-content\/uploads\/2019\/08\/Baraja-de-literatura-universal-scaled.jpg\" target=\"_blank\" data-preview=\"https:\/\/www.fernandovicente.es\/wp-content\/uploads\/2019\/08\/Baraja-de-literatura-universal-221x300.jpg\" data-thumbnail=\"https:\/\/www.fernandovicente.es\/wp-content\/uploads\/2019\/08\/Baraja-de-literatura-universal-221x300.jpg\" data-include=\"true\" data-hover=\"Baraja de literatura universal\" data-alt=\"\" data-title=\"Baraja de literatura universal\" data-groups=\"\" class=\"kraut-lightbox-media no-ajaxy ts-hover-image krautgroup7861987 nofancybox\" rel=\"krautgroup7861987\" data-effect=\"simpleFade\" data-nohashes=\"true\" data-usecors=\"global\" data-save=\"0\" data-share=\"1\" data-no-lazy=\"1\">#7<\/a><a style=\"width: 20%; height: 100%; display: inline-block; margin: 0; padding: 0;; display: none;\" id=\"krautgroup7861987-7\" href=\"https:\/\/www.fernandovicente.es\/wp-content\/uploads\/2019\/08\/Baraja-de-literatura-universal-copia-scaled.jpg\" target=\"_blank\" data-preview=\"https:\/\/www.fernandovicente.es\/wp-content\/uploads\/2019\/08\/Baraja-de-literatura-universal-copia-246x300.jpg\" data-thumbnail=\"https:\/\/www.fernandovicente.es\/wp-content\/uploads\/2019\/08\/Baraja-de-literatura-universal-copia-246x300.jpg\" data-random=\"7861987\" data-include=\"true\" data-hover=\"Baraja de literatura universal\" data-alt=\"\" data-title=\"Baraja de literatura universal\" data-groups=\"\" class=\"kraut-lightbox-media no-ajaxy ts-hover-image krautgroup7861987 nofancybox\" rel=\"krautgroup7861987\" data-effect=\"simpleFade\" data-usecors=\"global\" data-save=\"0\" data-share=\"1\" data-play=\"1\" data-autoplay=\"1\" data-duration=\"2500\" data-thumbsize=\"100\" data-thumbs=\"bottom\"  data-nohashes=\"true\" data-captions=\"true\" data-grid=\"240,480,720,960\" data-gridpreloader=\"false\" data-gridspace=\"2\" data-gridorder=\"false\" data-gridfilter=\"true\" data-gridavailable=\"Available Groups\" data-gridselected=\"Filtered Groups\" data-gridnogroups=\"No Groups\" data-gridtoggle=\"Toggle Filter\" data-gridtogglestyle=\"ts-color-button-belize-hole-flat\" data-gridshowall=\"Show All\" data-gridshowallstyle=\"ts-color-button-green-sea-flat\" data-no-lazy=\"1\">#8<\/a><\/div><\/div><\/div><\/div><\/div><\/div>\n","protected":false},"excerpt":{"rendered":"Baraja Literaria de escritores de la literatura universal Baraja Literaria de escritores de la literatura universal que el ilustrador madrile\u00f1o Fernando Vicente ha realizado para&hellip;","protected":false},"featured_media":14378,"template":"","meta":[],"product_cat":[1696],"product_tag":[2137,2136,2142,3750,4232,404,405,3748,3752,2138],"class_list":{"0":"post-8266","1":"product","2":"type-product","3":"status-publish","4":"has-post-thumbnail","6":"product_cat-playing-cards-postcards","7":"product_tag-playing-cards-en","8":"product_tag-playing-cards","9":"product_tag-playing-card-en","10":"product_tag-playing-cards-en-2","11":"product_tag-playing-cards-of-universal-literature-autumn-fair-fernando-vicente-fair-of-old-and-antique-books-2024","12":"product_tag-portraits-en","13":"product_tag-portraits-en-2","14":"product_tag-spanish-literature-playing-cards","15":"product_tag-women-writers","16":"product_tag-writers-en","17":"product_shipping_class-libros-impresiones-barajas-postales-originales-en","18":"fb_product_set-tienda-online-woo","20":"first","21":"instock","22":"shipping-taxable","23":"purchasable","24":"product-type-simple"},"yoast_head":"<!-- This site is optimized with the Yoast SEO plugin v26.9 - https:\/\/yoast.com\/product\/yoast-seo-wordpress\/ -->\n<title>Literary Playing Cards<\/title>\n<meta name=\"description\" content=\"Playing cards of universal literature\" \/>\n<meta name=\"robots\" content=\"index, follow, max-snippet:-1, max-image-preview:large, max-video-preview:-1\" \/>\n<link rel=\"canonical\" href=\"https:\/\/www.fernandovicente.es\/en\/shop-online-prints-books-original-cards-postcards-calendars-fernando-vicente\/literary-playing-cards\/\" \/>\n<meta property=\"og:locale\" content=\"en_US\" \/>\n<meta property=\"og:type\" content=\"article\" \/>\n<meta property=\"og:title\" content=\"Literary Playing Cards\" \/>\n<meta property=\"og:description\" content=\"Playing cards of universal literature\" \/>\n<meta property=\"og:url\" content=\"https:\/\/www.fernandovicente.es\/en\/shop-online-prints-books-original-cards-postcards-calendars-fernando-vicente\/literary-playing-cards\/\" \/>\n<meta property=\"og:site_name\" content=\"Fernando Vicente\" \/>\n<meta property=\"article:publisher\" content=\"https:\/\/www.facebook.com\/FernandoVicenteIllustrator\/\" \/>\n<meta property=\"article:modified_time\" content=\"2025-08-09T09:25:49+00:00\" \/>\n<meta property=\"og:image\" content=\"https:\/\/www.fernandovicente.es\/wp-content\/uploads\/2015\/02\/Baraja-Literaria-de-escritores-de-Fernando-Vicente-portada.jpg\" \/>\n<meta name=\"twitter:card\" content=\"summary_large_image\" \/>\n<meta name=\"twitter:site\" content=\"@fvicente_illust\" \/>\n<meta name=\"twitter:label1\" content=\"Est. reading time\" \/>\n\t<meta name=\"twitter:data1\" content=\"1 minute\" \/>\n<script type=\"application\/ld+json\" class=\"yoast-schema-graph\">{\"@context\":\"https:\/\/schema.org\",\"@graph\":[{\"@type\":\"WebPage\",\"@id\":\"https:\/\/www.fernandovicente.es\/en\/shop-online-prints-books-original-cards-postcards-calendars-fernando-vicente\/literary-playing-cards\/\",\"url\":\"https:\/\/www.fernandovicente.es\/en\/shop-online-prints-books-original-cards-postcards-calendars-fernando-vicente\/literary-playing-cards\/\",\"name\":\"Literary Playing Cards\",\"isPartOf\":{\"@id\":\"https:\/\/www.fernandovicente.es\/en\/#website\"},\"primaryImageOfPage\":{\"@id\":\"https:\/\/www.fernandovicente.es\/en\/shop-online-prints-books-original-cards-postcards-calendars-fernando-vicente\/literary-playing-cards\/#primaryimage\"},\"image\":{\"@id\":\"https:\/\/www.fernandovicente.es\/en\/shop-online-prints-books-original-cards-postcards-calendars-fernando-vicente\/literary-playing-cards\/#primaryimage\"},\"thumbnailUrl\":\"https:\/\/www.fernandovicente.es\/wp-content\/uploads\/2019\/08\/Baraja-de-literatura-universal-copia-scaled.jpg\",\"datePublished\":\"2023-08-08T13:50:05+00:00\",\"dateModified\":\"2025-08-09T09:25:49+00:00\",\"description\":\"Playing cards of universal literature\",\"breadcrumb\":{\"@id\":\"https:\/\/www.fernandovicente.es\/en\/shop-online-prints-books-original-cards-postcards-calendars-fernando-vicente\/literary-playing-cards\/#breadcrumb\"},\"inLanguage\":\"en-US\",\"potentialAction\":[{\"@type\":\"ReadAction\",\"target\":[\"https:\/\/www.fernandovicente.es\/en\/shop-online-prints-books-original-cards-postcards-calendars-fernando-vicente\/literary-playing-cards\/\"]}]},{\"@type\":\"ImageObject\",\"inLanguage\":\"en-US\",\"@id\":\"https:\/\/www.fernandovicente.es\/en\/shop-online-prints-books-original-cards-postcards-calendars-fernando-vicente\/literary-playing-cards\/#primaryimage\",\"url\":\"https:\/\/www.fernandovicente.es\/wp-content\/uploads\/2019\/08\/Baraja-de-literatura-universal-copia-scaled.jpg\",\"contentUrl\":\"https:\/\/www.fernandovicente.es\/wp-content\/uploads\/2019\/08\/Baraja-de-literatura-universal-copia-scaled.jpg\",\"width\":2100,\"height\":2560,\"caption\":\"Playing cards of universal literature\"},{\"@type\":\"BreadcrumbList\",\"@id\":\"https:\/\/www.fernandovicente.es\/en\/shop-online-prints-books-original-cards-postcards-calendars-fernando-vicente\/literary-playing-cards\/#breadcrumb\",\"itemListElement\":[{\"@type\":\"ListItem\",\"position\":1,\"name\":\"Portada\",\"item\":\"https:\/\/www.fernandovicente.es\/en\/\"},{\"@type\":\"ListItem\",\"position\":2,\"name\":\"Shop Online\",\"item\":\"https:\/\/www.fernandovicente.es\/en\/shop-online-prints-books-original-cards-postcards-calendars-fernando-vicente\/\"},{\"@type\":\"ListItem\",\"position\":3,\"name\":\"Literary Playing Cards\"}]},{\"@type\":\"WebSite\",\"@id\":\"https:\/\/www.fernandovicente.es\/en\/#website\",\"url\":\"https:\/\/www.fernandovicente.es\/en\/\",\"name\":\"Fernando Vicente\",\"description\":\"Ilustraci\u00f3n\",\"publisher\":{\"@id\":\"https:\/\/www.fernandovicente.es\/en\/#\/schema\/person\/d49677cb48f2ea656b28261dd8f75d7f\"},\"potentialAction\":[{\"@type\":\"SearchAction\",\"target\":{\"@type\":\"EntryPoint\",\"urlTemplate\":\"https:\/\/www.fernandovicente.es\/en\/?s={search_term_string}\"},\"query-input\":{\"@type\":\"PropertyValueSpecification\",\"valueRequired\":true,\"valueName\":\"search_term_string\"}}],\"inLanguage\":\"en-US\"},{\"@type\":[\"Person\",\"Organization\"],\"@id\":\"https:\/\/www.fernandovicente.es\/en\/#\/schema\/person\/d49677cb48f2ea656b28261dd8f75d7f\",\"name\":\"Fernando Vicente\",\"image\":{\"@type\":\"ImageObject\",\"inLanguage\":\"en-US\",\"@id\":\"https:\/\/www.fernandovicente.es\/en\/#\/schema\/person\/image\/\",\"url\":\"https:\/\/www.fernandovicente.es\/wp-content\/uploads\/2014\/11\/fernando-vicente-Foto-e1419619123418.jpg\",\"contentUrl\":\"https:\/\/www.fernandovicente.es\/wp-content\/uploads\/2014\/11\/fernando-vicente-Foto-e1419619123418.jpg\",\"width\":300,\"height\":300,\"caption\":\"Fernando Vicente\"},\"logo\":{\"@id\":\"https:\/\/www.fernandovicente.es\/en\/#\/schema\/person\/image\/\"},\"description\":\"Fernando Vicente - Painter &amp; illustrator\",\"sameAs\":[\"http:\/\/www.fernandovicente.es\",\"https:\/\/www.facebook.com\/FernandoVicenteIllustrator\/\",\"https:\/\/www.instagram.com\/fvicente_illust\/\",\"https:\/\/www.linkedin.com\/in\/fernando-vicente-97595012\",\"https:\/\/www.pinterest.es\/FVicente_illust\/\",\"https:\/\/x.com\/https:\/\/twitter.com\/fvicente_illust\"]}]}<\/script>\n<!-- \/ Yoast SEO plugin. -->","yoast_head_json":{"title":"Literary Playing Cards","description":"Playing cards of universal literature","robots":{"index":"index","follow":"follow","max-snippet":"max-snippet:-1","max-image-preview":"max-image-preview:large","max-video-preview":"max-video-preview:-1"},"canonical":"https:\/\/www.fernandovicente.es\/en\/shop-online-prints-books-original-cards-postcards-calendars-fernando-vicente\/literary-playing-cards\/","og_locale":"en_US","og_type":"article","og_title":"Literary Playing Cards","og_description":"Playing cards of universal literature","og_url":"https:\/\/www.fernandovicente.es\/en\/shop-online-prints-books-original-cards-postcards-calendars-fernando-vicente\/literary-playing-cards\/","og_site_name":"Fernando Vicente","article_publisher":"https:\/\/www.facebook.com\/FernandoVicenteIllustrator\/","article_modified_time":"2025-08-09T09:25:49+00:00","og_image":[{"url":"https:\/\/www.fernandovicente.es\/wp-content\/uploads\/2015\/02\/Baraja-Literaria-de-escritores-de-Fernando-Vicente-portada.jpg","type":"","width":"","height":""}],"twitter_card":"summary_large_image","twitter_site":"@fvicente_illust","twitter_misc":{"Est. reading time":"1 minute"},"schema":{"@context":"https:\/\/schema.org","@graph":[{"@type":"WebPage","@id":"https:\/\/www.fernandovicente.es\/en\/shop-online-prints-books-original-cards-postcards-calendars-fernando-vicente\/literary-playing-cards\/","url":"https:\/\/www.fernandovicente.es\/en\/shop-online-prints-books-original-cards-postcards-calendars-fernando-vicente\/literary-playing-cards\/","name":"Literary Playing Cards","isPartOf":{"@id":"https:\/\/www.fernandovicente.es\/en\/#website"},"primaryImageOfPage":{"@id":"https:\/\/www.fernandovicente.es\/en\/shop-online-prints-books-original-cards-postcards-calendars-fernando-vicente\/literary-playing-cards\/#primaryimage"},"image":{"@id":"https:\/\/www.fernandovicente.es\/en\/shop-online-prints-books-original-cards-postcards-calendars-fernando-vicente\/literary-playing-cards\/#primaryimage"},"thumbnailUrl":"https:\/\/www.fernandovicente.es\/wp-content\/uploads\/2019\/08\/Baraja-de-literatura-universal-copia-scaled.jpg","datePublished":"2023-08-08T13:50:05+00:00","dateModified":"2025-08-09T09:25:49+00:00","description":"Playing cards of universal literature","breadcrumb":{"@id":"https:\/\/www.fernandovicente.es\/en\/shop-online-prints-books-original-cards-postcards-calendars-fernando-vicente\/literary-playing-cards\/#breadcrumb"},"inLanguage":"en-US","potentialAction":[{"@type":"ReadAction","target":["https:\/\/www.fernandovicente.es\/en\/shop-online-prints-books-original-cards-postcards-calendars-fernando-vicente\/literary-playing-cards\/"]}]},{"@type":"ImageObject","inLanguage":"en-US","@id":"https:\/\/www.fernandovicente.es\/en\/shop-online-prints-books-original-cards-postcards-calendars-fernando-vicente\/literary-playing-cards\/#primaryimage","url":"https:\/\/www.fernandovicente.es\/wp-content\/uploads\/2019\/08\/Baraja-de-literatura-universal-copia-scaled.jpg","contentUrl":"https:\/\/www.fernandovicente.es\/wp-content\/uploads\/2019\/08\/Baraja-de-literatura-universal-copia-scaled.jpg","width":2100,"height":2560,"caption":"Playing cards of universal literature"},{"@type":"BreadcrumbList","@id":"https:\/\/www.fernandovicente.es\/en\/shop-online-prints-books-original-cards-postcards-calendars-fernando-vicente\/literary-playing-cards\/#breadcrumb","itemListElement":[{"@type":"ListItem","position":1,"name":"Portada","item":"https:\/\/www.fernandovicente.es\/en\/"},{"@type":"ListItem","position":2,"name":"Shop Online","item":"https:\/\/www.fernandovicente.es\/en\/shop-online-prints-books-original-cards-postcards-calendars-fernando-vicente\/"},{"@type":"ListItem","position":3,"name":"Literary Playing Cards"}]},{"@type":"WebSite","@id":"https:\/\/www.fernandovicente.es\/en\/#website","url":"https:\/\/www.fernandovicente.es\/en\/","name":"Fernando Vicente","description":"Ilustraci\u00f3n","publisher":{"@id":"https:\/\/www.fernandovicente.es\/en\/#\/schema\/person\/d49677cb48f2ea656b28261dd8f75d7f"},"potentialAction":[{"@type":"SearchAction","target":{"@type":"EntryPoint","urlTemplate":"https:\/\/www.fernandovicente.es\/en\/?s={search_term_string}"},"query-input":{"@type":"PropertyValueSpecification","valueRequired":true,"valueName":"search_term_string"}}],"inLanguage":"en-US"},{"@type":["Person","Organization"],"@id":"https:\/\/www.fernandovicente.es\/en\/#\/schema\/person\/d49677cb48f2ea656b28261dd8f75d7f","name":"Fernando Vicente","image":{"@type":"ImageObject","inLanguage":"en-US","@id":"https:\/\/www.fernandovicente.es\/en\/#\/schema\/person\/image\/","url":"https:\/\/www.fernandovicente.es\/wp-content\/uploads\/2014\/11\/fernando-vicente-Foto-e1419619123418.jpg","contentUrl":"https:\/\/www.fernandovicente.es\/wp-content\/uploads\/2014\/11\/fernando-vicente-Foto-e1419619123418.jpg","width":300,"height":300,"caption":"Fernando Vicente"},"logo":{"@id":"https:\/\/www.fernandovicente.es\/en\/#\/schema\/person\/image\/"},"description":"Fernando Vicente - Painter &amp; illustrator","sameAs":["http:\/\/www.fernandovicente.es","https:\/\/www.facebook.com\/FernandoVicenteIllustrator\/","https:\/\/www.instagram.com\/fvicente_illust\/","https:\/\/www.linkedin.com\/in\/fernando-vicente-97595012","https:\/\/www.pinterest.es\/FVicente_illust\/","https:\/\/x.com\/https:\/\/twitter.com\/fvicente_illust"]}]}},"_links":{"self":[{"href":"https:\/\/www.fernandovicente.es\/en\/wp-json\/wp\/v2\/product\/8266","targetHints":{"allow":["GET"]}}],"collection":[{"href":"https:\/\/www.fernandovicente.es\/en\/wp-json\/wp\/v2\/product"}],"about":[{"href":"https:\/\/www.fernandovicente.es\/en\/wp-json\/wp\/v2\/types\/product"}],"wp:featuredmedia":[{"embeddable":true,"href":"https:\/\/www.fernandovicente.es\/en\/wp-json\/wp\/v2\/media\/14378"}],"wp:attachment":[{"href":"https:\/\/www.fernandovicente.es\/en\/wp-json\/wp\/v2\/media?parent=8266"}],"wp:term":[{"taxonomy":"product_cat","embeddable":true,"href":"https:\/\/www.fernandovicente.es\/en\/wp-json\/wp\/v2\/product_cat?post=8266"},{"taxonomy":"product_tag","embeddable":true,"href":"https:\/\/www.fernandovicente.es\/en\/wp-json\/wp\/v2\/product_tag?post=8266"}],"curies":[{"name":"wp","href":"https:\/\/api.w.org\/{rel}","templated":true}]}}