{"id":9705,"date":"2021-01-25T17:56:10","date_gmt":"2021-01-25T17:56:10","guid":{"rendered":"https:\/\/www.fernandovicente.es\/?post_type=product&#038;p=9705"},"modified":"2026-01-10T20:36:31","modified_gmt":"2026-01-10T18:36:31","slug":"pinups-impresiones-sobre-papel","status":"publish","type":"product","link":"https:\/\/www.fernandovicente.es\/en\/shop-online-prints-books-original-cards-postcards-calendars-fernando-vicente\/pinups-impresiones-sobre-papel\/","title":{"rendered":"Pinups Impresiones sobre papel"},"content":{"rendered":"<h1>Pinups Impresiones sobre papel<\/h1>\n<p>Pinups Impresiones sobre papel Hahnemu\u0308hle fine art de alta calidad.<\/p>\n<p>Calidad de impresion Gicl\u00e9e print. <span class=\"hps\">Ahora<\/span> e<span class=\"hps\">st\u00e1n disponibles en estos<\/span> <span class=\"hps\">tama\u00f1os<\/span> 30<span class=\"hps\">x40cm<\/span> <span class=\"hps atn\">(50<\/span> <span class=\"hps\">\u20ac<\/span>) <span class=\"hps\">42x59cm<\/span> <span class=\"hps atn\">(75<\/span> <span class=\"hps\">\u20ac<\/span>)<\/p>\n<p>Pinups como Blonde, Heart, Racer, music, magazines o Red chair de la <a href=\"https:\/\/www.fernandovicente.es\/ilustracion\/pin-up\/\">serie Pinups<\/a> o <a href=\"https:\/\/fernandovicentepinups.blogspot.com\/\">Pinup blog<\/a><\/p>\n<form class=\"cart\" enctype=\"multipart\/form-data\" method=\"post\"><\/form>\n","protected":false},"excerpt":{"rendered":"<p>Pinups Impresiones sobre papel Pinups Impresiones sobre papel Hahnemu\u0308hle fine art de alta calidad. Calidad de impresion Gicl\u00e9e print. Ahora est\u00e1n disponibles en estos tama\u00f1os&hellip;<\/p>\n","protected":false},"featured_media":9763,"template":"","meta":[],"product_cat":[1292,456,2622],"product_tag":[2817,150,2818,2819,262,2820,2821],"class_list":{"0":"post-9705","1":"product","2":"type-product","3":"status-publish","4":"has-post-thumbnail","6":"product_cat-big-prints-giglee-en","7":"product_cat-prints-en","8":"product_cat-prints-giclee-en","9":"product_tag-blonde-en","10":"product_tag-impresiones-en","11":"product_tag-pin-ups-en","12":"product_tag-pinups-en","13":"product_tag-prints-en","14":"product_tag-racer-en","15":"product_tag-red-chair-en","16":"product_shipping_class-libros-impresiones-barajas-postales-originales-en","17":"pa_color-blonde-en","18":"pa_color-cabaret-en","19":"pa_color-cafe-en","20":"pa_color-corazon-en","21":"pa_color-magazines-en","22":"pa_color-marinera-en","23":"pa_color-music-en","24":"pa_color-osito-en","25":"pa_color-pirata-en","26":"pa_color-racer-en","27":"pa_color-red-chair-en","28":"pa_color-tattoo-en","29":"pa_tamano-30-x-40-cm","30":"pa_tamano-42-x-59-en","32":"first","33":"instock","34":"featured","35":"shipping-taxable","36":"purchasable","37":"product-type-variable","38":"wvs-archive-product-wrapper"},"yoast_head":"<!-- This site is optimized with the Yoast SEO plugin v26.9 - https:\/\/yoast.com\/product\/yoast-seo-wordpress\/ -->\n<title>Pinups Impresiones sobre papel - Fernando Vicente<\/title>\n<meta name=\"description\" content=\"Pinups Impresiones sobre papel Hahnemu\u0308hle fine art de alta calidad. Calidad de impresion Gicl\u00e9e print. Prints 30x40cm (50\u20ac) y 42x59cm (75\u20ac)\" \/>\n<meta name=\"robots\" content=\"index, follow, max-snippet:-1, max-image-preview:large, max-video-preview:-1\" \/>\n<link rel=\"canonical\" href=\"https:\/\/www.fernandovicente.es\/en\/shop-online-prints-books-original-cards-postcards-calendars-fernando-vicente\/pinups-impresiones-sobre-papel\/\" \/>\n<meta property=\"og:locale\" content=\"en_US\" \/>\n<meta property=\"og:type\" content=\"article\" \/>\n<meta property=\"og:title\" content=\"Pinups Impresiones sobre papel - Fernando Vicente\" \/>\n<meta property=\"og:description\" content=\"Pinups Impresiones sobre papel Hahnemu\u0308hle fine art de alta calidad. Calidad de impresion Gicl\u00e9e print. Prints 30x40cm (50\u20ac) y 42x59cm (75\u20ac)\" \/>\n<meta property=\"og:url\" content=\"https:\/\/www.fernandovicente.es\/en\/shop-online-prints-books-original-cards-postcards-calendars-fernando-vicente\/pinups-impresiones-sobre-papel\/\" \/>\n<meta property=\"og:site_name\" content=\"Fernando Vicente\" \/>\n<meta property=\"article:publisher\" content=\"https:\/\/www.facebook.com\/FernandoVicenteIllustrator\/\" \/>\n<meta property=\"article:modified_time\" content=\"2026-01-10T18:36:31+00:00\" \/>\n<meta property=\"og:image\" content=\"https:\/\/www.fernandovicente.es\/wp-content\/uploads\/2014\/11\/Cabecera-Impersiones-e1519760225950.jpg\" \/>\n<meta name=\"twitter:card\" content=\"summary_large_image\" \/>\n<meta name=\"twitter:site\" content=\"@fvicente_illust\" \/>\n<script type=\"application\/ld+json\" class=\"yoast-schema-graph\">{\"@context\":\"https:\/\/schema.org\",\"@graph\":[{\"@type\":\"WebPage\",\"@id\":\"https:\/\/www.fernandovicente.es\/en\/shop-online-prints-books-original-cards-postcards-calendars-fernando-vicente\/pinups-impresiones-sobre-papel\/\",\"url\":\"https:\/\/www.fernandovicente.es\/en\/shop-online-prints-books-original-cards-postcards-calendars-fernando-vicente\/pinups-impresiones-sobre-papel\/\",\"name\":\"Pinups Impresiones sobre papel - Fernando Vicente\",\"isPartOf\":{\"@id\":\"https:\/\/www.fernandovicente.es\/en\/#website\"},\"primaryImageOfPage\":{\"@id\":\"https:\/\/www.fernandovicente.es\/en\/shop-online-prints-books-original-cards-postcards-calendars-fernando-vicente\/pinups-impresiones-sobre-papel\/#primaryimage\"},\"image\":{\"@id\":\"https:\/\/www.fernandovicente.es\/en\/shop-online-prints-books-original-cards-postcards-calendars-fernando-vicente\/pinups-impresiones-sobre-papel\/#primaryimage\"},\"thumbnailUrl\":\"https:\/\/www.fernandovicente.es\/wp-content\/uploads\/2021\/01\/Pinups-Impresiones-sobre-papel-Fernando-Vicente-racer-copia.jpg\",\"datePublished\":\"2021-01-25T17:56:10+00:00\",\"dateModified\":\"2026-01-10T18:36:31+00:00\",\"description\":\"Pinups Impresiones sobre papel Hahnemu\u0308hle fine art de alta calidad. Calidad de impresion Gicl\u00e9e print. Prints 30x40cm (50\u20ac) y 42x59cm (75\u20ac)\",\"breadcrumb\":{\"@id\":\"https:\/\/www.fernandovicente.es\/en\/shop-online-prints-books-original-cards-postcards-calendars-fernando-vicente\/pinups-impresiones-sobre-papel\/#breadcrumb\"},\"inLanguage\":\"en-US\",\"potentialAction\":[{\"@type\":\"ReadAction\",\"target\":[\"https:\/\/www.fernandovicente.es\/en\/shop-online-prints-books-original-cards-postcards-calendars-fernando-vicente\/pinups-impresiones-sobre-papel\/\"]}]},{\"@type\":\"ImageObject\",\"inLanguage\":\"en-US\",\"@id\":\"https:\/\/www.fernandovicente.es\/en\/shop-online-prints-books-original-cards-postcards-calendars-fernando-vicente\/pinups-impresiones-sobre-papel\/#primaryimage\",\"url\":\"https:\/\/www.fernandovicente.es\/wp-content\/uploads\/2021\/01\/Pinups-Impresiones-sobre-papel-Fernando-Vicente-racer-copia.jpg\",\"contentUrl\":\"https:\/\/www.fernandovicente.es\/wp-content\/uploads\/2021\/01\/Pinups-Impresiones-sobre-papel-Fernando-Vicente-racer-copia.jpg\",\"width\":636,\"height\":900,\"caption\":\"Pinups Impresiones sobre papel Fernando Vicente racer\"},{\"@type\":\"BreadcrumbList\",\"@id\":\"https:\/\/www.fernandovicente.es\/en\/shop-online-prints-books-original-cards-postcards-calendars-fernando-vicente\/pinups-impresiones-sobre-papel\/#breadcrumb\",\"itemListElement\":[{\"@type\":\"ListItem\",\"position\":1,\"name\":\"Portada\",\"item\":\"https:\/\/www.fernandovicente.es\/en\/\"},{\"@type\":\"ListItem\",\"position\":2,\"name\":\"Shop Online\",\"item\":\"https:\/\/www.fernandovicente.es\/en\/shop-online-prints-books-original-cards-postcards-calendars-fernando-vicente\/\"},{\"@type\":\"ListItem\",\"position\":3,\"name\":\"Pinups Impresiones sobre papel\"}]},{\"@type\":\"WebSite\",\"@id\":\"https:\/\/www.fernandovicente.es\/en\/#website\",\"url\":\"https:\/\/www.fernandovicente.es\/en\/\",\"name\":\"Fernando Vicente\",\"description\":\"Ilustraci\u00f3n\",\"publisher\":{\"@id\":\"https:\/\/www.fernandovicente.es\/en\/#\/schema\/person\/d49677cb48f2ea656b28261dd8f75d7f\"},\"potentialAction\":[{\"@type\":\"SearchAction\",\"target\":{\"@type\":\"EntryPoint\",\"urlTemplate\":\"https:\/\/www.fernandovicente.es\/en\/?s={search_term_string}\"},\"query-input\":{\"@type\":\"PropertyValueSpecification\",\"valueRequired\":true,\"valueName\":\"search_term_string\"}}],\"inLanguage\":\"en-US\"},{\"@type\":[\"Person\",\"Organization\"],\"@id\":\"https:\/\/www.fernandovicente.es\/en\/#\/schema\/person\/d49677cb48f2ea656b28261dd8f75d7f\",\"name\":\"Fernando Vicente\",\"image\":{\"@type\":\"ImageObject\",\"inLanguage\":\"en-US\",\"@id\":\"https:\/\/www.fernandovicente.es\/en\/#\/schema\/person\/image\/\",\"url\":\"https:\/\/www.fernandovicente.es\/wp-content\/uploads\/2014\/11\/fernando-vicente-Foto-e1419619123418.jpg\",\"contentUrl\":\"https:\/\/www.fernandovicente.es\/wp-content\/uploads\/2014\/11\/fernando-vicente-Foto-e1419619123418.jpg\",\"width\":300,\"height\":300,\"caption\":\"Fernando Vicente\"},\"logo\":{\"@id\":\"https:\/\/www.fernandovicente.es\/en\/#\/schema\/person\/image\/\"},\"description\":\"Fernando Vicente - Painter &amp; illustrator\",\"sameAs\":[\"http:\/\/www.fernandovicente.es\",\"https:\/\/www.facebook.com\/FernandoVicenteIllustrator\/\",\"https:\/\/www.instagram.com\/fvicente_illust\/\",\"https:\/\/www.linkedin.com\/in\/fernando-vicente-97595012\",\"https:\/\/www.pinterest.es\/FVicente_illust\/\",\"https:\/\/x.com\/https:\/\/twitter.com\/fvicente_illust\"]}]}<\/script>\n<!-- \/ Yoast SEO plugin. -->","yoast_head_json":{"title":"Pinups Impresiones sobre papel - Fernando Vicente","description":"Pinups Impresiones sobre papel Hahnemu\u0308hle fine art de alta calidad. Calidad de impresion Gicl\u00e9e print. Prints 30x40cm (50\u20ac) y 42x59cm (75\u20ac)","robots":{"index":"index","follow":"follow","max-snippet":"max-snippet:-1","max-image-preview":"max-image-preview:large","max-video-preview":"max-video-preview:-1"},"canonical":"https:\/\/www.fernandovicente.es\/en\/shop-online-prints-books-original-cards-postcards-calendars-fernando-vicente\/pinups-impresiones-sobre-papel\/","og_locale":"en_US","og_type":"article","og_title":"Pinups Impresiones sobre papel - Fernando Vicente","og_description":"Pinups Impresiones sobre papel Hahnemu\u0308hle fine art de alta calidad. Calidad de impresion Gicl\u00e9e print. Prints 30x40cm (50\u20ac) y 42x59cm (75\u20ac)","og_url":"https:\/\/www.fernandovicente.es\/en\/shop-online-prints-books-original-cards-postcards-calendars-fernando-vicente\/pinups-impresiones-sobre-papel\/","og_site_name":"Fernando Vicente","article_publisher":"https:\/\/www.facebook.com\/FernandoVicenteIllustrator\/","article_modified_time":"2026-01-10T18:36:31+00:00","og_image":[{"url":"https:\/\/www.fernandovicente.es\/wp-content\/uploads\/2014\/11\/Cabecera-Impersiones-e1519760225950.jpg","type":"","width":"","height":""}],"twitter_card":"summary_large_image","twitter_site":"@fvicente_illust","schema":{"@context":"https:\/\/schema.org","@graph":[{"@type":"WebPage","@id":"https:\/\/www.fernandovicente.es\/en\/shop-online-prints-books-original-cards-postcards-calendars-fernando-vicente\/pinups-impresiones-sobre-papel\/","url":"https:\/\/www.fernandovicente.es\/en\/shop-online-prints-books-original-cards-postcards-calendars-fernando-vicente\/pinups-impresiones-sobre-papel\/","name":"Pinups Impresiones sobre papel - Fernando Vicente","isPartOf":{"@id":"https:\/\/www.fernandovicente.es\/en\/#website"},"primaryImageOfPage":{"@id":"https:\/\/www.fernandovicente.es\/en\/shop-online-prints-books-original-cards-postcards-calendars-fernando-vicente\/pinups-impresiones-sobre-papel\/#primaryimage"},"image":{"@id":"https:\/\/www.fernandovicente.es\/en\/shop-online-prints-books-original-cards-postcards-calendars-fernando-vicente\/pinups-impresiones-sobre-papel\/#primaryimage"},"thumbnailUrl":"https:\/\/www.fernandovicente.es\/wp-content\/uploads\/2021\/01\/Pinups-Impresiones-sobre-papel-Fernando-Vicente-racer-copia.jpg","datePublished":"2021-01-25T17:56:10+00:00","dateModified":"2026-01-10T18:36:31+00:00","description":"Pinups Impresiones sobre papel Hahnemu\u0308hle fine art de alta calidad. Calidad de impresion Gicl\u00e9e print. Prints 30x40cm (50\u20ac) y 42x59cm (75\u20ac)","breadcrumb":{"@id":"https:\/\/www.fernandovicente.es\/en\/shop-online-prints-books-original-cards-postcards-calendars-fernando-vicente\/pinups-impresiones-sobre-papel\/#breadcrumb"},"inLanguage":"en-US","potentialAction":[{"@type":"ReadAction","target":["https:\/\/www.fernandovicente.es\/en\/shop-online-prints-books-original-cards-postcards-calendars-fernando-vicente\/pinups-impresiones-sobre-papel\/"]}]},{"@type":"ImageObject","inLanguage":"en-US","@id":"https:\/\/www.fernandovicente.es\/en\/shop-online-prints-books-original-cards-postcards-calendars-fernando-vicente\/pinups-impresiones-sobre-papel\/#primaryimage","url":"https:\/\/www.fernandovicente.es\/wp-content\/uploads\/2021\/01\/Pinups-Impresiones-sobre-papel-Fernando-Vicente-racer-copia.jpg","contentUrl":"https:\/\/www.fernandovicente.es\/wp-content\/uploads\/2021\/01\/Pinups-Impresiones-sobre-papel-Fernando-Vicente-racer-copia.jpg","width":636,"height":900,"caption":"Pinups Impresiones sobre papel Fernando Vicente racer"},{"@type":"BreadcrumbList","@id":"https:\/\/www.fernandovicente.es\/en\/shop-online-prints-books-original-cards-postcards-calendars-fernando-vicente\/pinups-impresiones-sobre-papel\/#breadcrumb","itemListElement":[{"@type":"ListItem","position":1,"name":"Portada","item":"https:\/\/www.fernandovicente.es\/en\/"},{"@type":"ListItem","position":2,"name":"Shop Online","item":"https:\/\/www.fernandovicente.es\/en\/shop-online-prints-books-original-cards-postcards-calendars-fernando-vicente\/"},{"@type":"ListItem","position":3,"name":"Pinups Impresiones sobre papel"}]},{"@type":"WebSite","@id":"https:\/\/www.fernandovicente.es\/en\/#website","url":"https:\/\/www.fernandovicente.es\/en\/","name":"Fernando Vicente","description":"Ilustraci\u00f3n","publisher":{"@id":"https:\/\/www.fernandovicente.es\/en\/#\/schema\/person\/d49677cb48f2ea656b28261dd8f75d7f"},"potentialAction":[{"@type":"SearchAction","target":{"@type":"EntryPoint","urlTemplate":"https:\/\/www.fernandovicente.es\/en\/?s={search_term_string}"},"query-input":{"@type":"PropertyValueSpecification","valueRequired":true,"valueName":"search_term_string"}}],"inLanguage":"en-US"},{"@type":["Person","Organization"],"@id":"https:\/\/www.fernandovicente.es\/en\/#\/schema\/person\/d49677cb48f2ea656b28261dd8f75d7f","name":"Fernando Vicente","image":{"@type":"ImageObject","inLanguage":"en-US","@id":"https:\/\/www.fernandovicente.es\/en\/#\/schema\/person\/image\/","url":"https:\/\/www.fernandovicente.es\/wp-content\/uploads\/2014\/11\/fernando-vicente-Foto-e1419619123418.jpg","contentUrl":"https:\/\/www.fernandovicente.es\/wp-content\/uploads\/2014\/11\/fernando-vicente-Foto-e1419619123418.jpg","width":300,"height":300,"caption":"Fernando Vicente"},"logo":{"@id":"https:\/\/www.fernandovicente.es\/en\/#\/schema\/person\/image\/"},"description":"Fernando Vicente - Painter &amp; illustrator","sameAs":["http:\/\/www.fernandovicente.es","https:\/\/www.facebook.com\/FernandoVicenteIllustrator\/","https:\/\/www.instagram.com\/fvicente_illust\/","https:\/\/www.linkedin.com\/in\/fernando-vicente-97595012","https:\/\/www.pinterest.es\/FVicente_illust\/","https:\/\/x.com\/https:\/\/twitter.com\/fvicente_illust"]}]}},"_links":{"self":[{"href":"https:\/\/www.fernandovicente.es\/en\/wp-json\/wp\/v2\/product\/9705","targetHints":{"allow":["GET"]}}],"collection":[{"href":"https:\/\/www.fernandovicente.es\/en\/wp-json\/wp\/v2\/product"}],"about":[{"href":"https:\/\/www.fernandovicente.es\/en\/wp-json\/wp\/v2\/types\/product"}],"wp:featuredmedia":[{"embeddable":true,"href":"https:\/\/www.fernandovicente.es\/en\/wp-json\/wp\/v2\/media\/9763"}],"wp:attachment":[{"href":"https:\/\/www.fernandovicente.es\/en\/wp-json\/wp\/v2\/media?parent=9705"}],"wp:term":[{"taxonomy":"product_cat","embeddable":true,"href":"https:\/\/www.fernandovicente.es\/en\/wp-json\/wp\/v2\/product_cat?post=9705"},{"taxonomy":"product_tag","embeddable":true,"href":"https:\/\/www.fernandovicente.es\/en\/wp-json\/wp\/v2\/product_tag?post=9705"}],"curies":[{"name":"wp","href":"https:\/\/api.w.org\/{rel}","templated":true}]}}